{"id":416,"date":"2017-10-27T13:02:22","date_gmt":"2017-10-27T12:02:22","guid":{"rendered":"https:\/\/the7.io\/agency\/?page_id=2"},"modified":"2020-10-09T11:46:33","modified_gmt":"2020-10-09T11:46:33","slug":"home","status":"publish","type":"page","link":"https:\/\/www.turkinkjet.com\/tr\/","title":{"rendered":"Home"},"content":{"rendered":"<body><p><\/p>[vc_row css=\u201d.vc_custom_1509351079558{padding-top: 80px !important;padding-bottom: 100px !important;}\u201d el_id=\u201dabout\u201d][vc_column][vc_column_text]\n<h2><strong><em>Ho\u015f Geldiniz,<\/em><\/strong><\/h2>\n<p><em><strong>1998\u2019den beri m\u00fcrekkepli \u2013 m\u00fcrekkepsiz \/ temasl\u0131 \u2013 temass\u0131z kodlama, markalama, tarihleme, barkod, karekod, QR kod ve her t\u00fcrl\u00fc g\u0131da, ila\u00e7 takip sistemi (\u0130TS) konular\u0131nda uzmanla\u015fm\u0131\u015f ekip, alt yap\u0131 ve sekt\u00f6rel deneyim.<\/strong><\/em><\/p>\n<p><img decoding=\"async\" class=\"alignnone wp-image-2871\" src=\"https:\/\/www.turkinkjet.com\/wp-content\/uploads\/2020\/02\/Videojet-b%C3%BCt%C3%BCn-sarflar-3-300x300.jpg\" alt=\"\" width=\"100\" height=\"100\" loading=\"lazy\"><img decoding=\"async\" class=\"alignnone wp-image-2409\" src=\"https:\/\/www.turkinkjet.com\/wp-content\/uploads\/2019\/11\/citronix-sarf-malzeme-kartu-300x300.jpg\" alt=\"citronix sarf malzeme kartu\u015f\" width=\"100\" height=\"100\" loading=\"lazy\" srcset=\"https:\/\/www.turkinkjet.com\/tr\/wp-content\/uploads\/2019\/11\/citronix-sarf-malzeme-kartu-300x300.jpg 300w, https:\/\/www.turkinkjet.com\/tr\/wp-content\/uploads\/2019\/11\/citronix-sarf-malzeme-kartu-150x150.jpg 150w, https:\/\/www.turkinkjet.com\/tr\/wp-content\/uploads\/2019\/11\/citronix-sarf-malzeme-kartu.jpg 600w\" sizes=\"(max-width: 100px) 100vw, 100px\" \/><\/p>\n<p>T\u00fcrkinkjet; 1998 y\u0131l\u0131ndan bug\u00fcnlere gelen sekt\u00f6rel deneyimi ile \u00fcretilen ilk \u00fcr\u00fcnden, en son \u00fcr\u00fcn paletine kadar; MEK \u2013 alkol \u2013 su bazl\u0131 m\u00fcrekkepler ile \u00e7al\u0131\u015fan noktasal matris (dot-matrix) ink-jet (CIJ), valf-jet, Drop On Demand (DOD) inkjet yaz\u0131c\u0131lar, emici ve emici olmayan y\u00fczeylere uygun y\u00fcksek \u00e7\u00f6z\u00fcn\u00fcrl\u00fckl\u00fc su (water based) veya solvent bazl\u0131 HP kartu\u015f sistemli termal ink-jet (TIJ) yaz\u0131c\u0131lar, ya\u011f (oil based ink) veya UV bazl\u0131 m\u00fcrekkep ile \u00e7al\u0131\u015fan y\u00fcksek \u00e7\u00f6z\u00fcn\u00fcrl\u00fckl\u00fc (Hi-Resolution Piezo) koli kodlama sistemleri, statik ve\/veya dinamik, vekt\u00f6rel ve kaz\u0131ma (scribing) CO2, fiber, NdYag lazer markalama cihazlar\u0131, Wax ve\/veya Resin tipi ribon \u00e7\u00f6z\u00fcmleri ile termal transfer (TTO) bask\u0131 sistemleri ve yaz yap\u0131\u015ft\u0131r (P&amp;A) palet etiketleme, kodlama, markalama, tarihleme gibi, her t\u00fcrl\u00fc temasl\u0131 ve\/veya temass\u0131z bask\u0131 sekt\u00f6r\u00fcndeki g\u00fcncel teknolojileri m\u00fc\u015fterilerine ile hizmet vermektedir.<\/p>\n<h2 data-wp-editing=\"1\"><img decoding=\"async\" class=\"alignnone wp-image-2832\" style=\"font-size: 14px; font-weight: normal;\" src=\"https:\/\/www.turkinkjet.com\/wp-content\/uploads\/2020\/02\/Domino-825ML-MAKE-UP-%C4%B0NCELT%C4%B0C%C4%B0-KARTU%C5%9E-MC-BK270-150x150.jpg\" alt=\"\" width=\"100\" height=\"100\" loading=\"lazy\"><img decoding=\"async\" class=\"alignnone wp-image-2851\" src=\"https:\/\/www.turkinkjet.com\/wp-content\/uploads\/2020\/02\/MARKEM-IMAJE-INK-M%C3%9CREKKEP-MAKE-UP-%C4%B0NCELT%C4%B0C%C4%B0-3-150x150.jpg\" alt=\"\" width=\"100\" height=\"100\" loading=\"lazy\"><\/h2>\n<p>Gerek k\u00fc\u00e7\u00fck, orta ve b\u00fcy\u00fck \u00f6l\u00e7ekli yerli-yabanc\u0131, gerekse kendini d\u00fcnya \u00e7ap\u0131nda kan\u0131tlam\u0131\u015f \u00e7okuluslu \u00fcretici firmalar\u0131n her t\u00fcrl\u00fc tarihleme, kodlama, markalama, etiketleme konusundaki t\u00fcm ihtiya\u00e7lar\u0131na gerek orijinal, gerek ise Almanya, \u0130ngiltere, Amerika men\u015feili bire bir ve %100 uyumlu m\u00fcrekkep (ink), inceltici (makeup), y\u0131kama sol\u00fcsyonu (solvent) gibi sarf malzeme ve filtre (filter) bak\u0131m, pompa (pump) onar\u0131m, meme (nozzle), viskometre, geri d\u00f6n\u00fc\u015f borusu (gutter), transducer (bas\u0131n\u00e7 \u00f6l\u00e7er), charge elektrod (\u015farj elektrodu), deflector plate (deflat\u00f6r plakas\u0131 veya sapt\u0131rma aynas\u0131), drive rod, drop generator, drop resonator gibi %100 uyumlu yedek par\u00e7alar ile Citronix, VideoJet, Markem, \u0130maje, Linx ve bunun gibi ink-jet kodlama, markalama ve tarihleme makinalar\u0131 ile ilgili olan t\u00fcm soru ve \u015fikayetlerinizi en d\u00fc\u015f\u00fck maliyetler ile en ekonomik \u015fekilde \u00e7\u00f6zmektedir.<\/p>\n<h2 data-wp-editing=\"1\"><img decoding=\"async\" class=\"alignnone wp-image-2642\" src=\"https:\/\/www.turkinkjet.com\/wp-content\/uploads\/2020\/02\/Domino-for-Domino-ETH-module-DB12170-for-Domino-A100-A200-A300-A-series-Printer.jpg_640x640-150x150.jpg\" alt=\"\" width=\"100\" height=\"100\" loading=\"lazy\" srcset=\"https:\/\/www.turkinkjet.com\/tr\/wp-content\/uploads\/2020\/02\/Domino-for-Domino-ETH-module-DB12170-for-Domino-A100-A200-A300-A-series-Printer.jpg_640x640-150x150.jpg 150w, https:\/\/www.turkinkjet.com\/tr\/wp-content\/uploads\/2020\/02\/Domino-for-Domino-ETH-module-DB12170-for-Domino-A100-A200-A300-A-series-Printer.jpg_640x640-300x300.jpg 300w, https:\/\/www.turkinkjet.com\/tr\/wp-content\/uploads\/2020\/02\/Domino-for-Domino-ETH-module-DB12170-for-Domino-A100-A200-A300-A-series-Printer.jpg_640x640.jpg 750w\" sizes=\"(max-width: 100px) 100vw, 100px\" \/><img decoding=\"async\" class=\"alignnone wp-image-2624\" src=\"https:\/\/www.turkinkjet.com\/wp-content\/uploads\/2020\/02\/Domino-Alternative-DB-PP0225-A-GP-A120-A220.jpg-750x750-1-150x150.jpg\" alt=\"\" width=\"100\" height=\"100\" loading=\"lazy\" srcset=\"https:\/\/www.turkinkjet.com\/tr\/wp-content\/uploads\/2020\/02\/Domino-Alternative-DB-PP0225-A-GP-A120-A220.jpg-750x750-1-150x150.jpg 150w, https:\/\/www.turkinkjet.com\/tr\/wp-content\/uploads\/2020\/02\/Domino-Alternative-DB-PP0225-A-GP-A120-A220.jpg-750x750-1-300x300.jpg 300w, https:\/\/www.turkinkjet.com\/tr\/wp-content\/uploads\/2020\/02\/Domino-Alternative-DB-PP0225-A-GP-A120-A220.jpg-750x750-1.jpg 750w\" sizes=\"(max-width: 100px) 100vw, 100px\" \/><\/h2>\n<p>G\u00fcn\u00fcm\u00fcz i\u015f hayat\u0131nda ka\u00e7\u0131n\u0131lmaz olan s\u00fcrekli de\u011fi\u015fim ve geli\u015fimi, g\u00fcncel olarak takip edip kendini geli\u015ftiren, teknolojiyi ve tecr\u00fcbeli olman\u0131n avantaj\u0131n\u0131 sundu\u011fumuz \u00fcr\u00fcnlere en ekonomik maliyeti ile yans\u0131t\u0131p hatt\u0131n\u0131za entegre ederek \u00fcretim tesisinizin de\u011fi\u015fmeyecek en \u00f6ncelikli gereklili\u011fi olan end\u00fcstriyel kodlamay\u0131 sizler i\u00e7in kolayl\u0131kla ve dakikalar i\u00e7inde uygulanabilir bir ad\u0131m haline getiriyoruz.<\/p>\n<h2 data-wp-editing=\"1\"><img decoding=\"async\" class=\"alignnone wp-image-2842\" style=\"font-size: 14px; font-weight: normal;\" src=\"https:\/\/www.turkinkjet.com\/wp-content\/uploads\/2020\/02\/LINX-500ML-INK-M%C3%9CREKKEP-MAKE-UP-%C4%B0NCELT%C4%B0C%C4%B0-2-e1586388396923-150x150.jpg\" alt=\"\" width=\"100\" height=\"100\" loading=\"lazy\"><img decoding=\"async\" class=\"alignnone wp-image-2767\" style=\"font-size: 14px; font-weight: normal;\" src=\"https:\/\/www.turkinkjet.com\/wp-content\/uploads\/2020\/02\/Linx-KEYBOARD-6800-ENGLISHCHINESE-VERSIONLB-PL1460-_1-150x150.jpg\" alt=\"\" width=\"100\" height=\"100\" loading=\"lazy\" srcset=\"https:\/\/www.turkinkjet.com\/tr\/wp-content\/uploads\/2020\/02\/Linx-KEYBOARD-6800-ENGLISHCHINESE-VERSIONLB-PL1460-_1-150x150.jpg 150w, https:\/\/www.turkinkjet.com\/tr\/wp-content\/uploads\/2020\/02\/Linx-KEYBOARD-6800-ENGLISHCHINESE-VERSIONLB-PL1460-_1-300x300.jpg 300w, https:\/\/www.turkinkjet.com\/tr\/wp-content\/uploads\/2020\/02\/Linx-KEYBOARD-6800-ENGLISHCHINESE-VERSIONLB-PL1460-_1.jpg 750w\" sizes=\"(max-width: 100px) 100vw, 100px\" \/><\/h2>\n<p>T\u00fcrkinkjet, kodlama, markalama ve etiketleme alan\u0131nda uzman bir alt yap\u0131 ve e\u011fitimli kadroya sahiptir. T\u00fcm portf\u00f6y\u00fcm\u00fcz, D\u00fcnya nano teknoloji \u00fcretim standartlar\u0131na uygun ve m\u00fc\u015fteri memnuniyetini birinci planda tutan \u00fcr\u00fcnlerden olu\u015furken, oda\u011f\u0131m\u0131z daima y\u00fcksek kaliteli ve ekonomik uygulamal\u0131 \u00e7\u00f6z\u00fcmlere y\u00f6neliktir. \u00c7\u00f6z\u00fcmlerimiz; fiyat, performans uyumunu s\u00fcrekli yakalayan bir bak\u0131\u015f a\u00e7\u0131s\u0131 ile taraf\u0131n\u0131za sunulmakta ve uzman pazarlama ve servis ekibimiz, kurumunuzu en ekonomik \u015fekilde hizmet veren sistemlerle bulu\u015fturmaktad\u0131r.<\/p>\n<p><img decoding=\"async\" class=\"alignnone wp-image-2622\" src=\"https:\/\/www.turkinkjet.com\/wp-content\/uploads\/2020\/02\/Domino-A100-A200-A300-E50-A100-A200-ink-level-sensor-DB37755-for-Domino-A-series-A-Plus-150x150.jpg\" alt=\"\" width=\"100\" height=\"100\" loading=\"lazy\" srcset=\"https:\/\/www.turkinkjet.com\/tr\/wp-content\/uploads\/2020\/02\/Domino-A100-A200-A300-E50-A100-A200-ink-level-sensor-DB37755-for-Domino-A-series-A-Plus-150x150.jpg 150w, https:\/\/www.turkinkjet.com\/tr\/wp-content\/uploads\/2020\/02\/Domino-A100-A200-A300-E50-A100-A200-ink-level-sensor-DB37755-for-Domino-A-series-A-Plus-300x300.jpg 300w, https:\/\/www.turkinkjet.com\/tr\/wp-content\/uploads\/2020\/02\/Domino-A100-A200-A300-E50-A100-A200-ink-level-sensor-DB37755-for-Domino-A-series-A-Plus.jpg 750w\" sizes=\"(max-width: 100px) 100vw, 100px\" \/><img decoding=\"async\" class=\"alignnone wp-image-2836\" src=\"https:\/\/www.turkinkjet.com\/wp-content\/uploads\/2020\/02\/HITACHI-500ML-INK-M%C3%9CREKKEP-MAKE-UP-%C4%B0NCELT%C4%B0C%C4%B0-2-150x150.jpg\" alt=\"\" width=\"100\" height=\"100\" loading=\"lazy\"><\/p>\n<p>\u0130leri teknoloji \u00fcr\u00fcnlerimiz ve servis hizmetlerimiz sadece T\u00fcrkiye pazar\u0131nda de\u011fil; Ba\u015fta K\u0131br\u0131s, T\u00fcrki Cumhuriyetler, Kuzey Afrika, Balkan ve Ortado\u011fu \u00dclkeleri i\u00e7erisinde de say\u0131s\u0131 giderek artan memnun m\u00fc\u015fterilerimizin y\u00f6nlendirmeleri sayesinde g\u00fcn ge\u00e7tik\u00e7e geni\u015fleyen bir portf\u00f6ye sahiptir.<\/p>\n<p><img decoding=\"async\" class=\"alignnone wp-image-2749\" src=\"https:\/\/www.turkinkjet.com\/wp-content\/uploads\/2020\/02\/Linx-ENGLISH-MEMBRANE-USED-FOR-LINX6900LB-PC1449-_1-150x150.jpg\" alt=\"\" width=\"100\" height=\"100\" loading=\"lazy\" srcset=\"https:\/\/www.turkinkjet.com\/tr\/wp-content\/uploads\/2020\/02\/Linx-ENGLISH-MEMBRANE-USED-FOR-LINX6900LB-PC1449-_1-150x150.jpg 150w, https:\/\/www.turkinkjet.com\/tr\/wp-content\/uploads\/2020\/02\/Linx-ENGLISH-MEMBRANE-USED-FOR-LINX6900LB-PC1449-_1-300x300.jpg 300w, https:\/\/www.turkinkjet.com\/tr\/wp-content\/uploads\/2020\/02\/Linx-ENGLISH-MEMBRANE-USED-FOR-LINX6900LB-PC1449-_1.jpg 750w\" sizes=\"(max-width: 100px) 100vw, 100px\" \/><img decoding=\"async\" class=\"alignnone wp-image-2702\" src=\"https:\/\/www.turkinkjet.com\/wp-content\/uploads\/2020\/02\/Markem-Imaje-ENM10248-Keypad-150x150.jpg\" alt=\"\" width=\"100\" height=\"100\" loading=\"lazy\" srcset=\"https:\/\/www.turkinkjet.com\/tr\/wp-content\/uploads\/2020\/02\/Markem-Imaje-ENM10248-Keypad-150x150.jpg 150w, https:\/\/www.turkinkjet.com\/tr\/wp-content\/uploads\/2020\/02\/Markem-Imaje-ENM10248-Keypad-300x300.jpg 300w, https:\/\/www.turkinkjet.com\/tr\/wp-content\/uploads\/2020\/02\/Markem-Imaje-ENM10248-Keypad.jpg 750w\" sizes=\"(max-width: 100px) 100vw, 100px\" \/>[\/vc_column_text][\/vc_column][\/vc_row][vc_row][vc_column width=\u201d1\/3\u2033][vc_video link=\u201dhttps:\/\/www.youtube.com\/watch?v=lZkBe3qVkL0\u2033][\/vc_column][vc_column width=\u201d1\/3\u2033][vc_video link=\u201dhttps:\/\/www.youtube.com\/watch?v=vnQRUFdHeAU\u201d][\/vc_column][vc_column width=\u201d1\/3\u2033][vc_video link=\u201dhttps:\/\/www.youtube.com\/watch?v=HG2RePie9yQ\u201d][\/vc_column][\/vc_row][vc_row][vc_column width=\u201d1\/3\u2033][vc_video link=\u201dhttps:\/\/www.youtube.com\/watch?v=R7XyddoDOaA\u201d][\/vc_column][vc_column width=\u201d1\/3\u2033][vc_video link=\u201dhttps:\/\/www.youtube.com\/watch?v=J8Ri-GRsvVI\u201d][\/vc_column][vc_column width=\u201d1\/3\u2033][vc_video link=\u201dhttps:\/\/www.youtube.com\/watch?v=48r2CGmGB6g\u201d][\/vc_column][\/vc_row][vc_row equal_height=\u201dyes\u201d bg_type=\u201dgrad\u201d bg_override=\u201dex-full\u201d css=\u201d.vc_custom_1515090720842{padding-top: 40px !important;padding-bottom: 30px !important;}\u201d bg_grad=\u201dbackground: -webkit-gradient(linear, left top, left bottom, color-stop(0%, #0C5D9A), color-stop(100%, #3DB4EF));background: -moz-linear-gradient(left,#0C5D9A 0%,#3DB4EF 100%);background: -webkit-linear-gradient(left,#0C5D9A 0%,#3DB4EF 100%);background: -o-linear-gradient(left,#0C5D9A 0%,#3DB4EF 100%);background: -ms-linear-gradient(left,#0C5D9A 0%,#3DB4EF 100%);background: linear-gradient(left,#0C5D9A 0%,#3DB4EF 100%);\u201d][vc_column width=\u201d1\/2\u2033 css=\u201d.vc_custom_1509564154759{padding-top: 10px !important;}\u201d offset=\u201dvc_hidden-sm vc_hidden-xs\u201d]<div id=\"ultimate-heading-971369e44cb3ce47c\" class=\"uvc-heading ult-adjust-bottom-margin ultimate-heading-971369e44cb3ce47c uvc-4995 \" data-hspacer=\"no_spacer\"  data-halign=\"right\" style=\"text-align:right\"><div class=\"uvc-heading-spacer no_spacer\" style=\"top\"><\/div><div class=\"uvc-main-heading ult-responsive\"  data-ultimate-target='.uvc-heading.ultimate-heading-971369e44cb3ce47c h2'  data-responsive-json-new='{\"font-size\":\"desktop:32px;tablet:24px;\",\"line-height\":\"desktop:42px;tablet:34px;\"}' ><h2 style=\"font-weight:bold;color:rgba(255,255,255,0.5);\">Sorunuz mu var? Hemen aray\u0131n!<\/h2><\/div><\/div>[\/vc_column][vc_column offset=\u201dvc_col-lg-6 vc_col-md-6 vc_hidden-sm vc_hidden-xs\u201d]<div class=\"aio-icon-component  vc_custom_1562703134358  dt-phone style_1\"><div id=\"Info-box-wrap-1066\" class=\"aio-icon-box left-icon\" style=\"\"  ><div class=\"aio-icon-left\"><div class=\"ult-just-icon-wrapper  \"><div class=\"align-icon\" style=\"text-align:center;\">\n<div class=\"aio-icon advanced \"  style=\"color:#ffffff;border-style:;border-color:#333333;border-width:1px;width:60px;height:60px;line-height:60px;border-radius:500px;font-size:52px;display:inline-block;\">\n\t<i class=\"icomoon-font-awesome-14x14-phone-square\"><\/i>\n<\/div><\/div><\/div><\/div><div class=\"aio-ibd-block\"><div class=\"aio-icon-header\" ><h3 class=\"aio-icon-title ult-responsive\"  data-ultimate-target='#Info-box-wrap-1066 .aio-icon-title'  data-responsive-json-new='{\"font-size\":\"desktop:48px;tablet:40px;mobile_landscape:30px;\",\"line-height\":\"desktop:58px;tablet:50px;mobile_landscape:40px;\"}'  style=\"font-weight:bold;color:#ffffff;\">0216 498 8 777<\/h3><\/div> <!-- header --><\/div> <!-- aio-ibd-block --><\/div> <!-- aio-icon-box --><\/div> <!-- aio-icon-component -->[\/vc_column][vc_column offset=\u201dvc_hidden-lg vc_hidden-md\u201d]<div class=\"aio-icon-component  vc_custom_1562703162934  dt-phone style_1\"><div id=\"Info-box-wrap-8371\" class=\"aio-icon-box top-icon\" style=\"\"  ><div class=\"aio-icon-top\"><div class=\"ult-just-icon-wrapper  \"><div class=\"align-icon\" style=\"text-align:center;\">\n<div class=\"aio-icon advanced \"  style=\"color:#ffffff;border-style:;border-color:#333333;border-width:1px;width:60px;height:60px;line-height:60px;border-radius:500px;font-size:52px;display:inline-block;\">\n\t<i class=\"icomoon-font-awesome-14x14-phone-square\"><\/i>\n<\/div><\/div><\/div><\/div><div class=\"aio-icon-header\" ><h3 class=\"aio-icon-title ult-responsive\"  data-ultimate-target='#Info-box-wrap-8371 .aio-icon-title'  data-responsive-json-new='{\"font-size\":\"desktop:42px;mobile_landscape:32px;\",\"line-height\":\"desktop:42px;mobile_landscape:32px;\"}'  style=\"font-weight:bold;color:#ffffff;\">0216 498 8 777<\/h3><\/div> <!-- header --><div class=\"aio-icon-description ult-responsive\"  data-ultimate-target='#Info-box-wrap-8371 .aio-icon-description'  data-responsive-json-new='{\"font-size\":\"desktop:24px;mobile_landscape:20px;\",\"line-height\":\"desktop:34px;mobile_landscape:30px;\"}'  style=\"font-weight:bold;color:rgba(255,255,255,0.5);\">Sorunuz mu var?<br>\nHemen aray\u0131n<\/div> <!-- description --><\/div> <!-- aio-icon-box --><\/div> <!-- aio-icon-component -->[\/vc_column][\/vc_row][vc_row equal_height=\u201dyes\u201d content_placement=\u201dmiddle\u201d css=\u201d.vc_custom_1516622212465{padding-top: 80px !important;padding-bottom: 40px !important;}\u201d el_id=\u201dcontact\u201d][vc_column offset=\u201dvc_col-lg-offset-2 vc_col-lg-8 vc_col-md-offset-1 vc_col-md-10 vc_col-sm-offset-0\u2033 css=\u201d.vc_custom_1515176177053{padding-bottom: 60px !important;}\u201d]<div id=\"ultimate-heading-472369e44cb3cead8\" class=\"uvc-heading ult-adjust-bottom-margin ultimate-heading-472369e44cb3cead8 uvc-2791 accent-border-color accent-icon-color\" data-hspacer=\"line_with_icon\" data-hline_width=\"150\" data-hicon_type=\"selector\" data-hborder_style=\"solid\" data-hborder_height=\"3\" data-hborder_color=\"#3db3ef\" data-icon_width=\"18\" data-hfixer=\"10\"  data-halign=\"center\" style=\"text-align:center\"><div class=\"uvc-main-heading ult-responsive\"  data-ultimate-target='.uvc-heading.ultimate-heading-472369e44cb3cead8 h2'  data-responsive-json-new='{\"font-size\":\"desktop:40px;mobile_landscape:30px;\",\"line-height\":\"desktop:50px;mobile_landscape:40px;\"}' ><h2 style=\"font-weight:bold;\">Bize Ula\u015f\u0131n<\/h2><\/div><div class=\"uvc-heading-spacer line_with_icon\" style=\"topheight:18px;\"><div class=\"ult-just-icon-wrapper  \"><div class=\"align-icon\" style=\"text-align:center;\">\n<div class=\"aio-icon none \"  style=\"font-size:18px;display:inline-block;\">\n\t<i class=\"icomoon-font-awesome-14x14-chevron-down\"><\/i>\n<\/div><\/div><\/div><\/div><\/div>[\/vc_column][vc_column css=\u201d.vc_custom_1515176050896{padding-top: 10px !important;padding-bottom: 50px !important;background-position: center !important;background-repeat: no-repeat !important;background-size: cover !important;}\u201d offset=\u201dvc_col-lg-6 vc_col-md-6\u2033]<div class=\"aio-icon-component  vc_custom_1562703402426  accent-icon-bg accent-border-color style_1\"><div id=\"Info-box-wrap-8054\" class=\"aio-icon-box left-icon\" style=\"\"  ><div class=\"aio-icon-left\"><div class=\"ult-just-icon-wrapper  \"><div class=\"align-icon\" style=\"text-align:center;\">\n<div class=\"aio-icon advanced \"  style=\"color:#ffffff;border-style:;border-color:#333333;border-width:1px;width:50px;height:50px;line-height:50px;border-radius:500px;font-size:24px;display:inline-block;\">\n\t<i class=\"icomoon-font-awesome-14x14-map-marker\"><\/i>\n<\/div><\/div><\/div><\/div><div class=\"aio-ibd-block\"><div class=\"aio-icon-header\" ><h3 class=\"aio-icon-title ult-responsive\"  data-ultimate-target='#Info-box-wrap-8054 .aio-icon-title'  data-responsive-json-new='{\"font-size\":\"desktop:20px;\",\"line-height\":\"desktop:30px;\"}'  style=\"font-weight:bold;\">Orta Mah. G\u00fclay Sk. No:22 D:4 Kartal\/\u0130stanbul<\/h3><\/div> <!-- header --><\/div> <!-- aio-ibd-block --><\/div> <!-- aio-icon-box --><\/div> <!-- aio-icon-component --><div class=\"aio-icon-component  vc_custom_1562703415134  accent-icon-bg accent-border-color style_1\"><div id=\"Info-box-wrap-4509\" class=\"aio-icon-box left-icon\" style=\"\"  ><div class=\"aio-icon-left\"><div class=\"ult-just-icon-wrapper  \"><div class=\"align-icon\" style=\"text-align:center;\">\n<div class=\"aio-icon advanced \"  style=\"color:#ffffff;border-style:;border-color:#333333;border-width:1px;width:50px;height:50px;line-height:50px;border-radius:500px;font-size:24px;display:inline-block;\">\n\t<i class=\"icomoon-font-awesome-14x14-phone\"><\/i>\n<\/div><\/div><\/div><\/div><div class=\"aio-ibd-block\"><div class=\"aio-icon-header\" ><h3 class=\"aio-icon-title ult-responsive\"  data-ultimate-target='#Info-box-wrap-4509 .aio-icon-title'  data-responsive-json-new='{\"font-size\":\"desktop:20px;\",\"line-height\":\"desktop:30px;\"}'  style=\"font-weight:bold;\">0216 498 8 777<\/h3><\/div> <!-- header --><\/div> <!-- aio-ibd-block --><\/div> <!-- aio-icon-box --><\/div> <!-- aio-icon-component --><div class=\"aio-icon-component  vc_custom_1562703440337  accent-icon-bg accent-border-color style_1\"><div id=\"Info-box-wrap-8323\" class=\"aio-icon-box left-icon\" style=\"\"  ><div class=\"aio-icon-left\"><div class=\"ult-just-icon-wrapper  \"><div class=\"align-icon\" style=\"text-align:center;\">\n<div class=\"aio-icon advanced \"  style=\"color:#ffffff;border-style:;border-color:#333333;border-width:1px;width:50px;height:50px;line-height:50px;border-radius:500px;font-size:24px;display:inline-block;\">\n\t<i class=\"icomoon-font-awesome-14x14-phone\"><\/i>\n<\/div><\/div><\/div><\/div><div class=\"aio-ibd-block\"><div class=\"aio-icon-header\" ><h3 class=\"aio-icon-title ult-responsive\"  data-ultimate-target='#Info-box-wrap-8323 .aio-icon-title'  data-responsive-json-new='{\"font-size\":\"desktop:20px;\",\"line-height\":\"desktop:30px;\"}'  style=\"font-weight:bold;\">0538 619 73 01<\/h3><\/div> <!-- header --><\/div> <!-- aio-ibd-block --><\/div> <!-- aio-icon-box --><\/div> <!-- aio-icon-component --><div class=\"aio-icon-component  vc_custom_1601981860453  accent-icon-bg accent-border-color style_1\"><div id=\"Info-box-wrap-3714\" class=\"aio-icon-box left-icon\" style=\"\"  ><div class=\"aio-icon-left\"><div class=\"ult-just-icon-wrapper  \"><div class=\"align-icon\" style=\"text-align:center;\">\n<div class=\"aio-icon advanced \"  style=\"color:#ffffff;border-style:;border-color:#333333;border-width:1px;width:50px;height:50px;line-height:50px;border-radius:500px;font-size:24px;display:inline-block;\">\n\t<i class=\"icomoon-font-awesome-14x14-envelope\"><\/i>\n<\/div><\/div><\/div><\/div><div class=\"aio-ibd-block\"><div class=\"aio-icon-header\" ><h3 class=\"aio-icon-title ult-responsive\"  data-ultimate-target='#Info-box-wrap-3714 .aio-icon-title'  data-responsive-json-new='{\"font-size\":\"desktop:20px;\",\"line-height\":\"desktop:30px;\"}'  style=\"font-weight:bold;\">info@turkinkjet.com.tr<\/h3><\/div> <!-- header --><\/div> <!-- aio-ibd-block --><\/div> <!-- aio-icon-box --><\/div> <!-- aio-icon-component -->[\/vc_column][vc_column css=\u201d.vc_custom_1515176056012{padding-bottom: 50px !important;background-position: center !important;background-repeat: no-repeat !important;background-size: cover !important;}\u201d offset=\u201dvc_col-lg-6 vc_col-md-6\u2033][vc_column_text]<iframe loading=\"lazy\" style=\"border: 0;\" src=\"https:\/\/www.google.com\/maps\/embed?pb=!1m18!1m12!1m3!1d6030.534518566733!2d29.20313369049859!3d40.909885570470955!2m3!1f0!2f0!3f0!3m2!1i1024!2i768!4f13.1!3m3!1m2!1s0x14cac49599cbc50b%3A0x7b59bbb1c6e80865!2zT3J0YSwgR8O8bGF5IFNrLiBObzoyMiBEOjQsIDM0ODgwIEthcnRhbC_EsHN0YW5idWw!5e0!3m2!1str!2str!4v1562703356266!5m2!1str!2str\" width=\"100%\" height=\"350\" frameborder=\"0\" allowfullscreen=\"allowfullscreen\"><span style=\"display: inline-block; width: 0px; overflow: hidden; line-height: 0;\" data-mce-type=\"bookmark\" class=\"mce_SELRES_start\">\ufeff<\/span><\/iframe>[\/vc_column_text][\/vc_column][\/vc_row]<\/p>\n<\/body>","protected":false},"excerpt":{"rendered":"<p>[vc_row css=\u201d.vc_custom_1509351079558{padding-top: 80px !important;padding-bottom: 100px !important;}\u201d el_id=\u201dabout\u201d][vc_column][vc_column_text] Ho\u015f Geldiniz, 1998\u2019den beri m\u00fcrekkepli \u2013 m\u00fcrekkepsiz \/ temasl\u0131 \u2013 temass\u0131z kodlama, markalama, tarihleme, barkod, karekod, QR kod ve her t\u00fcrl\u00fc g\u0131da, ila\u00e7 takip sistemi (\u0130TS) konular\u0131nda uzmanla\u015fm\u0131\u015f ekip, alt yap\u0131 ve sekt\u00f6rel deneyim. T\u00fcrkinkjet; 1998 y\u0131l\u0131ndan bug\u00fcnlere gelen sekt\u00f6rel deneyimi ile \u00fcretilen ilk \u00fcr\u00fcnden, en son \u00fcr\u00fcn&hellip;<\/p>\n","protected":false},"author":1,"featured_media":0,"parent":0,"menu_order":0,"comment_status":"closed","ping_status":"closed","template":"","meta":{"om_disable_all_campaigns":false,"_monsterinsights_skip_tracking":false,"_monsterinsights_sitenote_active":false,"_monsterinsights_sitenote_note":"","_monsterinsights_sitenote_category":0},"class_list":["post-416","page","type-page","status-publish","hentry","description-off"],"_links":{"self":[{"href":"https:\/\/www.turkinkjet.com\/tr\/wp-json\/wp\/v2\/pages\/416"}],"collection":[{"href":"https:\/\/www.turkinkjet.com\/tr\/wp-json\/wp\/v2\/pages"}],"about":[{"href":"https:\/\/www.turkinkjet.com\/tr\/wp-json\/wp\/v2\/types\/page"}],"author":[{"embeddable":true,"href":"https:\/\/www.turkinkjet.com\/tr\/wp-json\/wp\/v2\/users\/1"}],"replies":[{"embeddable":true,"href":"https:\/\/www.turkinkjet.com\/tr\/wp-json\/wp\/v2\/comments?post=416"}],"version-history":[{"count":87,"href":"https:\/\/www.turkinkjet.com\/tr\/wp-json\/wp\/v2\/pages\/416\/revisions"}],"predecessor-version":[{"id":3172,"href":"https:\/\/www.turkinkjet.com\/tr\/wp-json\/wp\/v2\/pages\/416\/revisions\/3172"}],"wp:attachment":[{"href":"https:\/\/www.turkinkjet.com\/tr\/wp-json\/wp\/v2\/media?parent=416"}],"curies":[{"name":"wp","href":"https:\/\/api.w.org\/{rel}","templated":true}]}}