{"id":2950,"date":"2020-02-03T16:54:35","date_gmt":"2020-02-03T16:54:35","guid":{"rendered":"http:\/\/www.turkinkjet.com\/?page_id=2950"},"modified":"2020-02-03T17:08:43","modified_gmt":"2020-02-03T17:08:43","slug":"videojet-ikinci-el-urunler","status":"publish","type":"page","link":"https:\/\/www.turkinkjet.com\/tr\/videojet-ikinci-el-urunler\/","title":{"rendered":"Videojet \u0130kinci El \u00dcr\u00fcnler"},"content":{"rendered":"<body><p>[vc_row][vc_column]<style type=\"text\/css\" data-type=\"the7_shortcodes-inline-css\">.gallery-shortcode.gallery-masonry-shortcode-id-696f760390cc8c44a4b127fb79b96b8e figure,\n.gallery-shortcode.gallery-masonry-shortcode-id-696f760390cc8c44a4b127fb79b96b8e .rollover,\n.gallery-shortcode.gallery-masonry-shortcode-id-696f760390cc8c44a4b127fb79b96b8e img,\n.gallery-shortcode.gallery-masonry-shortcode-id-696f760390cc8c44a4b127fb79b96b8e .gallery-rollover {\n  border-radius: 0px;\n}\n.gallery-shortcode.gallery-masonry-shortcode-id-696f760390cc8c44a4b127fb79b96b8e.enable-bg-rollover .gallery-rollover {\n  background: ;\n  background: -webkit-linear-gradient();\n  background: linear-gradient();\n}\n.gallery-shortcode.gallery-masonry-shortcode-id-696f760390cc8c44a4b127fb79b96b8e.enable-img-shadow figure {\n  box-shadow: ;\n}\n.gallery-shortcode.gallery-masonry-shortcode-id-696f760390cc8c44a4b127fb79b96b8e.enable-bg-rollover.hover-scale figure .rollover:after {\n  background: ;\n  background: -webkit-linear-gradient();\n  background: linear-gradient();\n}\n.gallery-shortcode.gallery-masonry-shortcode-id-696f760390cc8c44a4b127fb79b96b8e .gallery-zoom-ico {\n  width: 44px;\n  height: 44px;\n  line-height: 44px;\n  border-radius: 100px;\n  margin: -22px 0 0 -22px;\n  border-width: 0px;\n  color: #ffffff;\n}\n.dt-icon-bg-on.gallery-shortcode.gallery-masonry-shortcode-id-696f760390cc8c44a4b127fb79b96b8e .gallery-zoom-ico {\n  background: rgba(255,255,255,0.3);\n  -webkit-box-shadow: none;\n  box-shadow: none;\n}\n.gallery-shortcode.gallery-masonry-shortcode-id-696f760390cc8c44a4b127fb79b96b8e .gallery-zoom-ico:before {\n  font-size: 32px;\n  line-height: 44px;\n  color: #ffffff;\n}\n.gallery-shortcode.gallery-masonry-shortcode-id-696f760390cc8c44a4b127fb79b96b8e:not(.resize-by-browser-width) .dt-css-grid {\n  grid-row-gap: 10px;\n  grid-column-gap: 10px;\n  grid-template-columns: repeat(auto-fill,minmax(,1fr));\n}\n.gallery-shortcode.gallery-masonry-shortcode-id-696f760390cc8c44a4b127fb79b96b8e:not(.resize-by-browser-width) .dt-css-grid .double-width {\n  grid-column: span 2;\n}\n.cssgridlegacy.no-cssgrid .gallery-shortcode.gallery-masonry-shortcode-id-696f760390cc8c44a4b127fb79b96b8e:not(.resize-by-browser-width) .dt-css-grid,\n.no-cssgridlegacy.no-cssgrid .gallery-shortcode.gallery-masonry-shortcode-id-696f760390cc8c44a4b127fb79b96b8e:not(.resize-by-browser-width) .dt-css-grid {\n  display: flex;\n  flex-flow: row wrap;\n  margin: -5px;\n}\n.cssgridlegacy.no-cssgrid .gallery-shortcode.gallery-masonry-shortcode-id-696f760390cc8c44a4b127fb79b96b8e:not(.resize-by-browser-width) .dt-css-grid .wf-cell,\n.no-cssgridlegacy.no-cssgrid .gallery-shortcode.gallery-masonry-shortcode-id-696f760390cc8c44a4b127fb79b96b8e:not(.resize-by-browser-width) .dt-css-grid .wf-cell {\n  flex: 1 0 ;\n  min-width: ;\n  max-width: 100%;\n  padding: 5px;\n  box-sizing: border-box;\n}\n.gallery-shortcode.gallery-masonry-shortcode-id-696f760390cc8c44a4b127fb79b96b8e.resize-by-browser-width .dt-css-grid {\n  grid-template-columns: repeat(6,1fr);\n  grid-template-rows: auto;\n  grid-column-gap: 10px;\n  grid-row-gap: 10px;\n}\n.gallery-shortcode.gallery-masonry-shortcode-id-696f760390cc8c44a4b127fb79b96b8e.resize-by-browser-width .dt-css-grid .double-width {\n  grid-column: span 2;\n}\n.cssgridlegacy.no-cssgrid .gallery-shortcode.gallery-masonry-shortcode-id-696f760390cc8c44a4b127fb79b96b8e.resize-by-browser-width .dt-css-grid {\n  margin: -5px;\n}\n.cssgridlegacy.no-cssgrid .gallery-shortcode.gallery-masonry-shortcode-id-696f760390cc8c44a4b127fb79b96b8e.resize-by-browser-width .dt-css-grid .wf-cell {\n  width: 16.6666666667%;\n  padding: 5px;\n}\n.cssgridlegacy.no-cssgrid .gallery-shortcode.gallery-masonry-shortcode-id-696f760390cc8c44a4b127fb79b96b8e.resize-by-browser-width .dt-css-grid .wf-cell.double-width {\n  width: calc(16.6666666667%) * 2;\n}\n.gallery-shortcode.gallery-masonry-shortcode-id-696f760390cc8c44a4b127fb79b96b8e.resize-by-browser-width:not(.centered-layout-list):not(.content-bg-on) .dt-css-grid {\n  grid-row-gap: 10px - ;\n}\n@media screen and (max-width: 1199px) {\n  .gallery-shortcode.gallery-masonry-shortcode-id-696f760390cc8c44a4b127fb79b96b8e.resize-by-browser-width .dt-css-grid {\n    grid-template-columns: repeat(4,1fr);\n  }\n  .cssgridlegacy.no-cssgrid .gallery-shortcode.gallery-masonry-shortcode-id-696f760390cc8c44a4b127fb79b96b8e.resize-by-browser-width .dt-css-grid .wf-cell,\n  .no-cssgridlegacy.no-cssgrid .gallery-shortcode.gallery-masonry-shortcode-id-696f760390cc8c44a4b127fb79b96b8e.resize-by-browser-width .dt-css-grid .wf-cell {\n    width: 25%;\n  }\n  .cssgridlegacy.no-cssgrid .gallery-shortcode.gallery-masonry-shortcode-id-696f760390cc8c44a4b127fb79b96b8e.resize-by-browser-width .dt-css-grid .wf-cell.double-width,\n  .no-cssgridlegacy.no-cssgrid .gallery-shortcode.gallery-masonry-shortcode-id-696f760390cc8c44a4b127fb79b96b8e.resize-by-browser-width .dt-css-grid .wf-cell.double-width {\n    width: calc(25%)*2;\n  }\n}\n@media screen and (max-width: 991px) {\n  .gallery-shortcode.gallery-masonry-shortcode-id-696f760390cc8c44a4b127fb79b96b8e.resize-by-browser-width .dt-css-grid {\n    grid-template-columns: repeat(3,1fr);\n  }\n  .cssgridlegacy.no-cssgrid .gallery-shortcode.gallery-masonry-shortcode-id-696f760390cc8c44a4b127fb79b96b8e.resize-by-browser-width .dt-css-grid .wf-cell,\n  .no-cssgridlegacy.no-cssgrid .gallery-shortcode.gallery-masonry-shortcode-id-696f760390cc8c44a4b127fb79b96b8e.resize-by-browser-width .dt-css-grid .wf-cell {\n    width: 33.3333333333%;\n  }\n  .cssgridlegacy.no-cssgrid .gallery-shortcode.gallery-masonry-shortcode-id-696f760390cc8c44a4b127fb79b96b8e.resize-by-browser-width .dt-css-grid .wf-cell.double-width,\n  .no-cssgridlegacy.no-cssgrid .gallery-shortcode.gallery-masonry-shortcode-id-696f760390cc8c44a4b127fb79b96b8e.resize-by-browser-width .dt-css-grid .wf-cell.double-width {\n    width: calc(33.3333333333%)*2;\n  }\n}\n@media screen and (max-width: 767px) {\n  .gallery-shortcode.gallery-masonry-shortcode-id-696f760390cc8c44a4b127fb79b96b8e.resize-by-browser-width .dt-css-grid {\n    grid-template-columns: repeat(2,1fr);\n  }\n  .cssgridlegacy.no-cssgrid .gallery-shortcode.gallery-masonry-shortcode-id-696f760390cc8c44a4b127fb79b96b8e.resize-by-browser-width .dt-css-grid .wf-cell,\n  .no-cssgridlegacy.no-cssgrid .gallery-shortcode.gallery-masonry-shortcode-id-696f760390cc8c44a4b127fb79b96b8e.resize-by-browser-width .dt-css-grid .wf-cell {\n    width: 50%;\n  }\n  .cssgridlegacy.no-cssgrid .gallery-shortcode.gallery-masonry-shortcode-id-696f760390cc8c44a4b127fb79b96b8e.resize-by-browser-width .dt-css-grid .wf-cell.double-width,\n  .no-cssgridlegacy.no-cssgrid .gallery-shortcode.gallery-masonry-shortcode-id-696f760390cc8c44a4b127fb79b96b8e.resize-by-browser-width .dt-css-grid .wf-cell.double-width {\n    width: calc(50%)*2;\n  }\n}\n<\/style><div class=\"gallery-shortcode dt-gallery-container gallery-masonry-shortcode-id-696f760390cc8c44a4b127fb79b96b8e mode-grid jquery-filter dt-icon-bg-off quick-scale-img dt-css-grid-wrap enable-bg-rollover resize-by-browser-width  hover-fade loading-effect-none description-on-hover\" data-padding=\"5px\" data-cur-page=\"1\" data-post-limit=\"-1\" data-pagination-mode=\"none\" data-desktop-columns-num=\"6\" data-v-tablet-columns-num=\"3\" data-h-tablet-columns-num=\"4\" data-phone-columns-num=\"2\" data-width=\"0px\" data-columns=\"0\"><div class=\"dt-css-grid\" ><div class=\"wf-cell\" data-post-id=\"2951\" data-date=\"2020-02-03T16:53:00+00:00\" data-name=\"VJ 1210\"><figure class=\"post visible\"><a href=\"https:\/\/www.turkinkjet.com\/tr\/wp-content\/uploads\/2020\/02\/VJ-1210.jpg\" class=\"rollover dt-pswp-item layzr-bg\" data-large_image_width=\"629\" data-large_image_height=\"800\" data-dt-img-description=\"\" title=\"VJ 1210\"><img loading=\"lazy\" decoding=\"async\" class=\"preload-me iso-lazy-load\" src=\"data:image\/svg+xml,%3Csvg%20xmlns%3D&#39;http%3A%2F%2Fwww.w3.org%2F2000%2Fsvg&#39;%20viewBox%3D&#39;0%200%20359%20359&#39;%2F%3E\" data-src=\"https:\/\/www.turkinkjet.com\/tr\/wp-content\/uploads\/2020\/02\/VJ-1210-359x359.jpg\" data-srcset=\"https:\/\/www.turkinkjet.com\/tr\/wp-content\/uploads\/2020\/02\/VJ-1210-359x359.jpg 359w, https:\/\/www.turkinkjet.com\/tr\/wp-content\/uploads\/2020\/02\/VJ-1210-539x539.jpg 539w\" alt=\"\" width=\"359\" height=\"359\"  \/><span class=\"gallery-rollover\"><span class=\"gallery-zoom-ico icomoon-the7-font-the7-zoom-06\"><span><\/span><\/span><\/span><\/a><\/figure><\/div><div class=\"wf-cell\" data-post-id=\"2952\" data-date=\"2020-02-03T16:53:08+00:00\" data-name=\"VJ 1510\"><figure class=\"post visible\"><a href=\"https:\/\/www.turkinkjet.com\/tr\/wp-content\/uploads\/2020\/02\/VJ-1510.jpg\" class=\"rollover dt-pswp-item layzr-bg\" data-large_image_width=\"900\" data-large_image_height=\"1600\" data-dt-img-description=\"\" title=\"VJ 1510\"><img loading=\"lazy\" decoding=\"async\" class=\"preload-me iso-lazy-load\" src=\"data:image\/svg+xml,%3Csvg%20xmlns%3D&#39;http%3A%2F%2Fwww.w3.org%2F2000%2Fsvg&#39;%20viewBox%3D&#39;0%200%20359%20359&#39;%2F%3E\" data-src=\"https:\/\/www.turkinkjet.com\/tr\/wp-content\/uploads\/2020\/02\/VJ-1510-359x359.jpg\" data-srcset=\"https:\/\/www.turkinkjet.com\/tr\/wp-content\/uploads\/2020\/02\/VJ-1510-359x359.jpg 359w, https:\/\/www.turkinkjet.com\/tr\/wp-content\/uploads\/2020\/02\/VJ-1510-539x539.jpg 539w\" alt=\"\" width=\"359\" height=\"359\"  \/><span class=\"gallery-rollover\"><span class=\"gallery-zoom-ico icomoon-the7-font-the7-zoom-06\"><span><\/span><\/span><\/span><\/a><\/figure><\/div><div class=\"wf-cell\" data-post-id=\"2953\" data-date=\"2020-02-03T16:53:13+00:00\" data-name=\"VJ 1530\"><figure class=\"post visible\"><a href=\"https:\/\/www.turkinkjet.com\/tr\/wp-content\/uploads\/2020\/02\/VJ-1530.jpg\" class=\"rollover dt-pswp-item layzr-bg\" data-large_image_width=\"690\" data-large_image_height=\"390\" data-dt-img-description=\"\" title=\"VJ 1530\"><img loading=\"lazy\" decoding=\"async\" class=\"preload-me iso-lazy-load\" src=\"data:image\/svg+xml,%3Csvg%20xmlns%3D&#39;http%3A%2F%2Fwww.w3.org%2F2000%2Fsvg&#39;%20viewBox%3D&#39;0%200%20359%20359&#39;%2F%3E\" data-src=\"https:\/\/www.turkinkjet.com\/tr\/wp-content\/uploads\/2020\/02\/VJ-1530-359x359.jpg\" data-srcset=\"https:\/\/www.turkinkjet.com\/tr\/wp-content\/uploads\/2020\/02\/VJ-1530-359x359.jpg 359w, https:\/\/www.turkinkjet.com\/tr\/wp-content\/uploads\/2020\/02\/VJ-1530-390x390.jpg 390w\" alt=\"\" width=\"359\" height=\"359\"  \/><span class=\"gallery-rollover\"><span class=\"gallery-zoom-ico icomoon-the7-font-the7-zoom-06\"><span><\/span><\/span><\/span><\/a><\/figure><\/div><div class=\"wf-cell\" data-post-id=\"2954\" data-date=\"2020-02-03T16:53:40+00:00\" data-name=\"VJ 1610\"><figure class=\"post visible\"><a href=\"https:\/\/www.turkinkjet.com\/tr\/wp-content\/uploads\/2020\/02\/VJ-1610.jpg\" class=\"rollover dt-pswp-item layzr-bg\" data-large_image_width=\"1505\" data-large_image_height=\"2100\" data-dt-img-description=\"\" title=\"VJ 1610\"><img loading=\"lazy\" decoding=\"async\" class=\"preload-me iso-lazy-load\" src=\"data:image\/svg+xml,%3Csvg%20xmlns%3D&#39;http%3A%2F%2Fwww.w3.org%2F2000%2Fsvg&#39;%20viewBox%3D&#39;0%200%20359%20359&#39;%2F%3E\" data-src=\"https:\/\/www.turkinkjet.com\/tr\/wp-content\/uploads\/2020\/02\/VJ-1610-359x359.jpg\" data-srcset=\"https:\/\/www.turkinkjet.com\/tr\/wp-content\/uploads\/2020\/02\/VJ-1610-359x359.jpg 359w, https:\/\/www.turkinkjet.com\/tr\/wp-content\/uploads\/2020\/02\/VJ-1610-539x539.jpg 539w\" alt=\"\" width=\"359\" height=\"359\"  \/><span class=\"gallery-rollover\"><span class=\"gallery-zoom-ico icomoon-the7-font-the7-zoom-06\"><span><\/span><\/span><\/span><\/a><\/figure><\/div><div class=\"wf-cell\" data-post-id=\"2955\" data-date=\"2020-02-03T16:53:59+00:00\" data-name=\"VJ 1620\"><figure class=\"post visible\"><a href=\"https:\/\/www.turkinkjet.com\/tr\/wp-content\/uploads\/2020\/02\/VJ-1620.png\" class=\"rollover dt-pswp-item layzr-bg\" data-large_image_width=\"750\" data-large_image_height=\"1073\" data-dt-img-description=\"\" title=\"VJ 1620\"><img loading=\"lazy\" decoding=\"async\" class=\"preload-me iso-lazy-load\" src=\"data:image\/svg+xml,%3Csvg%20xmlns%3D&#39;http%3A%2F%2Fwww.w3.org%2F2000%2Fsvg&#39;%20viewBox%3D&#39;0%200%20359%20359&#39;%2F%3E\" data-src=\"https:\/\/www.turkinkjet.com\/tr\/wp-content\/uploads\/2020\/02\/VJ-1620-359x359.png\" data-srcset=\"https:\/\/www.turkinkjet.com\/tr\/wp-content\/uploads\/2020\/02\/VJ-1620-359x359.png 359w, https:\/\/www.turkinkjet.com\/tr\/wp-content\/uploads\/2020\/02\/VJ-1620-539x539.png 539w\" alt=\"\" width=\"359\" height=\"359\"  \/><span class=\"gallery-rollover\"><span class=\"gallery-zoom-ico icomoon-the7-font-the7-zoom-06\"><span><\/span><\/span><\/span><\/a><\/figure><\/div><div class=\"wf-cell\" data-post-id=\"2956\" data-date=\"2020-02-03T16:54:08+00:00\" data-name=\"VJ 1630\"><figure class=\"post visible\"><a href=\"https:\/\/www.turkinkjet.com\/tr\/wp-content\/uploads\/2020\/02\/VJ-1630.jpg\" class=\"rollover dt-pswp-item layzr-bg\" data-large_image_width=\"690\" data-large_image_height=\"390\" data-dt-img-description=\"\" title=\"VJ 1630\"><img loading=\"lazy\" decoding=\"async\" class=\"preload-me iso-lazy-load\" src=\"data:image\/svg+xml,%3Csvg%20xmlns%3D&#39;http%3A%2F%2Fwww.w3.org%2F2000%2Fsvg&#39;%20viewBox%3D&#39;0%200%20359%20359&#39;%2F%3E\" data-src=\"https:\/\/www.turkinkjet.com\/tr\/wp-content\/uploads\/2020\/02\/VJ-1630-359x359.jpg\" data-srcset=\"https:\/\/www.turkinkjet.com\/tr\/wp-content\/uploads\/2020\/02\/VJ-1630-359x359.jpg 359w, https:\/\/www.turkinkjet.com\/tr\/wp-content\/uploads\/2020\/02\/VJ-1630-390x390.jpg 390w\" alt=\"\" width=\"359\" height=\"359\"  \/><span class=\"gallery-rollover\"><span class=\"gallery-zoom-ico icomoon-the7-font-the7-zoom-06\"><span><\/span><\/span><\/span><\/a><\/figure><\/div><div class=\"wf-cell\" data-post-id=\"2957\" data-date=\"2020-02-03T16:54:11+00:00\" data-name=\"VJ EXCEL\"><figure class=\"post visible\"><a href=\"https:\/\/www.turkinkjet.com\/tr\/wp-content\/uploads\/2020\/02\/VJ-EXCEL.jpg\" class=\"rollover dt-pswp-item layzr-bg\" data-large_image_width=\"225\" data-large_image_height=\"225\" data-dt-img-description=\"\" title=\"VJ EXCEL\"><img loading=\"lazy\" decoding=\"async\" class=\"preload-me iso-lazy-load\" src=\"data:image\/svg+xml,%3Csvg%20xmlns%3D&#39;http%3A%2F%2Fwww.w3.org%2F2000%2Fsvg&#39;%20viewBox%3D&#39;0%200%20225%20225&#39;%2F%3E\" data-src=\"https:\/\/www.turkinkjet.com\/tr\/wp-content\/uploads\/2020\/02\/VJ-EXCEL.jpg\" data-srcset=\"https:\/\/www.turkinkjet.com\/tr\/wp-content\/uploads\/2020\/02\/VJ-EXCEL.jpg 225w\" alt=\"\" width=\"225\" height=\"225\"  \/><span class=\"gallery-rollover\"><span class=\"gallery-zoom-ico icomoon-the7-font-the7-zoom-06\"><span><\/span><\/span><\/span><\/a><\/figure><\/div><\/div><!-- iso-container|iso-grid --><\/div>[\/vc_column][\/vc_row]<\/p>\n<\/body>","protected":false},"excerpt":{"rendered":"<p>[vc_row][vc_column][\/vc_column][\/vc_row]<\/p>\n","protected":false},"author":1,"featured_media":0,"parent":0,"menu_order":20,"comment_status":"closed","ping_status":"closed","template":"","meta":{"om_disable_all_campaigns":false,"_monsterinsights_skip_tracking":false,"_monsterinsights_sitenote_active":false,"_monsterinsights_sitenote_note":"","_monsterinsights_sitenote_category":0},"class_list":["post-2950","page","type-page","status-publish","hentry","description-off"],"_links":{"self":[{"href":"https:\/\/www.turkinkjet.com\/tr\/wp-json\/wp\/v2\/pages\/2950"}],"collection":[{"href":"https:\/\/www.turkinkjet.com\/tr\/wp-json\/wp\/v2\/pages"}],"about":[{"href":"https:\/\/www.turkinkjet.com\/tr\/wp-json\/wp\/v2\/types\/page"}],"author":[{"embeddable":true,"href":"https:\/\/www.turkinkjet.com\/tr\/wp-json\/wp\/v2\/users\/1"}],"replies":[{"embeddable":true,"href":"https:\/\/www.turkinkjet.com\/tr\/wp-json\/wp\/v2\/comments?post=2950"}],"version-history":[{"count":2,"href":"https:\/\/www.turkinkjet.com\/tr\/wp-json\/wp\/v2\/pages\/2950\/revisions"}],"predecessor-version":[{"id":2976,"href":"https:\/\/www.turkinkjet.com\/tr\/wp-json\/wp\/v2\/pages\/2950\/revisions\/2976"}],"wp:attachment":[{"href":"https:\/\/www.turkinkjet.com\/tr\/wp-json\/wp\/v2\/media?parent=2950"}],"curies":[{"name":"wp","href":"https:\/\/api.w.org\/{rel}","templated":true}]}}