{"id":2913,"date":"2020-02-03T16:40:32","date_gmt":"2020-02-03T16:40:32","guid":{"rendered":"http:\/\/www.turkinkjet.com\/?page_id=2913"},"modified":"2020-02-03T17:05:02","modified_gmt":"2020-02-03T17:05:02","slug":"domino-ikinci-el-urunler","status":"publish","type":"page","link":"https:\/\/www.turkinkjet.com\/tr\/domino-ikinci-el-urunler\/","title":{"rendered":"Domino \u0130kinci El \u00dcr\u00fcnler"},"content":{"rendered":"<body><p>[vc_row][vc_column]<style type=\"text\/css\" data-type=\"the7_shortcodes-inline-css\">.gallery-shortcode.gallery-masonry-shortcode-id-f61e7805829708368ba0257b42a28df9 figure,\n.gallery-shortcode.gallery-masonry-shortcode-id-f61e7805829708368ba0257b42a28df9 .rollover,\n.gallery-shortcode.gallery-masonry-shortcode-id-f61e7805829708368ba0257b42a28df9 img,\n.gallery-shortcode.gallery-masonry-shortcode-id-f61e7805829708368ba0257b42a28df9 .gallery-rollover {\n  border-radius: 0px;\n}\n.gallery-shortcode.gallery-masonry-shortcode-id-f61e7805829708368ba0257b42a28df9.enable-bg-rollover .gallery-rollover {\n  background: ;\n  background: -webkit-linear-gradient();\n  background: linear-gradient();\n}\n.gallery-shortcode.gallery-masonry-shortcode-id-f61e7805829708368ba0257b42a28df9.enable-img-shadow figure {\n  box-shadow: ;\n}\n.gallery-shortcode.gallery-masonry-shortcode-id-f61e7805829708368ba0257b42a28df9.enable-bg-rollover.hover-scale figure .rollover:after {\n  background: ;\n  background: -webkit-linear-gradient();\n  background: linear-gradient();\n}\n.gallery-shortcode.gallery-masonry-shortcode-id-f61e7805829708368ba0257b42a28df9 .gallery-zoom-ico {\n  width: 44px;\n  height: 44px;\n  line-height: 44px;\n  border-radius: 100px;\n  margin: -22px 0 0 -22px;\n  border-width: 0px;\n  color: #ffffff;\n}\n.dt-icon-bg-on.gallery-shortcode.gallery-masonry-shortcode-id-f61e7805829708368ba0257b42a28df9 .gallery-zoom-ico {\n  background: rgba(255,255,255,0.3);\n  -webkit-box-shadow: none;\n  box-shadow: none;\n}\n.gallery-shortcode.gallery-masonry-shortcode-id-f61e7805829708368ba0257b42a28df9 .gallery-zoom-ico:before {\n  font-size: 32px;\n  line-height: 44px;\n  color: #ffffff;\n}\n.gallery-shortcode.gallery-masonry-shortcode-id-f61e7805829708368ba0257b42a28df9:not(.resize-by-browser-width) .dt-css-grid {\n  grid-row-gap: 10px;\n  grid-column-gap: 10px;\n  grid-template-columns: repeat(auto-fill,minmax(,1fr));\n}\n.gallery-shortcode.gallery-masonry-shortcode-id-f61e7805829708368ba0257b42a28df9:not(.resize-by-browser-width) .dt-css-grid .double-width {\n  grid-column: span 2;\n}\n.cssgridlegacy.no-cssgrid .gallery-shortcode.gallery-masonry-shortcode-id-f61e7805829708368ba0257b42a28df9:not(.resize-by-browser-width) .dt-css-grid,\n.no-cssgridlegacy.no-cssgrid .gallery-shortcode.gallery-masonry-shortcode-id-f61e7805829708368ba0257b42a28df9:not(.resize-by-browser-width) .dt-css-grid {\n  display: flex;\n  flex-flow: row wrap;\n  margin: -5px;\n}\n.cssgridlegacy.no-cssgrid .gallery-shortcode.gallery-masonry-shortcode-id-f61e7805829708368ba0257b42a28df9:not(.resize-by-browser-width) .dt-css-grid .wf-cell,\n.no-cssgridlegacy.no-cssgrid .gallery-shortcode.gallery-masonry-shortcode-id-f61e7805829708368ba0257b42a28df9:not(.resize-by-browser-width) .dt-css-grid .wf-cell {\n  flex: 1 0 ;\n  min-width: ;\n  max-width: 100%;\n  padding: 5px;\n  box-sizing: border-box;\n}\n.gallery-shortcode.gallery-masonry-shortcode-id-f61e7805829708368ba0257b42a28df9.resize-by-browser-width .dt-css-grid {\n  grid-template-columns: repeat(6,1fr);\n  grid-template-rows: auto;\n  grid-column-gap: 10px;\n  grid-row-gap: 10px;\n}\n.gallery-shortcode.gallery-masonry-shortcode-id-f61e7805829708368ba0257b42a28df9.resize-by-browser-width .dt-css-grid .double-width {\n  grid-column: span 2;\n}\n.cssgridlegacy.no-cssgrid .gallery-shortcode.gallery-masonry-shortcode-id-f61e7805829708368ba0257b42a28df9.resize-by-browser-width .dt-css-grid {\n  margin: -5px;\n}\n.cssgridlegacy.no-cssgrid .gallery-shortcode.gallery-masonry-shortcode-id-f61e7805829708368ba0257b42a28df9.resize-by-browser-width .dt-css-grid .wf-cell {\n  width: 16.6666666667%;\n  padding: 5px;\n}\n.cssgridlegacy.no-cssgrid .gallery-shortcode.gallery-masonry-shortcode-id-f61e7805829708368ba0257b42a28df9.resize-by-browser-width .dt-css-grid .wf-cell.double-width {\n  width: calc(16.6666666667%) * 2;\n}\n.gallery-shortcode.gallery-masonry-shortcode-id-f61e7805829708368ba0257b42a28df9.resize-by-browser-width:not(.centered-layout-list):not(.content-bg-on) .dt-css-grid {\n  grid-row-gap: 10px - ;\n}\n@media screen and (max-width: 1199px) {\n  .gallery-shortcode.gallery-masonry-shortcode-id-f61e7805829708368ba0257b42a28df9.resize-by-browser-width .dt-css-grid {\n    grid-template-columns: repeat(4,1fr);\n  }\n  .cssgridlegacy.no-cssgrid .gallery-shortcode.gallery-masonry-shortcode-id-f61e7805829708368ba0257b42a28df9.resize-by-browser-width .dt-css-grid .wf-cell,\n  .no-cssgridlegacy.no-cssgrid .gallery-shortcode.gallery-masonry-shortcode-id-f61e7805829708368ba0257b42a28df9.resize-by-browser-width .dt-css-grid .wf-cell {\n    width: 25%;\n  }\n  .cssgridlegacy.no-cssgrid .gallery-shortcode.gallery-masonry-shortcode-id-f61e7805829708368ba0257b42a28df9.resize-by-browser-width .dt-css-grid .wf-cell.double-width,\n  .no-cssgridlegacy.no-cssgrid .gallery-shortcode.gallery-masonry-shortcode-id-f61e7805829708368ba0257b42a28df9.resize-by-browser-width .dt-css-grid .wf-cell.double-width {\n    width: calc(25%)*2;\n  }\n}\n@media screen and (max-width: 991px) {\n  .gallery-shortcode.gallery-masonry-shortcode-id-f61e7805829708368ba0257b42a28df9.resize-by-browser-width .dt-css-grid {\n    grid-template-columns: repeat(3,1fr);\n  }\n  .cssgridlegacy.no-cssgrid .gallery-shortcode.gallery-masonry-shortcode-id-f61e7805829708368ba0257b42a28df9.resize-by-browser-width .dt-css-grid .wf-cell,\n  .no-cssgridlegacy.no-cssgrid .gallery-shortcode.gallery-masonry-shortcode-id-f61e7805829708368ba0257b42a28df9.resize-by-browser-width .dt-css-grid .wf-cell {\n    width: 33.3333333333%;\n  }\n  .cssgridlegacy.no-cssgrid .gallery-shortcode.gallery-masonry-shortcode-id-f61e7805829708368ba0257b42a28df9.resize-by-browser-width .dt-css-grid .wf-cell.double-width,\n  .no-cssgridlegacy.no-cssgrid .gallery-shortcode.gallery-masonry-shortcode-id-f61e7805829708368ba0257b42a28df9.resize-by-browser-width .dt-css-grid .wf-cell.double-width {\n    width: calc(33.3333333333%)*2;\n  }\n}\n@media screen and (max-width: 767px) {\n  .gallery-shortcode.gallery-masonry-shortcode-id-f61e7805829708368ba0257b42a28df9.resize-by-browser-width .dt-css-grid {\n    grid-template-columns: repeat(2,1fr);\n  }\n  .cssgridlegacy.no-cssgrid .gallery-shortcode.gallery-masonry-shortcode-id-f61e7805829708368ba0257b42a28df9.resize-by-browser-width .dt-css-grid .wf-cell,\n  .no-cssgridlegacy.no-cssgrid .gallery-shortcode.gallery-masonry-shortcode-id-f61e7805829708368ba0257b42a28df9.resize-by-browser-width .dt-css-grid .wf-cell {\n    width: 50%;\n  }\n  .cssgridlegacy.no-cssgrid .gallery-shortcode.gallery-masonry-shortcode-id-f61e7805829708368ba0257b42a28df9.resize-by-browser-width .dt-css-grid .wf-cell.double-width,\n  .no-cssgridlegacy.no-cssgrid .gallery-shortcode.gallery-masonry-shortcode-id-f61e7805829708368ba0257b42a28df9.resize-by-browser-width .dt-css-grid .wf-cell.double-width {\n    width: calc(50%)*2;\n  }\n}\n<\/style><div class=\"gallery-shortcode dt-gallery-container gallery-masonry-shortcode-id-f61e7805829708368ba0257b42a28df9 mode-grid jquery-filter dt-icon-bg-off quick-scale-img dt-css-grid-wrap enable-bg-rollover resize-by-browser-width  hover-fade loading-effect-none description-on-hover\" data-padding=\"5px\" data-cur-page=\"1\" data-post-limit=\"-1\" data-pagination-mode=\"none\" data-desktop-columns-num=\"6\" data-v-tablet-columns-num=\"3\" data-h-tablet-columns-num=\"4\" data-phone-columns-num=\"2\" data-width=\"0px\" data-columns=\"0\"><div class=\"dt-css-grid\" ><div class=\"wf-cell\" data-post-id=\"2914\" data-date=\"2020-02-03T16:38:35+00:00\" data-name=\"A100\"><figure class=\"post visible\"><a href=\"https:\/\/www.turkinkjet.com\/tr\/wp-content\/uploads\/2020\/02\/A100.png\" class=\"rollover dt-pswp-item layzr-bg\" data-large_image_width=\"192\" data-large_image_height=\"250\" data-dt-img-description=\"\" title=\"A100\"><img loading=\"lazy\" decoding=\"async\" class=\"preload-me iso-lazy-load\" src=\"data:image\/svg+xml,%3Csvg%20xmlns%3D&#39;http%3A%2F%2Fwww.w3.org%2F2000%2Fsvg&#39;%20viewBox%3D&#39;0%200%20192%20192&#39;%2F%3E\" data-src=\"https:\/\/www.turkinkjet.com\/tr\/wp-content\/uploads\/2020\/02\/A100-192x192.png\" data-srcset=\"https:\/\/www.turkinkjet.com\/tr\/wp-content\/uploads\/2020\/02\/A100-192x192.png 192w\" alt=\"\" width=\"192\" height=\"192\"  \/><span class=\"gallery-rollover\"><span class=\"gallery-zoom-ico icomoon-the7-font-the7-zoom-06\"><span><\/span><\/span><\/span><\/a><\/figure><\/div><div class=\"wf-cell\" data-post-id=\"2915\" data-date=\"2020-02-03T16:39:00+00:00\" data-name=\"A200\"><figure class=\"post visible\"><a href=\"https:\/\/www.turkinkjet.com\/tr\/wp-content\/uploads\/2020\/02\/A200.png\" class=\"rollover dt-pswp-item layzr-bg\" data-large_image_width=\"505\" data-large_image_height=\"505\" data-dt-img-description=\"\" title=\"A200\"><img loading=\"lazy\" decoding=\"async\" class=\"preload-me iso-lazy-load\" src=\"data:image\/svg+xml,%3Csvg%20xmlns%3D&#39;http%3A%2F%2Fwww.w3.org%2F2000%2Fsvg&#39;%20viewBox%3D&#39;0%200%20359%20359&#39;%2F%3E\" data-src=\"https:\/\/www.turkinkjet.com\/tr\/wp-content\/uploads\/2020\/02\/A200-359x359.png\" data-srcset=\"https:\/\/www.turkinkjet.com\/tr\/wp-content\/uploads\/2020\/02\/A200-359x359.png 359w, https:\/\/www.turkinkjet.com\/tr\/wp-content\/uploads\/2020\/02\/A200.png 505w\" alt=\"\" width=\"359\" height=\"359\"  \/><span class=\"gallery-rollover\"><span class=\"gallery-zoom-ico icomoon-the7-font-the7-zoom-06\"><span><\/span><\/span><\/span><\/a><\/figure><\/div><div class=\"wf-cell\" data-post-id=\"2916\" data-date=\"2020-02-03T16:39:10+00:00\" data-name=\"A300\"><figure class=\"post visible\"><a href=\"https:\/\/www.turkinkjet.com\/tr\/wp-content\/uploads\/2020\/02\/A300.png\" class=\"rollover dt-pswp-item layzr-bg\" data-large_image_width=\"572\" data-large_image_height=\"440\" data-dt-img-description=\"\" title=\"A300\"><img loading=\"lazy\" decoding=\"async\" class=\"preload-me iso-lazy-load\" src=\"data:image\/svg+xml,%3Csvg%20xmlns%3D&#39;http%3A%2F%2Fwww.w3.org%2F2000%2Fsvg&#39;%20viewBox%3D&#39;0%200%20359%20359&#39;%2F%3E\" data-src=\"https:\/\/www.turkinkjet.com\/tr\/wp-content\/uploads\/2020\/02\/A300-359x359.png\" data-srcset=\"https:\/\/www.turkinkjet.com\/tr\/wp-content\/uploads\/2020\/02\/A300-359x359.png 359w, https:\/\/www.turkinkjet.com\/tr\/wp-content\/uploads\/2020\/02\/A300-440x440.png 440w\" alt=\"\" width=\"359\" height=\"359\"  \/><span class=\"gallery-rollover\"><span class=\"gallery-zoom-ico icomoon-the7-font-the7-zoom-06\"><span><\/span><\/span><\/span><\/a><\/figure><\/div><div class=\"wf-cell\" data-post-id=\"2917\" data-date=\"2020-02-03T16:39:18+00:00\" data-name=\"A-SERIES PLUS\"><figure class=\"post visible\"><a href=\"https:\/\/www.turkinkjet.com\/tr\/wp-content\/uploads\/2020\/02\/A-SERIES-PLUS.jpg\" class=\"rollover dt-pswp-item layzr-bg\" data-large_image_width=\"1200\" data-large_image_height=\"1600\" data-dt-img-description=\"\" title=\"A-SERIES PLUS\"><img loading=\"lazy\" decoding=\"async\" class=\"preload-me iso-lazy-load\" src=\"data:image\/svg+xml,%3Csvg%20xmlns%3D&#39;http%3A%2F%2Fwww.w3.org%2F2000%2Fsvg&#39;%20viewBox%3D&#39;0%200%20359%20359&#39;%2F%3E\" data-src=\"https:\/\/www.turkinkjet.com\/tr\/wp-content\/uploads\/2020\/02\/A-SERIES-PLUS-359x359.jpg\" data-srcset=\"https:\/\/www.turkinkjet.com\/tr\/wp-content\/uploads\/2020\/02\/A-SERIES-PLUS-359x359.jpg 359w, https:\/\/www.turkinkjet.com\/tr\/wp-content\/uploads\/2020\/02\/A-SERIES-PLUS-539x539.jpg 539w\" alt=\"\" width=\"359\" height=\"359\"  \/><span class=\"gallery-rollover\"><span class=\"gallery-zoom-ico icomoon-the7-font-the7-zoom-06\"><span><\/span><\/span><\/span><\/a><\/figure><\/div><div class=\"wf-cell\" data-post-id=\"2918\" data-date=\"2020-02-03T16:39:26+00:00\" data-name=\"DOMINO A-SER\u0130S\u0130 FULL RANGE\"><figure class=\"post visible\"><a href=\"https:\/\/www.turkinkjet.com\/tr\/wp-content\/uploads\/2020\/02\/DOMINO-A-SER\u0130S\u0130-FULL-RANGE.png\" class=\"rollover dt-pswp-item layzr-bg\" data-large_image_width=\"300\" data-large_image_height=\"234\" data-dt-img-description=\"\" title=\"DOMINO A-SER\u0130S\u0130 FULL RANGE\"><img loading=\"lazy\" decoding=\"async\" class=\"preload-me iso-lazy-load\" src=\"data:image\/svg+xml,%3Csvg%20xmlns%3D&#39;http%3A%2F%2Fwww.w3.org%2F2000%2Fsvg&#39;%20viewBox%3D&#39;0%200%20234%20234&#39;%2F%3E\" data-src=\"https:\/\/www.turkinkjet.com\/tr\/wp-content\/uploads\/2020\/02\/DOMINO-A-SER\u0130S\u0130-FULL-RANGE-234x234.png\" data-srcset=\"https:\/\/www.turkinkjet.com\/tr\/wp-content\/uploads\/2020\/02\/DOMINO-A-SER\u0130S\u0130-FULL-RANGE-234x234.png 234w\" alt=\"\" width=\"234\" height=\"234\"  \/><span class=\"gallery-rollover\"><span class=\"gallery-zoom-ico icomoon-the7-font-the7-zoom-06\"><span><\/span><\/span><\/span><\/a><\/figure><\/div><\/div><!-- iso-container|iso-grid --><\/div>[\/vc_column][\/vc_row]<\/p>\n<\/body>","protected":false},"excerpt":{"rendered":"<p>[vc_row][vc_column][\/vc_column][\/vc_row]<\/p>\n","protected":false},"author":1,"featured_media":0,"parent":0,"menu_order":20,"comment_status":"closed","ping_status":"closed","template":"","meta":{"om_disable_all_campaigns":false,"_monsterinsights_skip_tracking":false,"_monsterinsights_sitenote_active":false,"_monsterinsights_sitenote_note":"","_monsterinsights_sitenote_category":0},"class_list":["post-2913","page","type-page","status-publish","hentry","description-off"],"_links":{"self":[{"href":"https:\/\/www.turkinkjet.com\/tr\/wp-json\/wp\/v2\/pages\/2913"}],"collection":[{"href":"https:\/\/www.turkinkjet.com\/tr\/wp-json\/wp\/v2\/pages"}],"about":[{"href":"https:\/\/www.turkinkjet.com\/tr\/wp-json\/wp\/v2\/types\/page"}],"author":[{"embeddable":true,"href":"https:\/\/www.turkinkjet.com\/tr\/wp-json\/wp\/v2\/users\/1"}],"replies":[{"embeddable":true,"href":"https:\/\/www.turkinkjet.com\/tr\/wp-json\/wp\/v2\/comments?post=2913"}],"version-history":[{"count":2,"href":"https:\/\/www.turkinkjet.com\/tr\/wp-json\/wp\/v2\/pages\/2913\/revisions"}],"predecessor-version":[{"id":2969,"href":"https:\/\/www.turkinkjet.com\/tr\/wp-json\/wp\/v2\/pages\/2913\/revisions\/2969"}],"wp:attachment":[{"href":"https:\/\/www.turkinkjet.com\/tr\/wp-json\/wp\/v2\/media?parent=2913"}],"curies":[{"name":"wp","href":"https:\/\/api.w.org\/{rel}","templated":true}]}}