{"id":2858,"date":"2020-02-03T15:15:35","date_gmt":"2020-02-03T15:15:35","guid":{"rendered":"http:\/\/www.turkinkjet.com\/?page_id=2858"},"modified":"2020-02-03T15:15:35","modified_gmt":"2020-02-03T15:15:35","slug":"videojet-sarf-malzemeleri","status":"publish","type":"page","link":"https:\/\/www.turkinkjet.com\/tr\/videojet-sarf-malzemeleri\/","title":{"rendered":"Videojet Sarf Malzemeleri"},"content":{"rendered":"<body><p>[vc_row][vc_column]<style type=\"text\/css\" data-type=\"the7_shortcodes-inline-css\">.gallery-shortcode.gallery-masonry-shortcode-id-702e800881e518675fd30aad75c99d17 figure,\n.gallery-shortcode.gallery-masonry-shortcode-id-702e800881e518675fd30aad75c99d17 .rollover,\n.gallery-shortcode.gallery-masonry-shortcode-id-702e800881e518675fd30aad75c99d17 img,\n.gallery-shortcode.gallery-masonry-shortcode-id-702e800881e518675fd30aad75c99d17 .gallery-rollover {\n  border-radius: 0px;\n}\n.gallery-shortcode.gallery-masonry-shortcode-id-702e800881e518675fd30aad75c99d17.enable-bg-rollover .gallery-rollover {\n  background: ;\n  background: -webkit-linear-gradient();\n  background: linear-gradient();\n}\n.gallery-shortcode.gallery-masonry-shortcode-id-702e800881e518675fd30aad75c99d17.enable-img-shadow figure {\n  box-shadow: ;\n}\n.gallery-shortcode.gallery-masonry-shortcode-id-702e800881e518675fd30aad75c99d17.enable-bg-rollover.hover-scale figure .rollover:after {\n  background: ;\n  background: -webkit-linear-gradient();\n  background: linear-gradient();\n}\n.gallery-shortcode.gallery-masonry-shortcode-id-702e800881e518675fd30aad75c99d17 .gallery-zoom-ico {\n  width: 44px;\n  height: 44px;\n  line-height: 44px;\n  border-radius: 100px;\n  margin: -22px 0 0 -22px;\n  border-width: 0px;\n  color: #ffffff;\n}\n.dt-icon-bg-on.gallery-shortcode.gallery-masonry-shortcode-id-702e800881e518675fd30aad75c99d17 .gallery-zoom-ico {\n  background: rgba(255,255,255,0.3);\n  -webkit-box-shadow: none;\n  box-shadow: none;\n}\n.gallery-shortcode.gallery-masonry-shortcode-id-702e800881e518675fd30aad75c99d17 .gallery-zoom-ico:before {\n  font-size: 32px;\n  line-height: 44px;\n  color: #ffffff;\n}\n.gallery-shortcode.gallery-masonry-shortcode-id-702e800881e518675fd30aad75c99d17:not(.resize-by-browser-width) .dt-css-grid {\n  grid-row-gap: 10px;\n  grid-column-gap: 10px;\n  grid-template-columns: repeat(auto-fill,minmax(,1fr));\n}\n.gallery-shortcode.gallery-masonry-shortcode-id-702e800881e518675fd30aad75c99d17:not(.resize-by-browser-width) .dt-css-grid .double-width {\n  grid-column: span 2;\n}\n.cssgridlegacy.no-cssgrid .gallery-shortcode.gallery-masonry-shortcode-id-702e800881e518675fd30aad75c99d17:not(.resize-by-browser-width) .dt-css-grid,\n.no-cssgridlegacy.no-cssgrid .gallery-shortcode.gallery-masonry-shortcode-id-702e800881e518675fd30aad75c99d17:not(.resize-by-browser-width) .dt-css-grid {\n  display: flex;\n  flex-flow: row wrap;\n  margin: -5px;\n}\n.cssgridlegacy.no-cssgrid .gallery-shortcode.gallery-masonry-shortcode-id-702e800881e518675fd30aad75c99d17:not(.resize-by-browser-width) .dt-css-grid .wf-cell,\n.no-cssgridlegacy.no-cssgrid .gallery-shortcode.gallery-masonry-shortcode-id-702e800881e518675fd30aad75c99d17:not(.resize-by-browser-width) .dt-css-grid .wf-cell {\n  flex: 1 0 ;\n  min-width: ;\n  max-width: 100%;\n  padding: 5px;\n  box-sizing: border-box;\n}\n.gallery-shortcode.gallery-masonry-shortcode-id-702e800881e518675fd30aad75c99d17.resize-by-browser-width .dt-css-grid {\n  grid-template-columns: repeat(6,1fr);\n  grid-template-rows: auto;\n  grid-column-gap: 10px;\n  grid-row-gap: 10px;\n}\n.gallery-shortcode.gallery-masonry-shortcode-id-702e800881e518675fd30aad75c99d17.resize-by-browser-width .dt-css-grid .double-width {\n  grid-column: span 2;\n}\n.cssgridlegacy.no-cssgrid .gallery-shortcode.gallery-masonry-shortcode-id-702e800881e518675fd30aad75c99d17.resize-by-browser-width .dt-css-grid {\n  margin: -5px;\n}\n.cssgridlegacy.no-cssgrid .gallery-shortcode.gallery-masonry-shortcode-id-702e800881e518675fd30aad75c99d17.resize-by-browser-width .dt-css-grid .wf-cell {\n  width: 16.6666666667%;\n  padding: 5px;\n}\n.cssgridlegacy.no-cssgrid .gallery-shortcode.gallery-masonry-shortcode-id-702e800881e518675fd30aad75c99d17.resize-by-browser-width .dt-css-grid .wf-cell.double-width {\n  width: calc(16.6666666667%) * 2;\n}\n.gallery-shortcode.gallery-masonry-shortcode-id-702e800881e518675fd30aad75c99d17.resize-by-browser-width:not(.centered-layout-list):not(.content-bg-on) .dt-css-grid {\n  grid-row-gap: 10px - ;\n}\n@media screen and (max-width: 1199px) {\n  .gallery-shortcode.gallery-masonry-shortcode-id-702e800881e518675fd30aad75c99d17.resize-by-browser-width .dt-css-grid {\n    grid-template-columns: repeat(4,1fr);\n  }\n  .cssgridlegacy.no-cssgrid .gallery-shortcode.gallery-masonry-shortcode-id-702e800881e518675fd30aad75c99d17.resize-by-browser-width .dt-css-grid .wf-cell,\n  .no-cssgridlegacy.no-cssgrid .gallery-shortcode.gallery-masonry-shortcode-id-702e800881e518675fd30aad75c99d17.resize-by-browser-width .dt-css-grid .wf-cell {\n    width: 25%;\n  }\n  .cssgridlegacy.no-cssgrid .gallery-shortcode.gallery-masonry-shortcode-id-702e800881e518675fd30aad75c99d17.resize-by-browser-width .dt-css-grid .wf-cell.double-width,\n  .no-cssgridlegacy.no-cssgrid .gallery-shortcode.gallery-masonry-shortcode-id-702e800881e518675fd30aad75c99d17.resize-by-browser-width .dt-css-grid .wf-cell.double-width {\n    width: calc(25%)*2;\n  }\n}\n@media screen and (max-width: 991px) {\n  .gallery-shortcode.gallery-masonry-shortcode-id-702e800881e518675fd30aad75c99d17.resize-by-browser-width .dt-css-grid {\n    grid-template-columns: repeat(3,1fr);\n  }\n  .cssgridlegacy.no-cssgrid .gallery-shortcode.gallery-masonry-shortcode-id-702e800881e518675fd30aad75c99d17.resize-by-browser-width .dt-css-grid .wf-cell,\n  .no-cssgridlegacy.no-cssgrid .gallery-shortcode.gallery-masonry-shortcode-id-702e800881e518675fd30aad75c99d17.resize-by-browser-width .dt-css-grid .wf-cell {\n    width: 33.3333333333%;\n  }\n  .cssgridlegacy.no-cssgrid .gallery-shortcode.gallery-masonry-shortcode-id-702e800881e518675fd30aad75c99d17.resize-by-browser-width .dt-css-grid .wf-cell.double-width,\n  .no-cssgridlegacy.no-cssgrid .gallery-shortcode.gallery-masonry-shortcode-id-702e800881e518675fd30aad75c99d17.resize-by-browser-width .dt-css-grid .wf-cell.double-width {\n    width: calc(33.3333333333%)*2;\n  }\n}\n@media screen and (max-width: 767px) {\n  .gallery-shortcode.gallery-masonry-shortcode-id-702e800881e518675fd30aad75c99d17.resize-by-browser-width .dt-css-grid {\n    grid-template-columns: repeat(2,1fr);\n  }\n  .cssgridlegacy.no-cssgrid .gallery-shortcode.gallery-masonry-shortcode-id-702e800881e518675fd30aad75c99d17.resize-by-browser-width .dt-css-grid .wf-cell,\n  .no-cssgridlegacy.no-cssgrid .gallery-shortcode.gallery-masonry-shortcode-id-702e800881e518675fd30aad75c99d17.resize-by-browser-width .dt-css-grid .wf-cell {\n    width: 50%;\n  }\n  .cssgridlegacy.no-cssgrid .gallery-shortcode.gallery-masonry-shortcode-id-702e800881e518675fd30aad75c99d17.resize-by-browser-width .dt-css-grid .wf-cell.double-width,\n  .no-cssgridlegacy.no-cssgrid .gallery-shortcode.gallery-masonry-shortcode-id-702e800881e518675fd30aad75c99d17.resize-by-browser-width .dt-css-grid .wf-cell.double-width {\n    width: calc(50%)*2;\n  }\n}\n<\/style><div class=\"gallery-shortcode dt-gallery-container gallery-masonry-shortcode-id-702e800881e518675fd30aad75c99d17 mode-grid jquery-filter dt-icon-bg-off quick-scale-img dt-css-grid-wrap enable-bg-rollover resize-by-browser-width  hover-fade loading-effect-none description-on-hover\" data-padding=\"5px\" data-cur-page=\"1\" data-post-limit=\"-1\" data-pagination-mode=\"none\" data-desktop-columns-num=\"6\" data-v-tablet-columns-num=\"3\" data-h-tablet-columns-num=\"4\" data-phone-columns-num=\"2\" data-width=\"0px\" data-columns=\"0\"><div class=\"dt-css-grid\" ><div class=\"wf-cell\" data-post-id=\"2859\" data-date=\"2020-02-03T15:10:40+00:00\" data-name=\"Videojet Chip \u00c7ip\"><figure class=\"post visible\"><a href=\"https:\/\/www.turkinkjet.com\/tr\/wp-content\/uploads\/2020\/02\/Videojet-Chip-\u00c7ip.jpg\" class=\"rollover dt-pswp-item layzr-bg\" data-large_image_width=\"750\" data-large_image_height=\"750\" data-dt-img-description=\"\" title=\"Videojet Chip \u00c7ip\"><img loading=\"lazy\" decoding=\"async\" class=\"preload-me iso-lazy-load\" src=\"data:image\/svg+xml,%3Csvg%20xmlns%3D&#39;http%3A%2F%2Fwww.w3.org%2F2000%2Fsvg&#39;%20viewBox%3D&#39;0%200%20359%20359&#39;%2F%3E\" data-src=\"https:\/\/www.turkinkjet.com\/tr\/wp-content\/uploads\/2020\/02\/Videojet-Chip-\u00c7ip-359x359.jpg\" data-srcset=\"https:\/\/www.turkinkjet.com\/tr\/wp-content\/uploads\/2020\/02\/Videojet-Chip-\u00c7ip-359x359.jpg 359w, https:\/\/www.turkinkjet.com\/tr\/wp-content\/uploads\/2020\/02\/Videojet-Chip-\u00c7ip-539x539.jpg 539w\" alt=\"\" width=\"359\" height=\"359\"  \/><span class=\"gallery-rollover\"><span class=\"gallery-zoom-ico icomoon-the7-font-the7-zoom-06\"><span><\/span><\/span><\/span><\/a><\/figure><\/div><div class=\"wf-cell\" data-post-id=\"2860\" data-date=\"2020-02-03T15:10:47+00:00\" data-name=\"Videojet Kartu\u015f-k\u0131za\u011f\u0131-ve-\u00e7ipi\"><figure class=\"post visible\"><a href=\"https:\/\/www.turkinkjet.com\/tr\/wp-content\/uploads\/2020\/02\/Videojet-Kartu\u015f-k\u0131za\u011f\u0131-ve-\u00e7ipi.jpg\" class=\"rollover dt-pswp-item layzr-bg\" data-large_image_width=\"750\" data-large_image_height=\"750\" data-dt-img-description=\"\" title=\"Videojet Kartu\u015f-k\u0131za\u011f\u0131-ve-\u00e7ipi\"><img loading=\"lazy\" decoding=\"async\" class=\"preload-me iso-lazy-load\" src=\"data:image\/svg+xml,%3Csvg%20xmlns%3D&#39;http%3A%2F%2Fwww.w3.org%2F2000%2Fsvg&#39;%20viewBox%3D&#39;0%200%20359%20359&#39;%2F%3E\" data-src=\"https:\/\/www.turkinkjet.com\/tr\/wp-content\/uploads\/2020\/02\/Videojet-Kartu\u015f-k\u0131za\u011f\u0131-ve-\u00e7ipi-359x359.jpg\" data-srcset=\"https:\/\/www.turkinkjet.com\/tr\/wp-content\/uploads\/2020\/02\/Videojet-Kartu\u015f-k\u0131za\u011f\u0131-ve-\u00e7ipi-359x359.jpg 359w, https:\/\/www.turkinkjet.com\/tr\/wp-content\/uploads\/2020\/02\/Videojet-Kartu\u015f-k\u0131za\u011f\u0131-ve-\u00e7ipi-539x539.jpg 539w\" alt=\"\" width=\"359\" height=\"359\"  \/><span class=\"gallery-rollover\"><span class=\"gallery-zoom-ico icomoon-the7-font-the7-zoom-06\"><span><\/span><\/span><\/span><\/a><\/figure><\/div><div class=\"wf-cell\" data-post-id=\"2861\" data-date=\"2020-02-03T15:10:53+00:00\" data-name=\"Videojet V410-D\"><figure class=\"post visible\"><a href=\"https:\/\/www.turkinkjet.com\/tr\/wp-content\/uploads\/2020\/02\/Videojet-V410-D.jpg\" class=\"rollover dt-pswp-item layzr-bg\" data-large_image_width=\"750\" data-large_image_height=\"750\" data-dt-img-description=\"\" title=\"Videojet V410-D\"><img loading=\"lazy\" decoding=\"async\" class=\"preload-me iso-lazy-load\" src=\"data:image\/svg+xml,%3Csvg%20xmlns%3D&#39;http%3A%2F%2Fwww.w3.org%2F2000%2Fsvg&#39;%20viewBox%3D&#39;0%200%20359%20359&#39;%2F%3E\" data-src=\"https:\/\/www.turkinkjet.com\/tr\/wp-content\/uploads\/2020\/02\/Videojet-V410-D-359x359.jpg\" data-srcset=\"https:\/\/www.turkinkjet.com\/tr\/wp-content\/uploads\/2020\/02\/Videojet-V410-D-359x359.jpg 359w, https:\/\/www.turkinkjet.com\/tr\/wp-content\/uploads\/2020\/02\/Videojet-V410-D-539x539.jpg 539w\" alt=\"\" width=\"359\" height=\"359\"  \/><span class=\"gallery-rollover\"><span class=\"gallery-zoom-ico icomoon-the7-font-the7-zoom-06\"><span><\/span><\/span><\/span><\/a><\/figure><\/div><div class=\"wf-cell\" data-post-id=\"2862\" data-date=\"2020-02-03T15:11:04+00:00\" data-name=\"Videojet V410-D-V411-D\"><figure class=\"post visible\"><a href=\"https:\/\/www.turkinkjet.com\/tr\/wp-content\/uploads\/2020\/02\/Videojet-V410-D-V411-D.jpg\" class=\"rollover dt-pswp-item layzr-bg\" data-large_image_width=\"750\" data-large_image_height=\"750\" data-dt-img-description=\"\" title=\"Videojet V410-D-V411-D\"><img loading=\"lazy\" decoding=\"async\" class=\"preload-me iso-lazy-load\" src=\"data:image\/svg+xml,%3Csvg%20xmlns%3D&#39;http%3A%2F%2Fwww.w3.org%2F2000%2Fsvg&#39;%20viewBox%3D&#39;0%200%20359%20359&#39;%2F%3E\" data-src=\"https:\/\/www.turkinkjet.com\/tr\/wp-content\/uploads\/2020\/02\/Videojet-V410-D-V411-D-359x359.jpg\" data-srcset=\"https:\/\/www.turkinkjet.com\/tr\/wp-content\/uploads\/2020\/02\/Videojet-V410-D-V411-D-359x359.jpg 359w, https:\/\/www.turkinkjet.com\/tr\/wp-content\/uploads\/2020\/02\/Videojet-V410-D-V411-D-539x539.jpg 539w\" alt=\"\" width=\"359\" height=\"359\"  \/><span class=\"gallery-rollover\"><span class=\"gallery-zoom-ico icomoon-the7-font-the7-zoom-06\"><span><\/span><\/span><\/span><\/a><\/figure><\/div><div class=\"wf-cell\" data-post-id=\"2863\" data-date=\"2020-02-03T15:11:12+00:00\" data-name=\"Videojet V705-D\"><figure class=\"post visible\"><a href=\"https:\/\/www.turkinkjet.com\/tr\/wp-content\/uploads\/2020\/02\/Videojet-V705-D.jpg\" class=\"rollover dt-pswp-item layzr-bg\" data-large_image_width=\"750\" data-large_image_height=\"750\" data-dt-img-description=\"\" title=\"Videojet V705-D\"><img loading=\"lazy\" decoding=\"async\" class=\"preload-me iso-lazy-load\" src=\"data:image\/svg+xml,%3Csvg%20xmlns%3D&#39;http%3A%2F%2Fwww.w3.org%2F2000%2Fsvg&#39;%20viewBox%3D&#39;0%200%20359%20359&#39;%2F%3E\" data-src=\"https:\/\/www.turkinkjet.com\/tr\/wp-content\/uploads\/2020\/02\/Videojet-V705-D-359x359.jpg\" data-srcset=\"https:\/\/www.turkinkjet.com\/tr\/wp-content\/uploads\/2020\/02\/Videojet-V705-D-359x359.jpg 359w, https:\/\/www.turkinkjet.com\/tr\/wp-content\/uploads\/2020\/02\/Videojet-V705-D-539x539.jpg 539w\" alt=\"\" width=\"359\" height=\"359\"  \/><span class=\"gallery-rollover\"><span class=\"gallery-zoom-ico icomoon-the7-font-the7-zoom-06\"><span><\/span><\/span><\/span><\/a><\/figure><\/div><div class=\"wf-cell\" data-post-id=\"2864\" data-date=\"2020-02-03T15:11:20+00:00\" data-name=\"Videojet V705-DV706-D\"><figure class=\"post visible\"><a href=\"https:\/\/www.turkinkjet.com\/tr\/wp-content\/uploads\/2020\/02\/Videojet-V705-DV706-D.jpg\" class=\"rollover dt-pswp-item layzr-bg\" data-large_image_width=\"750\" data-large_image_height=\"750\" data-dt-img-description=\"\" title=\"Videojet V705-DV706-D\"><img loading=\"lazy\" decoding=\"async\" class=\"preload-me iso-lazy-load\" src=\"data:image\/svg+xml,%3Csvg%20xmlns%3D&#39;http%3A%2F%2Fwww.w3.org%2F2000%2Fsvg&#39;%20viewBox%3D&#39;0%200%20359%20359&#39;%2F%3E\" data-src=\"https:\/\/www.turkinkjet.com\/tr\/wp-content\/uploads\/2020\/02\/Videojet-V705-DV706-D-359x359.jpg\" data-srcset=\"https:\/\/www.turkinkjet.com\/tr\/wp-content\/uploads\/2020\/02\/Videojet-V705-DV706-D-359x359.jpg 359w, https:\/\/www.turkinkjet.com\/tr\/wp-content\/uploads\/2020\/02\/Videojet-V705-DV706-D-539x539.jpg 539w\" alt=\"\" width=\"359\" height=\"359\"  \/><span class=\"gallery-rollover\"><span class=\"gallery-zoom-ico icomoon-the7-font-the7-zoom-06\"><span><\/span><\/span><\/span><\/a><\/figure><\/div><div class=\"wf-cell\" data-post-id=\"2865\" data-date=\"2020-02-03T15:11:28+00:00\" data-name=\"Videojet V706-D (2)\"><figure class=\"post visible\"><a href=\"https:\/\/www.turkinkjet.com\/tr\/wp-content\/uploads\/2020\/02\/Videojet-V706-D-2.jpg\" class=\"rollover dt-pswp-item layzr-bg\" data-large_image_width=\"750\" data-large_image_height=\"750\" data-dt-img-description=\"\" title=\"Videojet V706-D (2)\"><img loading=\"lazy\" decoding=\"async\" class=\"preload-me iso-lazy-load\" src=\"data:image\/svg+xml,%3Csvg%20xmlns%3D&#39;http%3A%2F%2Fwww.w3.org%2F2000%2Fsvg&#39;%20viewBox%3D&#39;0%200%20359%20359&#39;%2F%3E\" data-src=\"https:\/\/www.turkinkjet.com\/tr\/wp-content\/uploads\/2020\/02\/Videojet-V706-D-2-359x359.jpg\" data-srcset=\"https:\/\/www.turkinkjet.com\/tr\/wp-content\/uploads\/2020\/02\/Videojet-V706-D-2-359x359.jpg 359w, https:\/\/www.turkinkjet.com\/tr\/wp-content\/uploads\/2020\/02\/Videojet-V706-D-2-539x539.jpg 539w\" alt=\"\" width=\"359\" height=\"359\"  \/><span class=\"gallery-rollover\"><span class=\"gallery-zoom-ico icomoon-the7-font-the7-zoom-06\"><span><\/span><\/span><\/span><\/a><\/figure><\/div><div class=\"wf-cell\" data-post-id=\"2866\" data-date=\"2020-02-03T15:11:39+00:00\" data-name=\"Videojet V706-D\"><figure class=\"post visible\"><a href=\"https:\/\/www.turkinkjet.com\/tr\/wp-content\/uploads\/2020\/02\/Videojet-V706-D.jpg\" class=\"rollover dt-pswp-item layzr-bg\" data-large_image_width=\"750\" data-large_image_height=\"750\" data-dt-img-description=\"\" title=\"Videojet V706-D\"><img loading=\"lazy\" decoding=\"async\" class=\"preload-me iso-lazy-load\" src=\"data:image\/svg+xml,%3Csvg%20xmlns%3D&#39;http%3A%2F%2Fwww.w3.org%2F2000%2Fsvg&#39;%20viewBox%3D&#39;0%200%20359%20359&#39;%2F%3E\" data-src=\"https:\/\/www.turkinkjet.com\/tr\/wp-content\/uploads\/2020\/02\/Videojet-V706-D-359x359.jpg\" data-srcset=\"https:\/\/www.turkinkjet.com\/tr\/wp-content\/uploads\/2020\/02\/Videojet-V706-D-359x359.jpg 359w, https:\/\/www.turkinkjet.com\/tr\/wp-content\/uploads\/2020\/02\/Videojet-V706-D-539x539.jpg 539w\" alt=\"\" width=\"359\" height=\"359\"  \/><span class=\"gallery-rollover\"><span class=\"gallery-zoom-ico icomoon-the7-font-the7-zoom-06\"><span><\/span><\/span><\/span><\/a><\/figure><\/div><div class=\"wf-cell\" data-post-id=\"2867\" data-date=\"2020-02-03T15:11:48+00:00\" data-name=\"Videojet Yan-bilgiler-1\"><figure class=\"post visible\"><a href=\"https:\/\/www.turkinkjet.com\/tr\/wp-content\/uploads\/2020\/02\/Videojet-Yan-bilgiler-1.jpg\" class=\"rollover dt-pswp-item layzr-bg\" data-large_image_width=\"750\" data-large_image_height=\"750\" data-dt-img-description=\"\" title=\"Videojet Yan-bilgiler-1\"><img loading=\"lazy\" decoding=\"async\" class=\"preload-me iso-lazy-load\" src=\"data:image\/svg+xml,%3Csvg%20xmlns%3D&#39;http%3A%2F%2Fwww.w3.org%2F2000%2Fsvg&#39;%20viewBox%3D&#39;0%200%20359%20359&#39;%2F%3E\" data-src=\"https:\/\/www.turkinkjet.com\/tr\/wp-content\/uploads\/2020\/02\/Videojet-Yan-bilgiler-1-359x359.jpg\" data-srcset=\"https:\/\/www.turkinkjet.com\/tr\/wp-content\/uploads\/2020\/02\/Videojet-Yan-bilgiler-1-359x359.jpg 359w, https:\/\/www.turkinkjet.com\/tr\/wp-content\/uploads\/2020\/02\/Videojet-Yan-bilgiler-1-539x539.jpg 539w\" alt=\"\" width=\"359\" height=\"359\"  \/><span class=\"gallery-rollover\"><span class=\"gallery-zoom-ico icomoon-the7-font-the7-zoom-06\"><span><\/span><\/span><\/span><\/a><\/figure><\/div><div class=\"wf-cell\" data-post-id=\"2868\" data-date=\"2020-02-03T15:12:00+00:00\" data-name=\"Videojet Yan-bilgiler-2\"><figure class=\"post visible\"><a href=\"https:\/\/www.turkinkjet.com\/tr\/wp-content\/uploads\/2020\/02\/Videojet-Yan-bilgiler-2.jpg\" class=\"rollover dt-pswp-item layzr-bg\" data-large_image_width=\"750\" data-large_image_height=\"750\" data-dt-img-description=\"\" title=\"Videojet Yan-bilgiler-2\"><img loading=\"lazy\" decoding=\"async\" class=\"preload-me iso-lazy-load\" src=\"data:image\/svg+xml,%3Csvg%20xmlns%3D&#39;http%3A%2F%2Fwww.w3.org%2F2000%2Fsvg&#39;%20viewBox%3D&#39;0%200%20359%20359&#39;%2F%3E\" data-src=\"https:\/\/www.turkinkjet.com\/tr\/wp-content\/uploads\/2020\/02\/Videojet-Yan-bilgiler-2-359x359.jpg\" data-srcset=\"https:\/\/www.turkinkjet.com\/tr\/wp-content\/uploads\/2020\/02\/Videojet-Yan-bilgiler-2-359x359.jpg 359w, https:\/\/www.turkinkjet.com\/tr\/wp-content\/uploads\/2020\/02\/Videojet-Yan-bilgiler-2-539x539.jpg 539w\" alt=\"\" width=\"359\" height=\"359\"  \/><span class=\"gallery-rollover\"><span class=\"gallery-zoom-ico icomoon-the7-font-the7-zoom-06\"><span><\/span><\/span><\/span><\/a><\/figure><\/div><div class=\"wf-cell\" data-post-id=\"2869\" data-date=\"2020-02-03T15:12:06+00:00\" data-name=\"Videojet V411-D\"><figure class=\"post visible\"><a href=\"https:\/\/www.turkinkjet.com\/tr\/wp-content\/uploads\/2020\/02\/Videojet-V411-D.jpg\" class=\"rollover dt-pswp-item layzr-bg\" data-large_image_width=\"750\" data-large_image_height=\"750\" data-dt-img-description=\"\" title=\"Videojet V411-D\"><img loading=\"lazy\" decoding=\"async\" class=\"preload-me iso-lazy-load\" src=\"data:image\/svg+xml,%3Csvg%20xmlns%3D&#39;http%3A%2F%2Fwww.w3.org%2F2000%2Fsvg&#39;%20viewBox%3D&#39;0%200%20359%20359&#39;%2F%3E\" data-src=\"https:\/\/www.turkinkjet.com\/tr\/wp-content\/uploads\/2020\/02\/Videojet-V411-D-359x359.jpg\" data-srcset=\"https:\/\/www.turkinkjet.com\/tr\/wp-content\/uploads\/2020\/02\/Videojet-V411-D-359x359.jpg 359w, https:\/\/www.turkinkjet.com\/tr\/wp-content\/uploads\/2020\/02\/Videojet-V411-D-539x539.jpg 539w\" alt=\"\" width=\"359\" height=\"359\"  \/><span class=\"gallery-rollover\"><span class=\"gallery-zoom-ico icomoon-the7-font-the7-zoom-06\"><span><\/span><\/span><\/span><\/a><\/figure><\/div><div class=\"wf-cell\" data-post-id=\"2870\" data-date=\"2020-02-03T15:12:12+00:00\" data-name=\"Videojet b\u00fct\u00fcn-sarflar (2)\"><figure class=\"post visible\"><a href=\"https:\/\/www.turkinkjet.com\/tr\/wp-content\/uploads\/2020\/02\/Videojet-b\u00fct\u00fcn-sarflar-2.jpg\" class=\"rollover dt-pswp-item layzr-bg\" data-large_image_width=\"750\" data-large_image_height=\"750\" data-dt-img-description=\"\" title=\"Videojet b\u00fct\u00fcn-sarflar (2)\"><img loading=\"lazy\" decoding=\"async\" class=\"preload-me iso-lazy-load\" src=\"data:image\/svg+xml,%3Csvg%20xmlns%3D&#39;http%3A%2F%2Fwww.w3.org%2F2000%2Fsvg&#39;%20viewBox%3D&#39;0%200%20359%20359&#39;%2F%3E\" data-src=\"https:\/\/www.turkinkjet.com\/tr\/wp-content\/uploads\/2020\/02\/Videojet-b\u00fct\u00fcn-sarflar-2-359x359.jpg\" data-srcset=\"https:\/\/www.turkinkjet.com\/tr\/wp-content\/uploads\/2020\/02\/Videojet-b\u00fct\u00fcn-sarflar-2-359x359.jpg 359w, https:\/\/www.turkinkjet.com\/tr\/wp-content\/uploads\/2020\/02\/Videojet-b\u00fct\u00fcn-sarflar-2-539x539.jpg 539w\" alt=\"\" width=\"359\" height=\"359\"  \/><span class=\"gallery-rollover\"><span class=\"gallery-zoom-ico icomoon-the7-font-the7-zoom-06\"><span><\/span><\/span><\/span><\/a><\/figure><\/div><div class=\"wf-cell\" data-post-id=\"2871\" data-date=\"2020-02-03T15:12:31+00:00\" data-name=\"Videojet b\u00fct\u00fcn-sarflar (3)\"><figure class=\"post visible\"><a href=\"https:\/\/www.turkinkjet.com\/tr\/wp-content\/uploads\/2020\/02\/Videojet-b\u00fct\u00fcn-sarflar-3-rotated.jpg\" class=\"rollover dt-pswp-item layzr-bg\" data-large_image_width=\"750\" data-large_image_height=\"750\" data-dt-img-description=\"\" title=\"Videojet b\u00fct\u00fcn-sarflar (3)\"><img loading=\"lazy\" decoding=\"async\" class=\"preload-me iso-lazy-load\" src=\"data:image\/svg+xml,%3Csvg%20xmlns%3D&#39;http%3A%2F%2Fwww.w3.org%2F2000%2Fsvg&#39;%20viewBox%3D&#39;0%200%20359%20359&#39;%2F%3E\" data-src=\"https:\/\/www.turkinkjet.com\/tr\/wp-content\/uploads\/2020\/02\/Videojet-b\u00fct\u00fcn-sarflar-3-rotated-359x359.jpg\" data-srcset=\"https:\/\/www.turkinkjet.com\/tr\/wp-content\/uploads\/2020\/02\/Videojet-b\u00fct\u00fcn-sarflar-3-rotated-359x359.jpg 359w, https:\/\/www.turkinkjet.com\/tr\/wp-content\/uploads\/2020\/02\/Videojet-b\u00fct\u00fcn-sarflar-3-rotated-539x539.jpg 539w\" alt=\"\" width=\"359\" height=\"359\"  \/><span class=\"gallery-rollover\"><span class=\"gallery-zoom-ico icomoon-the7-font-the7-zoom-06\"><span><\/span><\/span><\/span><\/a><\/figure><\/div><div class=\"wf-cell\" data-post-id=\"2872\" data-date=\"2020-02-03T15:12:41+00:00\" data-name=\"Videojet b\u00fct\u00fcn-sarflar (4)\"><figure class=\"post visible\"><a href=\"https:\/\/www.turkinkjet.com\/tr\/wp-content\/uploads\/2020\/02\/Videojet-b\u00fct\u00fcn-sarflar-4.jpg\" class=\"rollover dt-pswp-item layzr-bg\" data-large_image_width=\"750\" data-large_image_height=\"750\" data-dt-img-description=\"\" title=\"Videojet b\u00fct\u00fcn-sarflar (4)\"><img loading=\"lazy\" decoding=\"async\" class=\"preload-me iso-lazy-load\" src=\"data:image\/svg+xml,%3Csvg%20xmlns%3D&#39;http%3A%2F%2Fwww.w3.org%2F2000%2Fsvg&#39;%20viewBox%3D&#39;0%200%20359%20359&#39;%2F%3E\" data-src=\"https:\/\/www.turkinkjet.com\/tr\/wp-content\/uploads\/2020\/02\/Videojet-b\u00fct\u00fcn-sarflar-4-359x359.jpg\" data-srcset=\"https:\/\/www.turkinkjet.com\/tr\/wp-content\/uploads\/2020\/02\/Videojet-b\u00fct\u00fcn-sarflar-4-359x359.jpg 359w, https:\/\/www.turkinkjet.com\/tr\/wp-content\/uploads\/2020\/02\/Videojet-b\u00fct\u00fcn-sarflar-4-539x539.jpg 539w\" alt=\"\" width=\"359\" height=\"359\"  \/><span class=\"gallery-rollover\"><span class=\"gallery-zoom-ico icomoon-the7-font-the7-zoom-06\"><span><\/span><\/span><\/span><\/a><\/figure><\/div><div class=\"wf-cell\" data-post-id=\"2873\" data-date=\"2020-02-03T15:12:49+00:00\" data-name=\"Videojet b\u00fct\u00fcn-sarflar\"><figure class=\"post visible\"><a href=\"https:\/\/www.turkinkjet.com\/tr\/wp-content\/uploads\/2020\/02\/Videojet-b\u00fct\u00fcn-sarflar-rotated.jpg\" class=\"rollover dt-pswp-item layzr-bg\" data-large_image_width=\"750\" data-large_image_height=\"750\" data-dt-img-description=\"\" title=\"Videojet b\u00fct\u00fcn-sarflar\"><img loading=\"lazy\" decoding=\"async\" class=\"preload-me iso-lazy-load\" src=\"data:image\/svg+xml,%3Csvg%20xmlns%3D&#39;http%3A%2F%2Fwww.w3.org%2F2000%2Fsvg&#39;%20viewBox%3D&#39;0%200%20359%20359&#39;%2F%3E\" data-src=\"https:\/\/www.turkinkjet.com\/tr\/wp-content\/uploads\/2020\/02\/Videojet-b\u00fct\u00fcn-sarflar-rotated-359x359.jpg\" data-srcset=\"https:\/\/www.turkinkjet.com\/tr\/wp-content\/uploads\/2020\/02\/Videojet-b\u00fct\u00fcn-sarflar-rotated-359x359.jpg 359w, https:\/\/www.turkinkjet.com\/tr\/wp-content\/uploads\/2020\/02\/Videojet-b\u00fct\u00fcn-sarflar-rotated-539x539.jpg 539w\" alt=\"\" width=\"359\" height=\"359\"  \/><span class=\"gallery-rollover\"><span class=\"gallery-zoom-ico icomoon-the7-font-the7-zoom-06\"><span><\/span><\/span><\/span><\/a><\/figure><\/div><\/div><!-- iso-container|iso-grid --><\/div>[\/vc_column][\/vc_row]<\/p>\n<\/body>","protected":false},"excerpt":{"rendered":"<p>[vc_row][vc_column][\/vc_column][\/vc_row]<\/p>\n","protected":false},"author":1,"featured_media":0,"parent":0,"menu_order":20,"comment_status":"closed","ping_status":"closed","template":"","meta":{"om_disable_all_campaigns":false,"_monsterinsights_skip_tracking":false,"_monsterinsights_sitenote_active":false,"_monsterinsights_sitenote_note":"","_monsterinsights_sitenote_category":0},"class_list":["post-2858","page","type-page","status-publish","hentry","description-off"],"_links":{"self":[{"href":"https:\/\/www.turkinkjet.com\/tr\/wp-json\/wp\/v2\/pages\/2858"}],"collection":[{"href":"https:\/\/www.turkinkjet.com\/tr\/wp-json\/wp\/v2\/pages"}],"about":[{"href":"https:\/\/www.turkinkjet.com\/tr\/wp-json\/wp\/v2\/types\/page"}],"author":[{"embeddable":true,"href":"https:\/\/www.turkinkjet.com\/tr\/wp-json\/wp\/v2\/users\/1"}],"replies":[{"embeddable":true,"href":"https:\/\/www.turkinkjet.com\/tr\/wp-json\/wp\/v2\/comments?post=2858"}],"version-history":[{"count":1,"href":"https:\/\/www.turkinkjet.com\/tr\/wp-json\/wp\/v2\/pages\/2858\/revisions"}],"predecessor-version":[{"id":2874,"href":"https:\/\/www.turkinkjet.com\/tr\/wp-json\/wp\/v2\/pages\/2858\/revisions\/2874"}],"wp:attachment":[{"href":"https:\/\/www.turkinkjet.com\/tr\/wp-json\/wp\/v2\/media?parent=2858"}],"curies":[{"name":"wp","href":"https:\/\/api.w.org\/{rel}","templated":true}]}}