{"id":2835,"date":"2020-02-03T14:12:41","date_gmt":"2020-02-03T14:12:41","guid":{"rendered":"http:\/\/www.turkinkjet.com\/?page_id=2835"},"modified":"2020-02-03T14:12:41","modified_gmt":"2020-02-03T14:12:41","slug":"hitachi-sarf-malzemeleri","status":"publish","type":"page","link":"https:\/\/www.turkinkjet.com\/tr\/hitachi-sarf-malzemeleri\/","title":{"rendered":"Hitachi Sarf Malzemeleri"},"content":{"rendered":"<body><p>[vc_row][vc_column]<style type=\"text\/css\" data-type=\"the7_shortcodes-inline-css\">.gallery-shortcode.gallery-masonry-shortcode-id-ac77ba7ba4b6a4820bace7e793b0cb0f figure,\n.gallery-shortcode.gallery-masonry-shortcode-id-ac77ba7ba4b6a4820bace7e793b0cb0f .rollover,\n.gallery-shortcode.gallery-masonry-shortcode-id-ac77ba7ba4b6a4820bace7e793b0cb0f img,\n.gallery-shortcode.gallery-masonry-shortcode-id-ac77ba7ba4b6a4820bace7e793b0cb0f .gallery-rollover {\n  border-radius: 0px;\n}\n.gallery-shortcode.gallery-masonry-shortcode-id-ac77ba7ba4b6a4820bace7e793b0cb0f.enable-bg-rollover .gallery-rollover {\n  background: ;\n  background: -webkit-linear-gradient();\n  background: linear-gradient();\n}\n.gallery-shortcode.gallery-masonry-shortcode-id-ac77ba7ba4b6a4820bace7e793b0cb0f.enable-img-shadow figure {\n  box-shadow: ;\n}\n.gallery-shortcode.gallery-masonry-shortcode-id-ac77ba7ba4b6a4820bace7e793b0cb0f.enable-bg-rollover.hover-scale figure .rollover:after {\n  background: ;\n  background: -webkit-linear-gradient();\n  background: linear-gradient();\n}\n.gallery-shortcode.gallery-masonry-shortcode-id-ac77ba7ba4b6a4820bace7e793b0cb0f .gallery-zoom-ico {\n  width: 44px;\n  height: 44px;\n  line-height: 44px;\n  border-radius: 100px;\n  margin: -22px 0 0 -22px;\n  border-width: 0px;\n  color: #ffffff;\n}\n.dt-icon-bg-on.gallery-shortcode.gallery-masonry-shortcode-id-ac77ba7ba4b6a4820bace7e793b0cb0f .gallery-zoom-ico {\n  background: rgba(255,255,255,0.3);\n  -webkit-box-shadow: none;\n  box-shadow: none;\n}\n.gallery-shortcode.gallery-masonry-shortcode-id-ac77ba7ba4b6a4820bace7e793b0cb0f .gallery-zoom-ico:before {\n  font-size: 32px;\n  line-height: 44px;\n  color: #ffffff;\n}\n.gallery-shortcode.gallery-masonry-shortcode-id-ac77ba7ba4b6a4820bace7e793b0cb0f:not(.resize-by-browser-width) .dt-css-grid {\n  grid-row-gap: 10px;\n  grid-column-gap: 10px;\n  grid-template-columns: repeat(auto-fill,minmax(,1fr));\n}\n.gallery-shortcode.gallery-masonry-shortcode-id-ac77ba7ba4b6a4820bace7e793b0cb0f:not(.resize-by-browser-width) .dt-css-grid .double-width {\n  grid-column: span 2;\n}\n.cssgridlegacy.no-cssgrid .gallery-shortcode.gallery-masonry-shortcode-id-ac77ba7ba4b6a4820bace7e793b0cb0f:not(.resize-by-browser-width) .dt-css-grid,\n.no-cssgridlegacy.no-cssgrid .gallery-shortcode.gallery-masonry-shortcode-id-ac77ba7ba4b6a4820bace7e793b0cb0f:not(.resize-by-browser-width) .dt-css-grid {\n  display: flex;\n  flex-flow: row wrap;\n  margin: -5px;\n}\n.cssgridlegacy.no-cssgrid .gallery-shortcode.gallery-masonry-shortcode-id-ac77ba7ba4b6a4820bace7e793b0cb0f:not(.resize-by-browser-width) .dt-css-grid .wf-cell,\n.no-cssgridlegacy.no-cssgrid .gallery-shortcode.gallery-masonry-shortcode-id-ac77ba7ba4b6a4820bace7e793b0cb0f:not(.resize-by-browser-width) .dt-css-grid .wf-cell {\n  flex: 1 0 ;\n  min-width: ;\n  max-width: 100%;\n  padding: 5px;\n  box-sizing: border-box;\n}\n.gallery-shortcode.gallery-masonry-shortcode-id-ac77ba7ba4b6a4820bace7e793b0cb0f.resize-by-browser-width .dt-css-grid {\n  grid-template-columns: repeat(6,1fr);\n  grid-template-rows: auto;\n  grid-column-gap: 10px;\n  grid-row-gap: 10px;\n}\n.gallery-shortcode.gallery-masonry-shortcode-id-ac77ba7ba4b6a4820bace7e793b0cb0f.resize-by-browser-width .dt-css-grid .double-width {\n  grid-column: span 2;\n}\n.cssgridlegacy.no-cssgrid .gallery-shortcode.gallery-masonry-shortcode-id-ac77ba7ba4b6a4820bace7e793b0cb0f.resize-by-browser-width .dt-css-grid {\n  margin: -5px;\n}\n.cssgridlegacy.no-cssgrid .gallery-shortcode.gallery-masonry-shortcode-id-ac77ba7ba4b6a4820bace7e793b0cb0f.resize-by-browser-width .dt-css-grid .wf-cell {\n  width: 16.6666666667%;\n  padding: 5px;\n}\n.cssgridlegacy.no-cssgrid .gallery-shortcode.gallery-masonry-shortcode-id-ac77ba7ba4b6a4820bace7e793b0cb0f.resize-by-browser-width .dt-css-grid .wf-cell.double-width {\n  width: calc(16.6666666667%) * 2;\n}\n.gallery-shortcode.gallery-masonry-shortcode-id-ac77ba7ba4b6a4820bace7e793b0cb0f.resize-by-browser-width:not(.centered-layout-list):not(.content-bg-on) .dt-css-grid {\n  grid-row-gap: 10px - ;\n}\n@media screen and (max-width: 1199px) {\n  .gallery-shortcode.gallery-masonry-shortcode-id-ac77ba7ba4b6a4820bace7e793b0cb0f.resize-by-browser-width .dt-css-grid {\n    grid-template-columns: repeat(4,1fr);\n  }\n  .cssgridlegacy.no-cssgrid .gallery-shortcode.gallery-masonry-shortcode-id-ac77ba7ba4b6a4820bace7e793b0cb0f.resize-by-browser-width .dt-css-grid .wf-cell,\n  .no-cssgridlegacy.no-cssgrid .gallery-shortcode.gallery-masonry-shortcode-id-ac77ba7ba4b6a4820bace7e793b0cb0f.resize-by-browser-width .dt-css-grid .wf-cell {\n    width: 25%;\n  }\n  .cssgridlegacy.no-cssgrid .gallery-shortcode.gallery-masonry-shortcode-id-ac77ba7ba4b6a4820bace7e793b0cb0f.resize-by-browser-width .dt-css-grid .wf-cell.double-width,\n  .no-cssgridlegacy.no-cssgrid .gallery-shortcode.gallery-masonry-shortcode-id-ac77ba7ba4b6a4820bace7e793b0cb0f.resize-by-browser-width .dt-css-grid .wf-cell.double-width {\n    width: calc(25%)*2;\n  }\n}\n@media screen and (max-width: 991px) {\n  .gallery-shortcode.gallery-masonry-shortcode-id-ac77ba7ba4b6a4820bace7e793b0cb0f.resize-by-browser-width .dt-css-grid {\n    grid-template-columns: repeat(3,1fr);\n  }\n  .cssgridlegacy.no-cssgrid .gallery-shortcode.gallery-masonry-shortcode-id-ac77ba7ba4b6a4820bace7e793b0cb0f.resize-by-browser-width .dt-css-grid .wf-cell,\n  .no-cssgridlegacy.no-cssgrid .gallery-shortcode.gallery-masonry-shortcode-id-ac77ba7ba4b6a4820bace7e793b0cb0f.resize-by-browser-width .dt-css-grid .wf-cell {\n    width: 33.3333333333%;\n  }\n  .cssgridlegacy.no-cssgrid .gallery-shortcode.gallery-masonry-shortcode-id-ac77ba7ba4b6a4820bace7e793b0cb0f.resize-by-browser-width .dt-css-grid .wf-cell.double-width,\n  .no-cssgridlegacy.no-cssgrid .gallery-shortcode.gallery-masonry-shortcode-id-ac77ba7ba4b6a4820bace7e793b0cb0f.resize-by-browser-width .dt-css-grid .wf-cell.double-width {\n    width: calc(33.3333333333%)*2;\n  }\n}\n@media screen and (max-width: 767px) {\n  .gallery-shortcode.gallery-masonry-shortcode-id-ac77ba7ba4b6a4820bace7e793b0cb0f.resize-by-browser-width .dt-css-grid {\n    grid-template-columns: repeat(2,1fr);\n  }\n  .cssgridlegacy.no-cssgrid .gallery-shortcode.gallery-masonry-shortcode-id-ac77ba7ba4b6a4820bace7e793b0cb0f.resize-by-browser-width .dt-css-grid .wf-cell,\n  .no-cssgridlegacy.no-cssgrid .gallery-shortcode.gallery-masonry-shortcode-id-ac77ba7ba4b6a4820bace7e793b0cb0f.resize-by-browser-width .dt-css-grid .wf-cell {\n    width: 50%;\n  }\n  .cssgridlegacy.no-cssgrid .gallery-shortcode.gallery-masonry-shortcode-id-ac77ba7ba4b6a4820bace7e793b0cb0f.resize-by-browser-width .dt-css-grid .wf-cell.double-width,\n  .no-cssgridlegacy.no-cssgrid .gallery-shortcode.gallery-masonry-shortcode-id-ac77ba7ba4b6a4820bace7e793b0cb0f.resize-by-browser-width .dt-css-grid .wf-cell.double-width {\n    width: calc(50%)*2;\n  }\n}\n<\/style><div class=\"gallery-shortcode dt-gallery-container gallery-masonry-shortcode-id-ac77ba7ba4b6a4820bace7e793b0cb0f mode-grid jquery-filter dt-icon-bg-off quick-scale-img dt-css-grid-wrap enable-bg-rollover resize-by-browser-width  hover-fade loading-effect-none description-on-hover\" data-padding=\"5px\" data-cur-page=\"1\" data-post-limit=\"-1\" data-pagination-mode=\"none\" data-desktop-columns-num=\"6\" data-v-tablet-columns-num=\"3\" data-h-tablet-columns-num=\"4\" data-phone-columns-num=\"2\" data-width=\"0px\" data-columns=\"0\"><div class=\"dt-css-grid\" ><div class=\"wf-cell\" data-post-id=\"2836\" data-date=\"2020-02-03T14:11:55+00:00\" data-name=\"HITACHI 500ML INK M\u00dcREKKEP &amp; MAKE-UP \u0130NCELT\u0130C\u0130 (2)\"><figure class=\"post visible\"><a href=\"https:\/\/www.turkinkjet.com\/tr\/wp-content\/uploads\/2020\/02\/HITACHI-500ML-INK-M\u00dcREKKEP-MAKE-UP-\u0130NCELT\u0130C\u0130-2.jpg\" class=\"rollover dt-pswp-item layzr-bg\" data-large_image_width=\"750\" data-large_image_height=\"750\" data-dt-img-description=\"\" title=\"HITACHI 500ML INK M\u00dcREKKEP &#038; MAKE-UP \u0130NCELT\u0130C\u0130 (2)\"><img loading=\"lazy\" decoding=\"async\" class=\"preload-me iso-lazy-load\" src=\"data:image\/svg+xml,%3Csvg%20xmlns%3D&#39;http%3A%2F%2Fwww.w3.org%2F2000%2Fsvg&#39;%20viewBox%3D&#39;0%200%20359%20359&#39;%2F%3E\" data-src=\"https:\/\/www.turkinkjet.com\/tr\/wp-content\/uploads\/2020\/02\/HITACHI-500ML-INK-M\u00dcREKKEP-MAKE-UP-\u0130NCELT\u0130C\u0130-2-359x359.jpg\" data-srcset=\"https:\/\/www.turkinkjet.com\/tr\/wp-content\/uploads\/2020\/02\/HITACHI-500ML-INK-M\u00dcREKKEP-MAKE-UP-\u0130NCELT\u0130C\u0130-2-359x359.jpg 359w, https:\/\/www.turkinkjet.com\/tr\/wp-content\/uploads\/2020\/02\/HITACHI-500ML-INK-M\u00dcREKKEP-MAKE-UP-\u0130NCELT\u0130C\u0130-2-539x539.jpg 539w\" alt=\"\" width=\"359\" height=\"359\"  \/><span class=\"gallery-rollover\"><span class=\"gallery-zoom-ico icomoon-the7-font-the7-zoom-06\"><span><\/span><\/span><\/span><\/a><\/figure><\/div><div class=\"wf-cell\" data-post-id=\"2837\" data-date=\"2020-02-03T14:12:04+00:00\" data-name=\"HITACHI 500ML INK M\u00dcREKKEP &amp; MAKE-UP \u0130NCELT\u0130C\u0130\"><figure class=\"post visible\"><a href=\"https:\/\/www.turkinkjet.com\/tr\/wp-content\/uploads\/2020\/02\/HITACHI-500ML-INK-M\u00dcREKKEP-MAKE-UP-\u0130NCELT\u0130C\u0130.jpg\" class=\"rollover dt-pswp-item layzr-bg\" data-large_image_width=\"750\" data-large_image_height=\"750\" data-dt-img-description=\"\" title=\"HITACHI 500ML INK M\u00dcREKKEP &#038; MAKE-UP \u0130NCELT\u0130C\u0130\"><img loading=\"lazy\" decoding=\"async\" class=\"preload-me iso-lazy-load\" src=\"data:image\/svg+xml,%3Csvg%20xmlns%3D&#39;http%3A%2F%2Fwww.w3.org%2F2000%2Fsvg&#39;%20viewBox%3D&#39;0%200%20359%20359&#39;%2F%3E\" data-src=\"https:\/\/www.turkinkjet.com\/tr\/wp-content\/uploads\/2020\/02\/HITACHI-500ML-INK-M\u00dcREKKEP-MAKE-UP-\u0130NCELT\u0130C\u0130-359x359.jpg\" data-srcset=\"https:\/\/www.turkinkjet.com\/tr\/wp-content\/uploads\/2020\/02\/HITACHI-500ML-INK-M\u00dcREKKEP-MAKE-UP-\u0130NCELT\u0130C\u0130-359x359.jpg 359w, https:\/\/www.turkinkjet.com\/tr\/wp-content\/uploads\/2020\/02\/HITACHI-500ML-INK-M\u00dcREKKEP-MAKE-UP-\u0130NCELT\u0130C\u0130-539x539.jpg 539w\" alt=\"\" width=\"359\" height=\"359\"  \/><span class=\"gallery-rollover\"><span class=\"gallery-zoom-ico icomoon-the7-font-the7-zoom-06\"><span><\/span><\/span><\/span><\/a><\/figure><\/div><div class=\"wf-cell\" data-post-id=\"2838\" data-date=\"2020-02-03T14:12:14+00:00\" data-name=\"HITACHI 500ML INK M\u00dcREKKEP\"><figure class=\"post visible\"><a href=\"https:\/\/www.turkinkjet.com\/tr\/wp-content\/uploads\/2020\/02\/HITACHI-500ML-INK-M\u00dcREKKEP.jpg\" class=\"rollover dt-pswp-item layzr-bg\" data-large_image_width=\"750\" data-large_image_height=\"750\" data-dt-img-description=\"\" title=\"HITACHI 500ML INK M\u00dcREKKEP\"><img loading=\"lazy\" decoding=\"async\" class=\"preload-me iso-lazy-load\" src=\"data:image\/svg+xml,%3Csvg%20xmlns%3D&#39;http%3A%2F%2Fwww.w3.org%2F2000%2Fsvg&#39;%20viewBox%3D&#39;0%200%20359%20359&#39;%2F%3E\" data-src=\"https:\/\/www.turkinkjet.com\/tr\/wp-content\/uploads\/2020\/02\/HITACHI-500ML-INK-M\u00dcREKKEP-359x359.jpg\" data-srcset=\"https:\/\/www.turkinkjet.com\/tr\/wp-content\/uploads\/2020\/02\/HITACHI-500ML-INK-M\u00dcREKKEP-359x359.jpg 359w, https:\/\/www.turkinkjet.com\/tr\/wp-content\/uploads\/2020\/02\/HITACHI-500ML-INK-M\u00dcREKKEP-539x539.jpg 539w\" alt=\"\" width=\"359\" height=\"359\"  \/><span class=\"gallery-rollover\"><span class=\"gallery-zoom-ico icomoon-the7-font-the7-zoom-06\"><span><\/span><\/span><\/span><\/a><\/figure><\/div><div class=\"wf-cell\" data-post-id=\"2839\" data-date=\"2020-02-03T14:12:21+00:00\" data-name=\"HITACHI 500ML MAKE-UP \u0130NCELT\u0130C\u0130\"><figure class=\"post visible\"><a href=\"https:\/\/www.turkinkjet.com\/tr\/wp-content\/uploads\/2020\/02\/HITACHI-500ML-MAKE-UP-\u0130NCELT\u0130C\u0130.jpg\" class=\"rollover dt-pswp-item layzr-bg\" data-large_image_width=\"750\" data-large_image_height=\"750\" data-dt-img-description=\"\" title=\"HITACHI 500ML MAKE-UP \u0130NCELT\u0130C\u0130\"><img loading=\"lazy\" decoding=\"async\" class=\"preload-me iso-lazy-load\" src=\"data:image\/svg+xml,%3Csvg%20xmlns%3D&#39;http%3A%2F%2Fwww.w3.org%2F2000%2Fsvg&#39;%20viewBox%3D&#39;0%200%20359%20359&#39;%2F%3E\" data-src=\"https:\/\/www.turkinkjet.com\/tr\/wp-content\/uploads\/2020\/02\/HITACHI-500ML-MAKE-UP-\u0130NCELT\u0130C\u0130-359x359.jpg\" data-srcset=\"https:\/\/www.turkinkjet.com\/tr\/wp-content\/uploads\/2020\/02\/HITACHI-500ML-MAKE-UP-\u0130NCELT\u0130C\u0130-359x359.jpg 359w, https:\/\/www.turkinkjet.com\/tr\/wp-content\/uploads\/2020\/02\/HITACHI-500ML-MAKE-UP-\u0130NCELT\u0130C\u0130-539x539.jpg 539w\" alt=\"\" width=\"359\" height=\"359\"  \/><span class=\"gallery-rollover\"><span class=\"gallery-zoom-ico icomoon-the7-font-the7-zoom-06\"><span><\/span><\/span><\/span><\/a><\/figure><\/div><\/div><!-- iso-container|iso-grid --><\/div>[\/vc_column][\/vc_row]<\/p>\n<\/body>","protected":false},"excerpt":{"rendered":"<p>[vc_row][vc_column][\/vc_column][\/vc_row]<\/p>\n","protected":false},"author":1,"featured_media":0,"parent":0,"menu_order":20,"comment_status":"closed","ping_status":"closed","template":"","meta":{"om_disable_all_campaigns":false,"_monsterinsights_skip_tracking":false,"_monsterinsights_sitenote_active":false,"_monsterinsights_sitenote_note":"","_monsterinsights_sitenote_category":0},"class_list":["post-2835","page","type-page","status-publish","hentry","description-off"],"_links":{"self":[{"href":"https:\/\/www.turkinkjet.com\/tr\/wp-json\/wp\/v2\/pages\/2835"}],"collection":[{"href":"https:\/\/www.turkinkjet.com\/tr\/wp-json\/wp\/v2\/pages"}],"about":[{"href":"https:\/\/www.turkinkjet.com\/tr\/wp-json\/wp\/v2\/types\/page"}],"author":[{"embeddable":true,"href":"https:\/\/www.turkinkjet.com\/tr\/wp-json\/wp\/v2\/users\/1"}],"replies":[{"embeddable":true,"href":"https:\/\/www.turkinkjet.com\/tr\/wp-json\/wp\/v2\/comments?post=2835"}],"version-history":[{"count":1,"href":"https:\/\/www.turkinkjet.com\/tr\/wp-json\/wp\/v2\/pages\/2835\/revisions"}],"predecessor-version":[{"id":2840,"href":"https:\/\/www.turkinkjet.com\/tr\/wp-json\/wp\/v2\/pages\/2835\/revisions\/2840"}],"wp:attachment":[{"href":"https:\/\/www.turkinkjet.com\/tr\/wp-json\/wp\/v2\/media?parent=2835"}],"curies":[{"name":"wp","href":"https:\/\/api.w.org\/{rel}","templated":true}]}}