{"id":2278,"date":"2019-09-04T21:27:20","date_gmt":"2019-09-04T21:27:20","guid":{"rendered":"http:\/\/www.turkinkjet.com\/?page_id=2278"},"modified":"2020-01-06T10:56:05","modified_gmt":"2020-01-06T10:56:05","slug":"inkjet-markalar","status":"publish","type":"page","link":"https:\/\/www.turkinkjet.com\/tr\/inkjet-markalar\/","title":{"rendered":"Uygulamalar\u0131m\u0131z"},"content":{"rendered":"<body><p>[vc_row][vc_column][vc_column_text]Kodlama makinalar\u0131 \u00e7e\u015fitli i\u015f sekt\u00f6rlerinde \u00fcr\u00fcn ambalajlar\u0131n\u0131n \u00fczerine \u00fcretim tarihi, t\u00fcketim tarihi, a\u011f\u0131rl\u0131k, adet ve bu gibi bilgilerin kaydedilmesi i\u00e7in \u00e7ok \u00f6nemlidir. Tarih kodlama makinalar\u0131 iki kategoride ayr\u0131l\u0131yor- manuel tarih kodlama makinalar\u0131 ve otomatik tarih kodlama makinalar\u0131. Tarih kodlama makinalar\u0131 ile ku\u015fe, sedefli, selefonlu y\u00fczeylere, \u00e7e\u015fitli folyolara, naylon, pet, PVC, karton ve mukavvalar\u0131n \u00fczerine ve benzeri y\u00fczeylere rahatl\u0131kla tarih kodlamas\u0131 yap\u0131labilmektedir. Kolayl\u0131kla ila\u00e7, tekstil, g\u0131da, kimya, kozmetik ve benzeri bir\u00e7ok i\u015f sekt\u00f6r\u00fcnde rahatl\u0131kla kullan\u0131labilmektedir.<\/p>\n<p><strong>Ba\u015fl\u0131ca Markalar:<\/strong><br>\nCitronix, Videojet, Imaje, Linx, Domino, Makr\u00f6tek, Dikai, Ubs, Loogal, Hitachi, Leibinger, Zanassi, Willet, Hi Pack, Markem, Saturn, Weber[\/vc_column_text][\/vc_column][\/vc_row][vc_row][vc_column][vc_text_separator title=\u201dV\u0130DEOLAR\u201d][\/vc_column][\/vc_row][vc_row][vc_column width=\u201d1\/3\u2033][vc_video link=\u201dhttps:\/\/www.youtube.com\/watch?v=puRSaiu1uiM\u201d][\/vc_column][vc_column width=\u201d1\/3\u2033][vc_video link=\u201dhttps:\/\/www.youtube.com\/watch?v=pjyZBbvSD_c\u201d][\/vc_column][vc_column width=\u201d1\/3\u2033][vc_video link=\u201dhttps:\/\/www.youtube.com\/watch?v=psD8E6UiWlA\u201d][\/vc_column][\/vc_row]<\/p>\n<\/body>","protected":false},"excerpt":{"rendered":"<p>[vc_row][vc_column][vc_column_text]Kodlama makinalar\u0131 \u00e7e\u015fitli i\u015f sekt\u00f6rlerinde \u00fcr\u00fcn ambalajlar\u0131n\u0131n \u00fczerine \u00fcretim tarihi, t\u00fcketim tarihi, a\u011f\u0131rl\u0131k, adet ve bu gibi bilgilerin kaydedilmesi i\u00e7in \u00e7ok \u00f6nemlidir. Tarih kodlama makinalar\u0131 iki kategoride ayr\u0131l\u0131yor- manuel tarih kodlama makinalar\u0131 ve otomatik tarih kodlama makinalar\u0131. Tarih kodlama makinalar\u0131 ile ku\u015fe, sedefli, selefonlu y\u00fczeylere, \u00e7e\u015fitli folyolara, naylon, pet, PVC, karton ve mukavvalar\u0131n \u00fczerine ve&hellip;<\/p>\n","protected":false},"author":1,"featured_media":0,"parent":0,"menu_order":20,"comment_status":"closed","ping_status":"closed","template":"","meta":{"om_disable_all_campaigns":false,"_monsterinsights_skip_tracking":false,"_monsterinsights_sitenote_active":false,"_monsterinsights_sitenote_note":"","_monsterinsights_sitenote_category":0},"class_list":["post-2278","page","type-page","status-publish","hentry","description-off"],"_links":{"self":[{"href":"https:\/\/www.turkinkjet.com\/tr\/wp-json\/wp\/v2\/pages\/2278"}],"collection":[{"href":"https:\/\/www.turkinkjet.com\/tr\/wp-json\/wp\/v2\/pages"}],"about":[{"href":"https:\/\/www.turkinkjet.com\/tr\/wp-json\/wp\/v2\/types\/page"}],"author":[{"embeddable":true,"href":"https:\/\/www.turkinkjet.com\/tr\/wp-json\/wp\/v2\/users\/1"}],"replies":[{"embeddable":true,"href":"https:\/\/www.turkinkjet.com\/tr\/wp-json\/wp\/v2\/comments?post=2278"}],"version-history":[{"count":4,"href":"https:\/\/www.turkinkjet.com\/tr\/wp-json\/wp\/v2\/pages\/2278\/revisions"}],"predecessor-version":[{"id":2434,"href":"https:\/\/www.turkinkjet.com\/tr\/wp-json\/wp\/v2\/pages\/2278\/revisions\/2434"}],"wp:attachment":[{"href":"https:\/\/www.turkinkjet.com\/tr\/wp-json\/wp\/v2\/media?parent=2278"}],"curies":[{"name":"wp","href":"https:\/\/api.w.org\/{rel}","templated":true}]}}