{"id":2243,"date":"2019-07-18T21:26:18","date_gmt":"2019-07-18T21:26:18","guid":{"rendered":"http:\/\/www.turkinkjet.com\/?page_id=2243"},"modified":"2020-04-09T21:58:36","modified_gmt":"2020-04-09T21:58:36","slug":"d03-termal-transfer-ust-baski","status":"publish","type":"page","link":"https:\/\/www.turkinkjet.com\/tr\/d03-termal-transfer-ust-baski\/","title":{"rendered":"D03 Termal Transfer \u00dcst Bask\u0131"},"content":{"rendered":"<body><p><\/p>[vc_row][vc_column][vc_empty_space][\/vc_column][\/vc_row][vc_row][vc_column width=\u201d1\/2\u2033][vc_column_text]<img decoding=\"async\" class=\"size-medium wp-image-2244 alignleft\" src=\"http:\/\/www.turkinkjet.com\/wp-content\/uploads\/2019\/07\/D3-300x198.jpg\" alt=\"\" width=\"300\" height=\"198\" loading=\"lazy\" srcset=\"https:\/\/www.turkinkjet.com\/tr\/wp-content\/uploads\/2019\/07\/D3-300x198.jpg 300w, https:\/\/www.turkinkjet.com\/tr\/wp-content\/uploads\/2019\/07\/D3-768x508.jpg 768w, https:\/\/www.turkinkjet.com\/tr\/wp-content\/uploads\/2019\/07\/D3.jpg 842w\" sizes=\"(max-width: 300px) 100vw, 300px\" \/>\n<table class=\"aliDataTable\" border=\"1\">\n<tbody>\n<tr>\n<td>Yaz\u0131c\u0131 Kafa<\/td>\n<td>\u00a032mm \u2013 300DPI<\/td>\n<\/tr>\n<tr>\n<td>Bask\u0131 Alan\u0131<\/td>\n<td>\u00a0Fas\u0131lal\u0131 \u2013 32mm * 60mm<\/td>\n<\/tr>\n<tr>\n<td><\/td>\n<td>\u00a0S\u00fcrekli \u2013\u00a0 32mm * 100mm<\/td>\n<\/tr>\n<tr>\n<td>Ribon \u00d6l\u00e7\u00fcleri<\/td>\n<td>\u00a0W 33mm\u00a0 L 600meter (Maks.)<\/td>\n<\/tr>\n<tr>\n<td>Bask\u0131 Frekans\u0131<\/td>\n<td>\u00a0Fas\u0131lal\u0131: 450 bask\u0131\/dakikaya kadar<\/td>\n<\/tr>\n<tr>\n<td><\/td>\n<td>\u00a0S\u00fcrekli : 40 metre\/dakikaya kadar<\/td>\n<\/tr>\n<tr>\n<td>G\u00fc\u00e7<\/td>\n<td>\u00a0AC110 \u2013 220Volt 50\/60Hz, 150 Watt<\/td>\n<\/tr>\n<tr>\n<td>\u00c7al\u0131\u015fma Ortam S\u0131cakl\u0131\u011f\u0131<\/td>\n<td>\u00a00 \u2013 40 \u00b0C<\/td>\n<\/tr>\n<tr>\n<td>\u00c7al\u0131\u015fma Ortam Nemi<\/td>\n<td>\u00a0%10 \u2013 %95 (Yo\u011fu\u015fmayan)<\/td>\n<\/tr>\n<tr>\n<td>Hava Gereksinimi<\/td>\n<td>\u00a06bar \/ 90psi (maks) kuru temiz hava<\/td>\n<\/tr>\n<tr>\n<td>A\u011f\u0131rl\u0131k<\/td>\n<td>\u00a0Fas\u0131lal\u0131 Yaz\u0131c\u0131 Kafa: 8.5kg, Kontrol \u00dcnitesi: 2Kg<\/td>\n<\/tr>\n<tr>\n<td>Ebatlar<\/td>\n<td>\u00a0Yaz\u0131c\u0131 Kaf\u0131 188mm*190mm*180mm (L*W*H)<\/td>\n<\/tr>\n<tr>\n<td><\/td>\n<td>\u00a0Kontrol \u00dcnitesi 175mm*210mm*110mm (L*W*H)<\/td>\n<\/tr>\n<\/tbody>\n<\/table>\n<p>[\/vc_column_text][\/vc_column][vc_column width=\u201d1\/2\u2033][vc_video link=\u201dhttps:\/\/www.youtube.com\/watch?v=V14c_ixu7yk\u201d][\/vc_column][\/vc_row][vc_row][vc_column][vc_tta_tabs][vc_tta_section title=\u201d\u00d6zellikler\u201d tab_id=\u201d1563484850800-98de4940-f00d\u201d][vc_column_text]D03 Termal Transfer Yaz\u0131c\u0131 olup dikey veya yatay dolum ve etiketleme makinalar\u0131nda hem s\u00fcrekli hemde fas\u0131lal\u0131 (dur-kalk) modda \u00e7al\u0131\u015fabilme \u00f6zelli\u011fine sahip olmas\u0131n\u0131n yan\u0131 s\u0131ra barkod, QR kod, logo, grafik, de\u011fi\u015fken veri, i\u00e7erik bilgisi, seri, parti\u00a0 ve lot numaras\u0131 gibi verileri her t\u00fcrl\u00fc ambalaj y\u00fczeyine ve her tip etiket \u00fczerine ger\u00e7ek Windows bask\u0131 fontlar\u0131 ile basabilme \u00f6zelli\u011fine sahip bir cihazd\u0131r.[\/vc_column_text][\/vc_tta_section][vc_tta_section title=\u201d\u00dcr\u00fcn \u00d6zellikleri\u201d tab_id=\u201d1563484850825-b8899f49-c7e9\u2033][vc_column_text][\/vc_column_text][\/vc_tta_section][\/vc_tta_tabs][\/vc_column][\/vc_row]<\/p>\n<\/body>","protected":false},"excerpt":{"rendered":"<p>[vc_row][vc_column][vc_empty_space][\/vc_column][\/vc_row][vc_row][vc_column width=\u201d1\/2\u2033][vc_column_text] Yaz\u0131c\u0131 Kafa \u00a032mm \u2013 300DPI Bask\u0131 Alan\u0131 \u00a0Fas\u0131lal\u0131 \u2013 32mm * 60mm \u00a0S\u00fcrekli \u2013\u00a0 32mm * 100mm Ribon \u00d6l\u00e7\u00fcleri \u00a0W 33mm\u00a0 L 600meter (Maks.) Bask\u0131 Frekans\u0131 \u00a0Fas\u0131lal\u0131: 450 bask\u0131\/dakikaya kadar \u00a0S\u00fcrekli : 40 metre\/dakikaya kadar G\u00fc\u00e7 \u00a0AC110 \u2013 220Volt 50\/60Hz, 150 Watt \u00c7al\u0131\u015fma Ortam S\u0131cakl\u0131\u011f\u0131 \u00a00 \u2013 40 \u00b0C \u00c7al\u0131\u015fma Ortam Nemi \u00a0%10&hellip;<\/p>\n","protected":false},"author":1,"featured_media":0,"parent":0,"menu_order":20,"comment_status":"closed","ping_status":"closed","template":"","meta":{"om_disable_all_campaigns":false,"_monsterinsights_skip_tracking":false,"_monsterinsights_sitenote_active":false,"_monsterinsights_sitenote_note":"","_monsterinsights_sitenote_category":0},"class_list":["post-2243","page","type-page","status-publish","hentry","description-off"],"_links":{"self":[{"href":"https:\/\/www.turkinkjet.com\/tr\/wp-json\/wp\/v2\/pages\/2243"}],"collection":[{"href":"https:\/\/www.turkinkjet.com\/tr\/wp-json\/wp\/v2\/pages"}],"about":[{"href":"https:\/\/www.turkinkjet.com\/tr\/wp-json\/wp\/v2\/types\/page"}],"author":[{"embeddable":true,"href":"https:\/\/www.turkinkjet.com\/tr\/wp-json\/wp\/v2\/users\/1"}],"replies":[{"embeddable":true,"href":"https:\/\/www.turkinkjet.com\/tr\/wp-json\/wp\/v2\/comments?post=2243"}],"version-history":[{"count":4,"href":"https:\/\/www.turkinkjet.com\/tr\/wp-json\/wp\/v2\/pages\/2243\/revisions"}],"predecessor-version":[{"id":3140,"href":"https:\/\/www.turkinkjet.com\/tr\/wp-json\/wp\/v2\/pages\/2243\/revisions\/3140"}],"wp:attachment":[{"href":"https:\/\/www.turkinkjet.com\/tr\/wp-json\/wp\/v2\/media?parent=2243"}],"curies":[{"name":"wp","href":"https:\/\/api.w.org\/{rel}","templated":true}]}}