{"id":2184,"date":"2019-07-18T17:49:16","date_gmt":"2019-07-18T17:49:16","guid":{"rendered":"http:\/\/www.turkinkjet.com\/?page_id=2184"},"modified":"2020-04-09T15:11:26","modified_gmt":"2020-04-09T15:11:26","slug":"m690-midi","status":"publish","type":"page","link":"https:\/\/www.turkinkjet.com\/tr\/m690-midi\/","title":{"rendered":"M690 Midi"},"content":{"rendered":"<body><p><\/p>[vc_row][vc_column][vc_empty_space][\/vc_column][\/vc_row][vc_row][vc_column][vc_tta_tabs][vc_tta_section title=\u201dGenel \u00d6zellikler\u201d tab_id=\u201d1563465831567-b11040b8-7a16\u2033][vc_column_text]<img decoding=\"async\" class=\"size-medium wp-image-2185 alignleft\" src=\"http:\/\/www.turkinkjet.com\/wp-content\/uploads\/2019\/07\/1439017531-300x300.jpg\" alt=\"\" width=\"300\" height=\"300\" loading=\"lazy\" srcset=\"https:\/\/www.turkinkjet.com\/tr\/wp-content\/uploads\/2019\/07\/1439017531-300x300.jpg 300w, https:\/\/www.turkinkjet.com\/tr\/wp-content\/uploads\/2019\/07\/1439017531-150x150.jpg 150w, https:\/\/www.turkinkjet.com\/tr\/wp-content\/uploads\/2019\/07\/1439017531.jpg 750w\" sizes=\"(max-width: 300px) 100vw, 300px\" \/>10.4\u2033 (25cm) TFT LCD ekran<br>\nTek tu\u015f ile a\u00e7ma kapama<br>\nPaslanmaz \u00e7elik korumal\u0131 kabin<br>\nOtomatik ar\u0131za tan\u0131 tespit ve ikaz paketi<br>\nIP65 su ge\u00e7irmez soket ve anahtarlar<br>\nOtomatik kapatma \u00f6zelli\u011fi<br>\nOtomatik faz kontrol\u00fc<br>\n\u00c7oklu dil deste\u011fi<br>\nMaksimum y\u0131lda 1 bak\u0131m\u00a0 aral\u0131\u011f\u0131<br>\n3 \u2013 seviyeli \u015fifre koruma \u00f6zelli\u011fi<br>\nUSB ile mesaj saklama deste\u011fi\n<p>\u00a0<\/p>\n<p><img decoding=\"async\" class=\"alignnone size-medium wp-image-2186\" src=\"http:\/\/www.turkinkjet.com\/wp-content\/uploads\/2019\/07\/1440036895-300x300.jpg\" alt=\"\" width=\"300\" height=\"300\" loading=\"lazy\" srcset=\"https:\/\/www.turkinkjet.com\/tr\/wp-content\/uploads\/2019\/07\/1440036895-300x300.jpg 300w, https:\/\/www.turkinkjet.com\/tr\/wp-content\/uploads\/2019\/07\/1440036895-150x150.jpg 150w, https:\/\/www.turkinkjet.com\/tr\/wp-content\/uploads\/2019\/07\/1440036895.jpg 500w\" sizes=\"(max-width: 300px) 100vw, 300px\" \/><\/p>\n<p><img decoding=\"async\" class=\"alignnone size-medium wp-image-2187\" src=\"http:\/\/www.turkinkjet.com\/wp-content\/uploads\/2019\/07\/1440037098-300x300.jpg\" alt=\"\" width=\"300\" height=\"300\" loading=\"lazy\" srcset=\"https:\/\/www.turkinkjet.com\/tr\/wp-content\/uploads\/2019\/07\/1440037098-300x300.jpg 300w, https:\/\/www.turkinkjet.com\/tr\/wp-content\/uploads\/2019\/07\/1440037098-150x150.jpg 150w, https:\/\/www.turkinkjet.com\/tr\/wp-content\/uploads\/2019\/07\/1440037098.jpg 500w\" sizes=\"(max-width: 300px) 100vw, 300px\" \/>[\/vc_column_text][\/vc_tta_section][vc_tta_section title=\u201dModel \u00d6zellikleri\u201d tab_id=\u201d1563465831605-f9c0eec2-6047\u2033][vc_column_text]<\/p>\n<div class=\"box201507122335\">\n<div class=\"box201507122335_tr\">\n<div class=\"box201505311829\">\n<div id=\"sj_contentx01_2\" class=\"box201505311829_content\">\n<div class=\"box201505311829_content_tr\">\n<table width=\"745\">\n<tbody>\n<tr>\n<td>Model<\/td>\n<td>M690 \u2013 Midi<\/td>\n<\/tr>\n<tr>\n<td>Desteklenen Sat\u0131r Say\u0131s\u0131\u00a0 (7\u00d75)<\/td>\n<td>4 Sat\u0131r \u2013 (5\u00d75) 5 Sat\u0131r<\/td>\n<\/tr>\n<tr>\n<td>Maksimum Nokta Say\u0131s\u0131 (Y\u00fcksekli\u011fi)<\/td>\n<td>32 nokta<\/td>\n<\/tr>\n<tr>\n<td>Karakter Bask\u0131 Y\u00fckseklil Aral\u0131\u011f\u0131<\/td>\n<td>1.5 \u2013 20mm<\/td>\n<\/tr>\n<tr>\n<td>Yaz\u0131c\u0131kafa Hortum Uzunlu\u011fu<\/td>\n<td>2 metre standart \/ 4 metre opsiyonel<\/td>\n<\/tr>\n<tr>\n<td>Dahili Mesaj Saklama Kapasitesi<\/td>\n<td>20,000 mesaj<\/td>\n<\/tr>\n<tr>\n<td>Maksimum Mesaj Uzunlu\u011fu (Bask\u0131daki harf\/rakam Say\u0131s\u0131 (7\u00d75)<\/td>\n<td>1000 harf\/rakam<\/td>\n<\/tr>\n<tr>\n<td>Lineer \u00c7izgisel Barkod<\/td>\n<td>EAN8, EAN13, 2\/5, Code39, UPC-A, Code128<\/td>\n<\/tr>\n<tr>\n<td>1 saniyede maksimum karakter \u015farjlama say\u0131s\u0131<\/td>\n<td>2666 karakter \/ saniye<\/td>\n<\/tr>\n<tr>\n<td>Tek Sat\u0131r Bask\u0131 H\u0131z\u0131 (Geni\u015f Format 7\u00d75 font)<\/td>\n<td>7 metre\/saniye \u2013 420 metre\/dakika<\/td>\n<\/tr>\n<tr>\n<td>Meme (nozzle) \u00e7ap\u0131<\/td>\n<td>62 um<\/td>\n<\/tr>\n<tr>\n<td>Bask\u0131 Fontlar\u0131<\/td>\n<td>32\u00d720, 21\u00d715, 15\u00d710, 14\u00d710, 9\u00d77, 7\u00d75, 5\u00d75<\/td>\n<\/tr>\n<tr>\n<td>Japonca Korece \u00c7ince Bask\u0131 Fontlar\u0131<\/td>\n<td>32\u00d732, 16\u00d716, 11\u00d711, 9\u00d79, 7\u00d77<\/td>\n<\/tr>\n<\/tbody>\n<\/table>\n<\/div>\n<\/div>\n<\/div>\n<\/div>\n<\/div>\n<div class=\"clear_both\"><\/div>\n<p>[\/vc_column_text][\/vc_tta_section][vc_tta_section title=\u201dProgramlama ve Bask\u0131 \u00d6zellikleri\u201d tab_id=\u201d1563465952983-d9176631-ac49\u2033][vc_column_text]<\/p>\n<div class=\"box201507122335\">\n<div class=\"box201507122335_tr\">\n<div class=\"box201505311829\">\n<div id=\"sj_contentx01_3\" class=\"box201505311829_content\">\n<div class=\"box201505311829_content_tr\">\n<table style=\"height: 432px;\" width=\"504\">\n<tbody>\n<tr>\n<td>Ger\u00e7ek format b\u00fcy\u00fck ve k\u00fc\u00e7\u00fck harf bask\u0131<\/td>\n<\/tr>\n<tr>\n<td>Tek tu\u015f ile koyu karakter bask\u0131 se\u00e7imi \u00f6zelli\u011fi<\/td>\n<\/tr>\n<tr>\n<td>Ayn\u0131 kelime \/ mesaj i\u00e7inde serbest font kullan\u0131m \u00f6zelli\u011fi (Bold, 5\u00d75, 32\u00d732) gibi<\/td>\n<\/tr>\n<tr>\n<td>Ayn\u0131 i\u015f emri \u00fczerinde 4 farkl\u0131 mesaj\u0131n bask\u0131 imkan\u0131<\/td>\n<\/tr>\n<tr>\n<td>Grafik logo \u00e7izimi ve d\u00fczenleme \u00f6zelli\u011fi<\/td>\n<\/tr>\n<tr>\n<td>D\u00fcz yaz\u0131 veya de\u011fi\u015fken mesaj kopyalama yap\u0131\u015ft\u0131rma \u00f6zelli\u011fi<\/td>\n<\/tr>\n<tr>\n<td>D\u00fcz yaz\u0131 veya de\u011fi\u015fken mesaj kopyalama ta\u015f\u0131ma \u00f6zelli\u011fi<\/td>\n<\/tr>\n<tr>\n<td>Artan \/ Azalan Saya\u00e7 \u00f6zelli\u011fi<\/td>\n<\/tr>\n<tr>\n<td>20 farkl\u0131 zamanlama ve saya\u00e7 ekleme \u00f6zelli\u011fi<\/td>\n<\/tr>\n<tr>\n<td>Ger\u00e7ek zamanl\u0131 dahili saat deste\u011fi<\/td>\n<\/tr>\n<tr>\n<td>Cihaz bask\u0131da iken mesaj olu\u015fturma ve d\u00fczenleme \u00f6zelli\u011fi<\/td>\n<\/tr>\n<tr>\n<td>Parti no basma ve sayma \u00f6zelli\u011fi<\/td>\n<\/tr>\n<tr>\n<td>Makine i\u00e7 saat \u00f6zelli\u011fi<\/td>\n<\/tr>\n<tr>\n<td>Bask\u0131 en \u2013 boy ve yaz\u0131 geciktirme ayar fonksiyonlar\u0131<\/td>\n<\/tr>\n<tr>\n<td>Harf\/rakam d\u00f6nd\u00fcrme \u2013 \u00e7evirme kule bask\u0131 tower print \u00f6zelli\u011fi<\/td>\n<\/tr>\n<\/tbody>\n<\/table>\n<\/div>\n<\/div>\n<\/div>\n<\/div>\n<\/div>\n<p>[\/vc_column_text][\/vc_tta_section][vc_tta_section title=\u201dAray\u00fcz Ba\u011flant\u0131lar\u0131\u201d tab_id=\u201d1563466014083-e33d8c6d-d1db\u201d][vc_column_text]<\/p>\n<table width=\"273\">\n<tbody>\n<tr>\n<td>Fotosel \/ Sens\u00f6r Ba\u011flant\u0131s\u0131<\/td>\n<\/tr>\n<tr>\n<td>Enkoder \/ Takometre Ba\u011flant\u0131s\u0131<\/td>\n<\/tr>\n<tr>\n<td>USB Ba\u011flant\u0131s\u0131<\/td>\n<\/tr>\n<tr>\n<td>RS232 Ba\u011flant\u0131s\u0131<\/td>\n<\/tr>\n<tr>\n<td>Ethernet \/ \u0130nternet Ba\u011flant\u0131s\u0131<\/td>\n<\/tr>\n<\/tbody>\n<\/table>\n<p>[\/vc_column_text][\/vc_tta_section][vc_tta_section title=\u201dYaz\u0131c\u0131kafa \u00d6zellikleri\u201d tab_id=\u201d1563466044921-c9ac7e5f-7ae8\u2033][vc_column_text]<\/p>\n<table width=\"100%\">\n<tbody>\n<tr>\n<td>Hortum Boyu : Standart 2 metre \/\u00a0 opsiyonel 4 metre<\/td>\n<\/tr>\n<tr>\n<td>Yaz\u0131ckafa Kapa\u011f\u0131 : Hava perdeli mekanik \u00e7ift anahtarl\u0131<\/td>\n<\/tr>\n<tr>\n<td>Yaz\u0131c\u0131kafa Malzemesi: <strong>5 y\u0131l garantili<\/strong> olarak a\u015f\u0131nd\u0131r\u0131c\u0131 kimyasal madde temas\u0131na dayan\u0131kl\u0131 y\u00fcksek kalite \u00e7elik ve plastik malzemeden \u00fcretilmi\u015ftir.<\/td>\n<\/tr>\n<tr>\n<td>Kafai\u00e7i Pozitif Bas\u0131n\u00e7 : <strong>Standart<\/strong>. Kafai\u00e7i pozitif bas\u0131n\u00e7 ortamda bulunan her t\u00fcrl\u00fc tozu sapt\u0131rma aynalar\u0131ndan ve geri d\u00f6n\u00fc\u015f borusundan (gutter) uzak\u00a0 \u00a0 \u00a0 \u00a0 \u00a0 \u00a0 \u00a0 \u00a0 \u00a0 \u00a0 \u00a0 \u00a0 \u00a0 \u00a0 \u00a0 \u00a0 \u00a0 \u00a0 \u00a0 \u00a0 \u00a0 \u00a0tutar, yaz\u0131 kalitesi artar ve bak\u0131m s\u00fcresi uzar ve kafa kirletme, kafa y\u0131kama ve y\u0131kama solventi t\u00fcketimini ciddi oranda azalt\u0131r.<\/td>\n<\/tr>\n<\/tbody>\n<\/table>\n<p>[\/vc_column_text][\/vc_tta_section][vc_tta_section title=\u201dFiziksel \u00d6zellikler\u201d tab_id=\u201d1563466072322-ca14b226-dc14\u2033][vc_column_text]<\/p>\n<table style=\"height: 235px;\" width=\"613\">\n<tbody>\n<tr>\n<td>Kabin<\/td>\n<td>1.5mm kal\u0131nl\u0131kta 304 paslanmaz kabin, 6mm anodize al\u00fcminyum panel<\/td>\n<\/tr>\n<tr>\n<td>End\u00fcstriyel Koruma<\/td>\n<td>IP55 standart. Y\u0131kanabilir, toz ge\u00e7irmez kabin. (IP65 opsiyonel)<\/td>\n<\/tr>\n<tr>\n<td>\u00c7al\u0131\u015fma Ortam S\u0131cakl\u0131\u011f\u0131<\/td>\n<td>5 \u2013 50 \u00b0C<\/td>\n<\/tr>\n<tr>\n<td>\u00c7al\u0131\u015fma Ortam Nemi<\/td>\n<td>\u00a0%90 nemli ve ayn\u0131 anda 50\u00b0C\u2019de \u00e7al\u0131\u015fabilir (yo\u011fu\u015fmas\u0131z nem)<\/td>\n<\/tr>\n<tr>\n<td>Elektriksel Voltaj Aral\u0131\u011f\u0131<\/td>\n<td>110 \/ 220 Volt, 50 \/ 60 Hz<\/td>\n<\/tr>\n<tr>\n<td>G\u00fc\u00e7<\/td>\n<td>150 Watt<\/td>\n<\/tr>\n<tr>\n<td>A\u011f\u0131rl\u0131k<\/td>\n<td>31 Kg<\/td>\n<\/tr>\n<\/tbody>\n<\/table>\n<p>[\/vc_column_text][\/vc_tta_section][\/vc_tta_tabs][\/vc_column][\/vc_row]<\/p>\n<\/body>","protected":false},"excerpt":{"rendered":"<p>[vc_row][vc_column][vc_empty_space][\/vc_column][\/vc_row][vc_row][vc_column][vc_tta_tabs][vc_tta_section title=\u201dGenel \u00d6zellikler\u201d tab_id=\u201d1563465831567-b11040b8-7a16\u2033][vc_column_text]10.4\u2033 (25cm) TFT LCD ekran Tek tu\u015f ile a\u00e7ma kapama Paslanmaz \u00e7elik korumal\u0131 kabin Otomatik ar\u0131za tan\u0131 tespit ve ikaz paketi IP65 su ge\u00e7irmez soket ve anahtarlar Otomatik kapatma \u00f6zelli\u011fi Otomatik faz kontrol\u00fc \u00c7oklu dil deste\u011fi Maksimum y\u0131lda 1 bak\u0131m\u00a0 aral\u0131\u011f\u0131 3 \u2013 seviyeli \u015fifre koruma \u00f6zelli\u011fi USB ile mesaj saklama deste\u011fi&hellip;<\/p>\n","protected":false},"author":1,"featured_media":0,"parent":0,"menu_order":20,"comment_status":"closed","ping_status":"closed","template":"","meta":{"om_disable_all_campaigns":false,"_monsterinsights_skip_tracking":false,"_monsterinsights_sitenote_active":false,"_monsterinsights_sitenote_note":"","_monsterinsights_sitenote_category":0},"class_list":["post-2184","page","type-page","status-publish","hentry","description-off"],"_links":{"self":[{"href":"https:\/\/www.turkinkjet.com\/tr\/wp-json\/wp\/v2\/pages\/2184"}],"collection":[{"href":"https:\/\/www.turkinkjet.com\/tr\/wp-json\/wp\/v2\/pages"}],"about":[{"href":"https:\/\/www.turkinkjet.com\/tr\/wp-json\/wp\/v2\/types\/page"}],"author":[{"embeddable":true,"href":"https:\/\/www.turkinkjet.com\/tr\/wp-json\/wp\/v2\/users\/1"}],"replies":[{"embeddable":true,"href":"https:\/\/www.turkinkjet.com\/tr\/wp-json\/wp\/v2\/comments?post=2184"}],"version-history":[{"count":5,"href":"https:\/\/www.turkinkjet.com\/tr\/wp-json\/wp\/v2\/pages\/2184\/revisions"}],"predecessor-version":[{"id":3116,"href":"https:\/\/www.turkinkjet.com\/tr\/wp-json\/wp\/v2\/pages\/2184\/revisions\/3116"}],"wp:attachment":[{"href":"https:\/\/www.turkinkjet.com\/tr\/wp-json\/wp\/v2\/media?parent=2184"}],"curies":[{"name":"wp","href":"https:\/\/api.w.org\/{rel}","templated":true}]}}