{"id":2139,"date":"2019-07-10T21:23:37","date_gmt":"2019-07-10T21:23:37","guid":{"rendered":"http:\/\/www.turkinkjet.com\/?page_id=2139"},"modified":"2019-07-10T21:23:37","modified_gmt":"2019-07-10T21:23:37","slug":"nanojet-ii","status":"publish","type":"page","link":"https:\/\/www.turkinkjet.com\/tr\/nanojet-ii\/","title":{"rendered":"NANOJET II"},"content":{"rendered":"<body><p><\/p>[vc_row][vc_column][vc_column_text]<strong>NANOJET II\u00a0<\/strong>\n<p><strong>1. Kodlama \u00dcnitesi<\/strong><\/p>\n<p>a) HP inkjet teknolojisi ,0 bak\u0131m, 12.7mm ye varan y\u00fckseklite kodlamalar<br>\nb) 300*150dpi dan 600*600dpi \u00e7\u00f6z\u00fcn\u00fcrl\u00fc\u011f\u00fcnde kodlamalar<br>\nc) 30mt\/dk \u2013 304mt\/dk aras\u0131 kodlama h\u0131z\u0131<\/p>\n<p><strong>2. Tasar\u0131m \u00d6zellikleri<\/strong><\/p>\n<p>a) Geli\u015fmi\u015f entegrasyon, az yer kaplama avantaj\u0131 , birka\u00e7 par\u00e7a ile kolay kurulum<br>\nb) Ekran\u0131n yaz\u0131c\u0131dan ba\u011f\u0131ms\u0131z olmas\u0131 sayesinde her yere kolayca kurulabilme \u00f6zelli\u011fi<br>\nc) \u00c7arpma \u00f6nleyici sistem, pek \u00e7ok \u00fcretim hatt\u0131na uyumlu<br>\nd) Alarm \u0131\u015f\u0131\u011f\u0131 sayesinde operat\u00f6r\u00fcn her durumda cihaza tam anlam\u0131yla hakim olabilmesi<br>\ne) Ard\u0131\u015f\u0131k kodlama , birka\u00e7 yaz\u0131c\u0131n\u0131n bir koliye e\u015f zamanda kodlayabilmesi \u00f6zelli\u011fi<br>\nf) D\u00fc\u015f\u00fck yat\u0131r\u0131m maliyeti ile y\u00fcksek i\u015fletme verimi<br>\ng) \u00dcretim hatt\u0131n\u0131n stabil olmamas\u0131 durumunda bile d\u00fczg\u00fcn kodlamalar yaratan \u00fcst\u00fcn tasar\u0131m<\/p>\n<p><strong>3. YAZILIM<\/strong><\/p>\n<p>a) Statik veri kodlamas\u0131, de\u011fi\u015fen veri kodlamas\u0131, saya\u00e7 ve tarih<br>\nb) Kullan\u0131c\u0131 dostu aray\u00fcz, geli\u015fmi\u015f dosya y\u00f6netim sistemi, son kodlanan mesaj\u0131n otomatik olarak kaydedilmesi.<br>\nc) \u00d6nizleme fonksiyonu ile girilen kodun g\u00f6r\u00fcn\u00fcr olmas\u0131n\u0131n sa\u011flanmas\u0131, do\u011frudan her bilginin yaz\u0131c\u0131da modifiye edilebilmesi. \u0130\u00e7erik boyutu konusunda \u00fcst limit yoktur.<br>\nd)\u00d6zel sembol kullan\u0131labilme imk\u00e2n\u0131, \u00e7oklu dil se\u00e7enekleri<br>\ne)\u00c7al\u0131\u015fma durumu ve yard\u0131m sisteminin daima mevcut olmas\u0131, e\u011fitime gerek olmadan kolayca kullan\u0131labilme<\/p>\n<p><strong>NANOJET-II TEKN\u0130K PARAMETRELER<\/strong><\/p>\n<p>Kodlama Sistemi- HP TIJ 2.5<br>\nKodlama Y\u00fcksekli\u011fi-12.7mm<br>\nMax Hat H\u0131z\u0131- 30 mt\/dk @ 600\u00d7600dp 304 mt\/dk@300\u00d7150dpi<br>\nPort- USB\/ RS232<br>\nAray\u00fcz- LCD<br>\nKodlanabilen Veriler- Text, parti numaras\u0131 , \u00fcretim&amp; son kullanma tarihi, imaj<br>\nBarkod Tipleri- EAN128\u3001 Code25\u3001 Code39\u3001 Code93\u3001Code128\u3001GS1Databar PDF417, Data Matrix, Maxi Code, QR-code<br>\nDe\u011fi\u015fken Datalar- \u00fcretim&amp; son kullanma tarihi, imaj<br>\nElektiriksel G\u00fc\u00e7- 110-220VAC 50\/60Hz<\/p>\n<p><img decoding=\"async\" src=\"http:\/\/www.turkinkjet.com.tr\/images\/stories\/oz\/faz2.png\" alt=\"\" width=\"883\" height=\"514\" loading=\"lazy\">[\/vc_column_text][\/vc_column][\/vc_row]<\/p>\n<\/body>","protected":false},"excerpt":{"rendered":"<p>[vc_row][vc_column][vc_column_text]NANOJET II\u00a0 1. Kodlama \u00dcnitesi a) HP inkjet teknolojisi ,0 bak\u0131m, 12.7mm ye varan y\u00fckseklite kodlamalar b) 300*150dpi dan 600*600dpi \u00e7\u00f6z\u00fcn\u00fcrl\u00fc\u011f\u00fcnde kodlamalar c) 30mt\/dk \u2013 304mt\/dk aras\u0131 kodlama h\u0131z\u0131 2. Tasar\u0131m \u00d6zellikleri a) Geli\u015fmi\u015f entegrasyon, az yer kaplama avantaj\u0131 , birka\u00e7 par\u00e7a ile kolay kurulum b) Ekran\u0131n yaz\u0131c\u0131dan ba\u011f\u0131ms\u0131z olmas\u0131 sayesinde her yere kolayca kurulabilme&hellip;<\/p>\n","protected":false},"author":1,"featured_media":0,"parent":0,"menu_order":20,"comment_status":"closed","ping_status":"closed","template":"","meta":{"om_disable_all_campaigns":false,"_monsterinsights_skip_tracking":false,"_monsterinsights_sitenote_active":false,"_monsterinsights_sitenote_note":"","_monsterinsights_sitenote_category":0},"class_list":["post-2139","page","type-page","status-publish","hentry","description-off"],"_links":{"self":[{"href":"https:\/\/www.turkinkjet.com\/tr\/wp-json\/wp\/v2\/pages\/2139"}],"collection":[{"href":"https:\/\/www.turkinkjet.com\/tr\/wp-json\/wp\/v2\/pages"}],"about":[{"href":"https:\/\/www.turkinkjet.com\/tr\/wp-json\/wp\/v2\/types\/page"}],"author":[{"embeddable":true,"href":"https:\/\/www.turkinkjet.com\/tr\/wp-json\/wp\/v2\/users\/1"}],"replies":[{"embeddable":true,"href":"https:\/\/www.turkinkjet.com\/tr\/wp-json\/wp\/v2\/comments?post=2139"}],"version-history":[{"count":1,"href":"https:\/\/www.turkinkjet.com\/tr\/wp-json\/wp\/v2\/pages\/2139\/revisions"}],"predecessor-version":[{"id":2140,"href":"https:\/\/www.turkinkjet.com\/tr\/wp-json\/wp\/v2\/pages\/2139\/revisions\/2140"}],"wp:attachment":[{"href":"https:\/\/www.turkinkjet.com\/tr\/wp-json\/wp\/v2\/media?parent=2139"}],"curies":[{"name":"wp","href":"https:\/\/api.w.org\/{rel}","templated":true}]}}