{"id":2137,"date":"2019-07-10T21:20:51","date_gmt":"2019-07-10T21:20:51","guid":{"rendered":"http:\/\/www.turkinkjet.com\/?page_id=2137"},"modified":"2019-07-10T21:20:51","modified_gmt":"2019-07-10T21:20:51","slug":"smartjet","status":"publish","type":"page","link":"https:\/\/www.turkinkjet.com\/tr\/smartjet\/","title":{"rendered":"SMARTJET"},"content":{"rendered":"<body><p><\/p>[vc_row][vc_column][vc_column_text]<strong>SMARTJET<\/strong><br>\nHP teknolojisi baz al\u0131narak geli\u015ftirilen Y\u00fcksek \u00c7\u00f6z\u00fcn\u00fcrl\u00fckl\u00fc Kodlama cihaz\u0131 SMARTJET en ileri teknoloji ile markalama ihtiya\u00e7lar\u0131n\u0131za \u00e7\u00f6z\u00fcm sunmaktad\u0131r.\n<p><strong>TEKN\u0130K \u00d6ZELL\u0130KLER:<\/strong><br>\n\u2013 Kullan\u0131c\u0131 dostu aray\u00fcz<br>\n\u2013 Tek boyutlu barkod, \u00e7ift boyutlu barkod, saya\u00e7, tarih, text ve g\u00f6rsel kodlamalar\u0131<br>\n\u2013 D\u00fc\u015f\u00fck i\u015fletme maliyetleri ile y\u00fcksek kalitede kodlamalar yapma imk\u00e2n\u0131<br>\n\u2013 Senkronize hareket edebilme \u00f6zelli\u011fi sayesinde tam 12 yaz\u0131c\u0131n\u0131n e\u015f zamanl\u0131 \u00e7al\u0131\u015fabilmesi<br>\n\u2013 \u00dcretim hatt\u0131n\u0131n stabil olmamas\u0131 durumunda bile d\u00fczg\u00fcn kodlamalar yaratan \u00fcst\u00fcn tasar\u0131m<br>\n\u2013 Y\u00fcksek entegrasyon kapasitesi sayesinde kolay kurulumla \u00e7al\u0131\u015fma imk\u00e2n\u0131<br>\n\u2013 Alarm \u0131\u015f\u0131\u011f\u0131yla ba\u011flanabilme \u00f6zelli\u011fi sayesinde operat\u00f6r\u00fcn \u00e7al\u0131\u015fma durumu konusunda interaktif bilgi sahibi olabilmesi ayr\u0131cal\u0131\u011f\u0131<\/p>\n<p><strong>TEKN\u0130K PARAMETRELER<\/strong><\/p>\n<p>Kodlama Sistemi- HP TIJ 2.5<br>\nKodlanabilen Y\u00fcksekli\u011fi- 12.7mm~50.8mm<br>\nKodlama H\u0131z\u0131 &amp; \u00c7\u00f6z\u00fcn\u00fcrl\u00fc\u011f\u00fc- 30 m\/min@ 600\u00d7600DPI 60m\/min@600\u00d7300DPI 120m\/min@300\u00d7150DPI<br>\nPort- WIFI\/USB\/ RS232\/PLC\/Ard\u0131\u015f\u0131k Kodlama<br>\nAray\u00fcz- 10.1 dokunmatik ekran<br>\nKodlanabilecek Veriler- Text, saya\u00e7, tarih, barkod, imaj, veritaban\u0131<\/p>\n<p>Barkod Tipleri- EAN8 EAN13 EAN128 CODE25 CODE39 CODE128 CODE128A CODE128B CODE128C Codebar2width UPC12 PIATS PDF417 PIATSDRUG QRCODE DATAMATRIX<br>\nDe\u011fi\u015fken Datalar- Text, saya\u00e7, tarih, barkod, imaj, veritaban\u0131<br>\nElektirksel G\u00fc\u00e7- 110-220VAC 50\/60Hz<\/p>\n<p><img decoding=\"async\" src=\"http:\/\/www.turkinkjet.com.tr\/images\/stories\/oz\/fazliii.png\" alt=\"\" width=\"883\" height=\"514\" loading=\"lazy\">[\/vc_column_text][\/vc_column][\/vc_row]<\/p>\n<\/body>","protected":false},"excerpt":{"rendered":"<p>[vc_row][vc_column][vc_column_text]SMARTJET HP teknolojisi baz al\u0131narak geli\u015ftirilen Y\u00fcksek \u00c7\u00f6z\u00fcn\u00fcrl\u00fckl\u00fc Kodlama cihaz\u0131 SMARTJET en ileri teknoloji ile markalama ihtiya\u00e7lar\u0131n\u0131za \u00e7\u00f6z\u00fcm sunmaktad\u0131r. TEKN\u0130K \u00d6ZELL\u0130KLER: \u2013 Kullan\u0131c\u0131 dostu aray\u00fcz \u2013 Tek boyutlu barkod, \u00e7ift boyutlu barkod, saya\u00e7, tarih, text ve g\u00f6rsel kodlamalar\u0131 \u2013 D\u00fc\u015f\u00fck i\u015fletme maliyetleri ile y\u00fcksek kalitede kodlamalar yapma imk\u00e2n\u0131 \u2013 Senkronize hareket edebilme \u00f6zelli\u011fi sayesinde tam&hellip;<\/p>\n","protected":false},"author":1,"featured_media":0,"parent":0,"menu_order":20,"comment_status":"closed","ping_status":"closed","template":"","meta":{"om_disable_all_campaigns":false,"_monsterinsights_skip_tracking":false,"_monsterinsights_sitenote_active":false,"_monsterinsights_sitenote_note":"","_monsterinsights_sitenote_category":0},"class_list":["post-2137","page","type-page","status-publish","hentry","description-off"],"_links":{"self":[{"href":"https:\/\/www.turkinkjet.com\/tr\/wp-json\/wp\/v2\/pages\/2137"}],"collection":[{"href":"https:\/\/www.turkinkjet.com\/tr\/wp-json\/wp\/v2\/pages"}],"about":[{"href":"https:\/\/www.turkinkjet.com\/tr\/wp-json\/wp\/v2\/types\/page"}],"author":[{"embeddable":true,"href":"https:\/\/www.turkinkjet.com\/tr\/wp-json\/wp\/v2\/users\/1"}],"replies":[{"embeddable":true,"href":"https:\/\/www.turkinkjet.com\/tr\/wp-json\/wp\/v2\/comments?post=2137"}],"version-history":[{"count":1,"href":"https:\/\/www.turkinkjet.com\/tr\/wp-json\/wp\/v2\/pages\/2137\/revisions"}],"predecessor-version":[{"id":2138,"href":"https:\/\/www.turkinkjet.com\/tr\/wp-json\/wp\/v2\/pages\/2137\/revisions\/2138"}],"wp:attachment":[{"href":"https:\/\/www.turkinkjet.com\/tr\/wp-json\/wp\/v2\/media?parent=2137"}],"curies":[{"name":"wp","href":"https:\/\/api.w.org\/{rel}","templated":true}]}}