{"id":2135,"date":"2019-07-10T21:17:34","date_gmt":"2019-07-10T21:17:34","guid":{"rendered":"http:\/\/www.turkinkjet.com\/?page_id=2135"},"modified":"2019-07-10T21:18:01","modified_gmt":"2019-07-10T21:18:01","slug":"ec-jet","status":"publish","type":"page","link":"https:\/\/www.turkinkjet.com\/tr\/ec-jet\/","title":{"rendered":"EC JET"},"content":{"rendered":"<body><p><\/p>[vc_row][vc_column][vc_column_text]<strong>EC JET<\/strong><br>\nHP teknolojisi ile dokunmatik ekranl\u0131 olarak geli\u015ftirilmi\u015f y\u00fcksek h\u0131zl\u0131 ve y\u00fcksek \u00e7\u00f6z\u00fcn\u00fcrl\u00fckl\u00fc kodlama cihaz\u0131 end\u00fcstriyel kodlama ihtiya\u00e7lar\u0131n\u0131za hatt\u0131n\u0131za uyumlu \u00e7\u00f6z\u00fcmler sunmaktad\u0131r.\n<p><strong>TEKN\u0130K \u00d6ZELL\u0130KLER<\/strong><br>\n4 adede kadar yaz\u0131c\u0131 kafay\u0131 kontrol edebilme.<br>\nText, \u00fcretim tarihi, son kullanma tarihi, g\u00f6rsel, parti numaras\u0131 kodlayabilme.<br>\n7 in\u00e7 dokunmatik ekranla uygulama yapabilen kullan\u0131c\u0131 dostu aray\u00fcz<br>\nY\u00fcksek entegrasyon kapasitesi sayesinde kolay kurulumla \u00e7al\u0131\u015fma imk\u00e2n\u0131<br>\nDaha stabil kullan\u0131m i\u00e7in kablosuz yaz\u0131c\u0131 kafa<br>\nOrijinal HP s\u00fcr\u00fcc\u00fc bordu ile y\u00fcksek kaliteli uygulamalar<\/p>\n<p><strong>TEKN\u0130K PARAMETRELER<\/strong><br>\nModel- ECJET<br>\nKodlama Sistemi- HP TIJ 2.5<br>\nKodlanabilen Y\u00fckseklik- 12.7mm~50.8mm<br>\nMax Kodlama H\u0131z\u0131- 38 m\/min@ 600\u00d7600DPI 76m\/min@600\u00d7300DPI 150m\/min@300\u00d7150DPI<br>\nAray\u00fcz- Internet giri\u015fi\/USB<br>\nEkran- 7 inch dokunmatik ekran<br>\nKodlanabilen Veri Tipleri- Text, parti numaras\u0131 , \u00fcretim tarihi &amp; son kullanma tarihi, g\u00f6rsel, veri taban\u0131<br>\nBarkodlar- EAN8, EAN13, EAN128, CODE25, CODE39, CODE128, CODE128A, CODE128B, CODE128C, Codebar2, UPC12, PIATS, PDF417 PIATSDRUG, QRCODE, DATAMATRIX<br>\nElektiriksel G\u00fc\u00e7- 110-220VAC 50\/60Hz<\/p>\n<p><img decoding=\"async\" src=\"http:\/\/www.turkinkjet.com.tr\/images\/stories\/oz\/lazerr.png\" alt=\"\" width=\"883\" height=\"514\" loading=\"lazy\">[\/vc_column_text][\/vc_column][\/vc_row]<\/p>\n<\/body>","protected":false},"excerpt":{"rendered":"<p>[vc_row][vc_column][vc_column_text]EC JET HP teknolojisi ile dokunmatik ekranl\u0131 olarak geli\u015ftirilmi\u015f y\u00fcksek h\u0131zl\u0131 ve y\u00fcksek \u00e7\u00f6z\u00fcn\u00fcrl\u00fckl\u00fc kodlama cihaz\u0131 end\u00fcstriyel kodlama ihtiya\u00e7lar\u0131n\u0131za hatt\u0131n\u0131za uyumlu \u00e7\u00f6z\u00fcmler sunmaktad\u0131r. TEKN\u0130K \u00d6ZELL\u0130KLER 4 adede kadar yaz\u0131c\u0131 kafay\u0131 kontrol edebilme. Text, \u00fcretim tarihi, son kullanma tarihi, g\u00f6rsel, parti numaras\u0131 kodlayabilme. 7 in\u00e7 dokunmatik ekranla uygulama yapabilen kullan\u0131c\u0131 dostu aray\u00fcz Y\u00fcksek entegrasyon kapasitesi sayesinde&hellip;<\/p>\n","protected":false},"author":1,"featured_media":0,"parent":0,"menu_order":20,"comment_status":"closed","ping_status":"closed","template":"","meta":{"om_disable_all_campaigns":false,"_monsterinsights_skip_tracking":false,"_monsterinsights_sitenote_active":false,"_monsterinsights_sitenote_note":"","_monsterinsights_sitenote_category":0},"class_list":["post-2135","page","type-page","status-publish","hentry","description-off"],"_links":{"self":[{"href":"https:\/\/www.turkinkjet.com\/tr\/wp-json\/wp\/v2\/pages\/2135"}],"collection":[{"href":"https:\/\/www.turkinkjet.com\/tr\/wp-json\/wp\/v2\/pages"}],"about":[{"href":"https:\/\/www.turkinkjet.com\/tr\/wp-json\/wp\/v2\/types\/page"}],"author":[{"embeddable":true,"href":"https:\/\/www.turkinkjet.com\/tr\/wp-json\/wp\/v2\/users\/1"}],"replies":[{"embeddable":true,"href":"https:\/\/www.turkinkjet.com\/tr\/wp-json\/wp\/v2\/comments?post=2135"}],"version-history":[{"count":1,"href":"https:\/\/www.turkinkjet.com\/tr\/wp-json\/wp\/v2\/pages\/2135\/revisions"}],"predecessor-version":[{"id":2136,"href":"https:\/\/www.turkinkjet.com\/tr\/wp-json\/wp\/v2\/pages\/2135\/revisions\/2136"}],"wp:attachment":[{"href":"https:\/\/www.turkinkjet.com\/tr\/wp-json\/wp\/v2\/media?parent=2135"}],"curies":[{"name":"wp","href":"https:\/\/api.w.org\/{rel}","templated":true}]}}