{"id":2123,"date":"2019-07-10T21:04:52","date_gmt":"2019-07-10T21:04:52","guid":{"rendered":"http:\/\/www.turkinkjet.com\/?page_id=2123"},"modified":"2019-07-18T21:01:00","modified_gmt":"2019-07-18T21:01:00","slug":"apl-8000-elv","status":"publish","type":"page","link":"https:\/\/www.turkinkjet.com\/tr\/apl-8000-elv\/","title":{"rendered":"APL 8000 ELV"},"content":{"rendered":"<body><p><\/p>[vc_row][vc_column][vc_column_text]<strong>APL 8000 ELV<\/strong>\n<p><img decoding=\"async\" class=\"size-medium wp-image-2124 alignleft\" src=\"http:\/\/www.turkinkjet.com\/wp-content\/uploads\/2019\/07\/apl-elv-11-ok-230x300.png\" alt=\"\" width=\"230\" height=\"300\" loading=\"lazy\" srcset=\"https:\/\/www.turkinkjet.com\/tr\/wp-content\/uploads\/2019\/07\/apl-elv-11-ok-230x300.png 230w, https:\/\/www.turkinkjet.com\/tr\/wp-content\/uploads\/2019\/07\/apl-elv-11-ok.png 356w\" sizes=\"(max-width: 230px) 100vw, 230px\" \/>Y\u00fckseklikleri de\u011fi\u015fken olan paletlerin 1,2 ay da 3 taraf\u0131na ger\u00e7ek zamanl\u0131 ve otomatik olarak etiketleme yapmak \u00fczere \u00fcretimi\u015f, piyasadaki tek asans\u00f6r sistemli Yaz-Yap\u0131\u015ft\u0131r Etiketleme Sistemidir.<\/p>\n<div class=\"col-xs-12 col-sm-8 fright mbottom20\">\n<p>APL 8000 ELV \u00fcst \u00fcste dizilmi\u015f ve de\u011fi\u015fken y\u00fcksekliklerdeki paletlerin otomatik olarak etiketlenmesi i\u00e7in tasarlanm\u0131\u015f ve geli\u015ftirilmi\u015ftir.<\/p>\n<p>Yeni lojistik ihtiya\u00e7lar, hat sonu makinalar\u0131n\u0131n geli\u015fmesi ve farkl\u0131 ta\u015f\u0131ma \u015fekilleri farkl\u0131 paletleme \u015fekilleri olu\u015fmas\u0131na neden olmu\u015ftur:<\/p>\n<ul class=\"listCheck listBlue\">\n<li>\u00dcst \u00fcste paletler<\/li>\n<\/ul>\n<p>1 adet 2 paletten olu\u015fan yap\u0131. Genelde 800\u00d71.200mm ya da 1.000\u00d71.200mm.<\/p>\n<ul class=\"listCheck listBlue\">\n<li>\u00dcst \u00fcste 2 yar\u0131m palet<\/li>\n<\/ul>\n<p>2 adet 4 yar\u0131m paletten olu\u015fan yap\u0131 (800x600mm ya da 1.000x600mm)<\/p>\n<p>3 adet 6 yar\u0131m paletten olu\u015fan yap\u0131 (800x600mm ya da 1.000x600mm)<\/p>\n<ul class=\"listCheck listBlue\">\n<li>Farkl\u0131 y\u00fckseklerdeki paletler<\/li>\n<\/ul>\n<p>Farkl\u0131 y\u00fckseklikteki \u00fcr\u00fcnlerden olu\u015fan paletler<\/p>\n<p>Bu tip paletlerin etiketlenme s\u00fcrecinin hassasl\u0131\u011f\u0131 zorlu\u011fundan dolay\u0131, UBS APL 8000 ELV, farkl\u0131 ve de\u011fi\u015fken y\u00fcksekliklerdeki paletleri uluslararas\u0131 GS1 standartlar\u0131nda etiketlemek \u00fczere tasarlanm\u0131\u015f ve geli\u015ftirilmi\u015ftir.<\/p>\n<p>Asans\u00f6rl\u00fc sistema sayesinde ger\u00e7ek zamanl\u0131 ve otomatik olarak 800mm y\u00fckseklikten 2.400mm\u2019ye kadar y\u00fckseklikteki paletleri etiketleyebilmektedir. H\u0131zl\u0131 hareket eden asans\u00f6r\u00fc, etiketleme h\u0131z\u0131 korunurken, etiket konumunun do\u011frulu\u011funu garantiler.<\/p>\n<p>APL 8000 ELV Serisi piyasadaki t\u00fcm OEM yaz\u0131c\u0131 motorlar\u0131yla uyumludur.<\/p>\n<p>PLC ile kontrol edildi\u011finden APL 8000 ELV, dry contact ile t\u00fcm \u00fcretim ve paletleme hatlar\u0131na kolayca adapte edilebilir.<\/p>\n<p>Y\u00fcksek ba\u011flant\u0131 kapasitesi ile SAP\u00ae,\u00a0 Oracle\u00ae, Microsoft Dynamics\u00ae gibi bir \u00e7ok ERP, MES, WMS, DBMS sistemlerine ba\u011flan\u0131labilir.<\/p>\n<div class=\"col-xs-12 col-sm-6 mbottom20\">\n<p>\u2713Paletlerin otomatik olarak etiketlenmesi i\u00e7in tasarlanm\u0131\u015f ve geli\u015ftirilmi\u015ftir<\/p>\n<p>\u2713PLC, etiket diziminin do\u011frulu\u011funu control etmek \u00fczere aray\u00fcz<\/p>\n<p>\u2713HMI<\/p>\n<p>\u2713Smart Tamp- Ak\u0131ll\u0131 uygulama aplikat\u00f6r\u00fc<\/p>\n<ul>\n<li style=\"list-style-type: none;\">\n<ul>\n<li>Etiket var sens\u00f6r\u00fc<\/li>\n<li>Etiket uyguland\u0131 aplikat\u00f6r\u00fc<\/li>\n<li>D\u00fcz olmayan y\u00fczeylere uygunluk<\/li>\n<\/ul>\n<\/li>\n<\/ul>\n<p>\u2713Barkod okuyucu\/do\u011frulay\u0131c\u0131 (opsiyonel)<\/p>\n<p>\u2713ERP,MES,WMS,DBMS, vb. ba\u011flant\u0131<\/p>\n<p>\u2713Uluslararas\u0131 GS1 Palet etiketleme normlar\u0131na uygun GS1-128 barkod<\/p>\n<p>\u2713Y\u00fcksek performans ve g\u00fcvenilirlik<\/p>\n<p>\u2713Y\u00fcksek h\u0131zl\u0131 data i\u015flemcisi ve y\u00fcksek data depolama kapasitesi<\/p>\n<p>\u2713Sarf malzemesi azald\u0131 alarm\u0131 (opsiyonel)<\/p>\n<p>\u2713I\u015f\u0131kl\u0131 ve sesli alarm<\/p>\n<p>\u2713Kapal\u0131 sarf malzemesi kabini<\/p>\n<p>\u2713So\u011futma sistema (opsiyonel)<\/p>\n<p>\u2713Kolay sarf malzemesi de\u011fi\u015ftirme<\/p>\n<p>\u2713Mod\u00fcler tasar\u0131m<\/p>\n<p>\u2713Kompakt ve y\u00fckseklik ayarl\u0131<\/p>\n<\/div>\n<\/div>\n<p>[\/vc_column_text][\/vc_column][\/vc_row][vc_row][vc_column][vc_tta_tabs][vc_tta_section title=\u201dTeknik \u00d6zellikler\u201d tab_id=\u201d1563483518884-dd7cacf0-2167\u2033][vc_column_text]<\/p>\n<div class=\"tr\">\n<div class=\"col-xs-12 col-sm-4\">\n<hr>\n<p><strong>YAZICI MOTORU<\/strong>\u00a0 \u00a0ZEBRA, SATO, HONEYWELL &amp; others (4\u2033\/6\u2033 RH or LF)<\/p>\n<\/div>\n<\/div>\n<div class=\"tr\">\n<div class=\"col-xs-12 col-sm-4\">\n<hr>\n<p><strong>\u00c7\u00d6Z\u00dcN\u00dcRL\u00dcK<\/strong>\u00a0 \u00a0206\u2019den 300 dpi\u2019ye kadar<\/p>\n<\/div>\n<\/div>\n<div class=\"tr\">\n<div class=\"col-xs-12 col-sm-4\">\n<hr>\n<p><strong>ET\u0130KET MAKARASI\u00a0<\/strong> \u00a0Maksimum \u00e7ap: 300mm<\/p>\n<\/div>\n<\/div>\n<div class=\"tr\">\n<div class=\"col-xs-12 col-sm-4\">\n<hr>\n<p><strong>RIBON MAKARASI<\/strong>\u00a0 \u00a0Maksimum uzunluk: 600m (yaz\u0131c\u0131 motoruna ba\u011fl\u0131)<\/p>\n<\/div>\n<\/div>\n<div class=\"tr\">\n<div class=\"col-xs-12 col-sm-4\">\n<hr>\n<p><strong>BA\u011eLANTI<\/strong>\u00a0 \u00a0RS232, USB, Centronic, Ethernet y Wireless (opsiyonal)<\/p>\n<\/div>\n<\/div>\n<div class=\"tr\">\n<div class=\"col-xs-12 col-sm-4\">\n<hr>\n<p><strong>DISPLAY<\/strong>\u00a0 \u00a05,7\u2019\u2019 dokunmatik ekran<\/p>\n<\/div>\n<\/div>\n<div class=\"tr\">\n<div class=\"col-xs-12 col-sm-4\">\n<hr>\n<p><strong>A\u011eIRLIK<\/strong>\u00a0 \u00a0850,8Kg<\/p>\n<\/div>\n<\/div>\n<div class=\"tr\">\n<div class=\"col-xs-12 col-sm-4\">\n<hr>\n<p><strong>\u00d6L\u00c7\u00dcLER<\/strong>\u00a0 \u00a0Geni\u015flik: 2789mm \u2013 Derinlik:1405 mm \u2013 Y\u00fckseklik maks. 1230mm<\/p>\n<\/div>\n<\/div>\n<div class=\"tr\">\n<div class=\"col-xs-12 col-sm-4\">\n<hr>\n<p><strong>G\u00dc\u00c7 KAYNA\u011eI<\/strong>\u00a0 \u00a0Voltaj: 110\/220 VAC. Frekans: 50 ya da 60 Hz<\/p>\n<\/div>\n<\/div>\n<div class=\"tr\">\n<div class=\"col-xs-12 col-sm-4\">\n<hr>\n<p><strong>\u00c7ALI\u015eMA SICAKLI\u011eI<\/strong>\u00a0 \u00a0+4 C\u00ba\u2019den, 45 C\u00ba\u2019 ye kadar<\/p>\n<\/div>\n<\/div>\n<div class=\"tr\">\n<div class=\"col-xs-12 col-sm-4\">\n<hr>\n<p><strong>NEM<\/strong>\u00a0 \u00a0%20-85<\/p>\n<\/div>\n<\/div>\n<p>[\/vc_column_text][\/vc_tta_section][vc_tta_section title=\u201dModeller\u201d tab_id=\u201d1563483518925-84618a55-a0af\u201d][vc_column_text]<\/p>\n<div class=\"tr\">\n<div class=\"col-xs-12 col-sm-4\">\n<hr>\n<p><strong>APL8000<\/strong>\u00a0 \u00a01 Etiket \u2013 12 Palet\/dakika<\/p>\n<\/div>\n<\/div>\n<div class=\"tr\">\n<div class=\"col-xs-12 col-sm-4\">\n<hr>\n<p><strong>APL8200\u00a0<\/strong> \u00a02 Etiket- 3 Palet\/dakika<\/p>\n<\/div>\n<\/div>\n<div class=\"tr\">\n<div class=\"col-xs-12 col-sm-4\">\n<hr>\n<p><strong>APL8300\u00a0<\/strong> \u00a03 Etiket- 2 Palet\/dakika<\/p>\n<\/div>\n<\/div>\n<p>[\/vc_column_text][\/vc_tta_section][\/vc_tta_tabs][\/vc_column][\/vc_row][vc_row][vc_column][vc_video link=\u201dhttps:\/\/www.youtube.com\/watch?v=GiQ89j5egEY\u201d el_width=\u201d50\u2033 align=\u201dcenter\u201d][\/vc_column][\/vc_row]<\/p>\n<\/body>","protected":false},"excerpt":{"rendered":"<p>[vc_row][vc_column][vc_column_text]APL 8000 ELV Y\u00fckseklikleri de\u011fi\u015fken olan paletlerin 1,2 ay da 3 taraf\u0131na ger\u00e7ek zamanl\u0131 ve otomatik olarak etiketleme yapmak \u00fczere \u00fcretimi\u015f, piyasadaki tek asans\u00f6r sistemli Yaz-Yap\u0131\u015ft\u0131r Etiketleme Sistemidir. APL 8000 ELV \u00fcst \u00fcste dizilmi\u015f ve de\u011fi\u015fken y\u00fcksekliklerdeki paletlerin otomatik olarak etiketlenmesi i\u00e7in tasarlanm\u0131\u015f ve geli\u015ftirilmi\u015ftir. Yeni lojistik ihtiya\u00e7lar, hat sonu makinalar\u0131n\u0131n geli\u015fmesi ve farkl\u0131 ta\u015f\u0131ma&hellip;<\/p>\n","protected":false},"author":1,"featured_media":0,"parent":0,"menu_order":20,"comment_status":"closed","ping_status":"closed","template":"","meta":{"om_disable_all_campaigns":false,"_monsterinsights_skip_tracking":false,"_monsterinsights_sitenote_active":false,"_monsterinsights_sitenote_note":"","_monsterinsights_sitenote_category":0},"class_list":["post-2123","page","type-page","status-publish","hentry","description-off"],"_links":{"self":[{"href":"https:\/\/www.turkinkjet.com\/tr\/wp-json\/wp\/v2\/pages\/2123"}],"collection":[{"href":"https:\/\/www.turkinkjet.com\/tr\/wp-json\/wp\/v2\/pages"}],"about":[{"href":"https:\/\/www.turkinkjet.com\/tr\/wp-json\/wp\/v2\/types\/page"}],"author":[{"embeddable":true,"href":"https:\/\/www.turkinkjet.com\/tr\/wp-json\/wp\/v2\/users\/1"}],"replies":[{"embeddable":true,"href":"https:\/\/www.turkinkjet.com\/tr\/wp-json\/wp\/v2\/comments?post=2123"}],"version-history":[{"count":3,"href":"https:\/\/www.turkinkjet.com\/tr\/wp-json\/wp\/v2\/pages\/2123\/revisions"}],"predecessor-version":[{"id":2237,"href":"https:\/\/www.turkinkjet.com\/tr\/wp-json\/wp\/v2\/pages\/2123\/revisions\/2237"}],"wp:attachment":[{"href":"https:\/\/www.turkinkjet.com\/tr\/wp-json\/wp\/v2\/media?parent=2123"}],"curies":[{"name":"wp","href":"https:\/\/api.w.org\/{rel}","templated":true}]}}