{"id":2120,"date":"2019-07-10T21:02:24","date_gmt":"2019-07-10T21:02:24","guid":{"rendered":"http:\/\/www.turkinkjet.com\/?page_id=2120"},"modified":"2019-07-18T20:56:18","modified_gmt":"2019-07-18T20:56:18","slug":"apl-8000","status":"publish","type":"page","link":"https:\/\/www.turkinkjet.com\/tr\/apl-8000\/","title":{"rendered":"APL 8000"},"content":{"rendered":"<body><p><\/p>[vc_row][vc_column][vc_column_text]<strong>APL 8000<\/strong>\n<p class=\"normal inline\"><img decoding=\"async\" class=\"size-medium wp-image-2121 alignleft\" src=\"http:\/\/www.turkinkjet.com\/wp-content\/uploads\/2019\/07\/apl8000-1-230x300.png\" alt=\"\" width=\"230\" height=\"300\" loading=\"lazy\" srcset=\"https:\/\/www.turkinkjet.com\/tr\/wp-content\/uploads\/2019\/07\/apl8000-1-230x300.png 230w, https:\/\/www.turkinkjet.com\/tr\/wp-content\/uploads\/2019\/07\/apl8000-1.png 356w\" sizes=\"(max-width: 230px) 100vw, 230px\" \/>Palet \u00fczerine, ger\u00e7ek zamanl\u0131 olarak, 1, 2 ya da 3 etiket uygulamak \u00fczere geli\u015ftirilmi\u015f Otomatik Yaz-Yap\u0131\u015ft\u0131r Etiketleme Sistemleri.<\/p>\n<div class=\"col-xs-12 col-sm-8 fright mbottom20\">\n<p>APL 8000 Series Serisi, ger\u00e7ek zamanl\u0131 otomatik Yaz-Yap\u0131\u015ft\u0131r <em>Palet etiketleme sistemleri<\/em>, uluslararas\u0131 GS1, GS1-128 palet etiketleme normlar\u0131na uygun olarak etiketleme yapmak \u00fczere tasarlanm\u0131\u015ft\u0131r.<\/p>\n<p>Palet etiketini y\u00fcksek perforsmansla paletin 1, 2, ya da 3 tarf\u0131na uygulayabilir. Zor ko\u015fullu end\u00fcstriyel ortamlarda dahil olmak \u00fczere, her t\u00fcrl\u00fc hat sonu i\u00e7in uygundur.<\/p>\n<p>APL 8000 Series Serisi, piyasan\u0131n \u00f6nde gelen t\u00fcm yaz\u0131c\u0131 motorlar\u0131yla uyumludur: ZEBRA, DATAMAX, INTERMEC, SATO, vb. \u00c7\u00f6z\u00fcn\u00fcrl\u00fck 200\u2019den 300 dpi\u2019ye kadard\u0131r.<\/p>\n<p>PLC ile control edilen APL 8000 Series Serisi, senkronizasyon sinyalleri ve alarmlar\u0131 kullanarak, her t\u00fcrl\u00fc \u00fcretim hatt\u0131na uyumlu hale getirilmi\u015ftir.<\/p>\n<p>Y\u00fcksek ba\u011flant\u0131 kapasitesi ile SAP\u00ae,\u00a0 Oracle\u00ae, Microsoft Dynamics\u00ae gibi bir \u00e7ok ERP, MES, WMS, DBMS sistemlerine ba\u011flan\u0131labilir.<\/p>\n<div class=\"container mtop20\">\n<div class=\"row\">\n<div class=\"col-xs-12 col-sm-6 mbottom20\">\n<p>\u27131,2 ya da 3 etiket uygulamak \u00fczere yap\u0131land\u0131rma<\/p>\n<p>\u2713PLC, etiket diziminin do\u011frulu\u011funu control etmek \u00fczere aray\u00fcz<\/p>\n<p>\u2713HMI<\/p>\n<p>\u2713Smart Tamp- Ak\u0131ll\u0131 uygulama aplikat\u00f6r\u00fc<\/p>\n<ul>\n<li style=\"list-style-type: none;\">\n<ul>\n<li>Etiket var sens\u00f6r\u00fc<\/li>\n<li>Etiket uyguland\u0131 aplikat\u00f6r\u00fc<\/li>\n<li>D\u00fcz olmayan y\u00fczeylere uygunluk<\/li>\n<\/ul>\n<\/li>\n<\/ul>\n<p>\u2713Barkod okuyucu\/do\u011frulay\u0131c\u0131 (opsiyonel)<\/p>\n<p>\u2713ERP,MES,WMS,DBMS, vb. ba\u011flant\u0131<\/p>\n<p>\u2713Uluslararas\u0131 GS1 Palet etiketleme normlar\u0131na uygun GS1-128 barkod<\/p>\n<p>\u2713Saatte 200 palete kadar etiketleme h\u0131z\u0131 (2 y\u00fcze)<\/p>\n<p>\u2713Y\u00fcksek performans ve g\u00fcvenilirlik<\/p>\n<p>\u2713Y\u00fcksek h\u0131zl\u0131 data i\u015flemcisi ve y\u00fcksek data depolama kapasitesi<\/p>\n<p>\u2713Sarf malzemesi azald\u0131 alarm\u0131 (opsiyonel)<\/p>\n<p>\u2713I\u015f\u0131kl\u0131 ve sesli alarm<\/p>\n<p>\u2713Kapal\u0131 sarf malzemesi kabini<\/p>\n<p>\u2713So\u011futma sistema (opsiyonel)<\/p>\n<p>\u2713Kolay sarf malzemesi de\u011fi\u015ftirme<\/p>\n<p>\u2713Mod\u00fcler tasar\u0131m<\/p>\n<p>\u2713Kompakt ve y\u00fckseklik ayarl\u0131<\/p>\n<\/div>\n<div class=\"col-xs-12 col-md-6 mbottom40\">\n<div class=\"youtube-container\">\n<div class=\"youtube-player\" data-id=\"-dD7fIYCkuA\">\n<div>\n<div class=\"play-button\"><\/div>\n<\/div>\n<\/div>\n<\/div>\n<\/div>\n<\/div>\n<\/div>\n<\/div>\n<p>[\/vc_column_text][\/vc_column][\/vc_row][vc_row][vc_column][vc_tta_tabs][vc_tta_section title=\u201dTeknik \u00d6zellikler\u201d tab_id=\u201d1563483242436-35fbc669-9da7\u2033][vc_column_text]<\/p>\n<div class=\"tr\">\n<div class=\"col-xs-12 col-sm-4\">\n<hr>\n<p><strong>YAZICI MOTORU<\/strong>\u00a0 \u00a0 \u00a0ZEBRA, SATO,\u00a0DATAMAX\u2026<\/p>\n<\/div>\n<\/div>\n<div class=\"tr\">\n<div class=\"col-xs-12 col-sm-4\">\n<hr>\n<p><strong>\u00c7\u00d6Z\u00dcN\u00dcRL\u00dcK\u00a0<\/strong> \u00a0 206\u2019den 300 dpi\u2019ye kadar<\/p>\n<\/div>\n<\/div>\n<div class=\"tr\">\n<div class=\"col-xs-12 col-sm-4\">\n<hr>\n<p><strong>ET\u0130KET MAKARASI<\/strong>\u00a0 \u00a0 Maksimum \u00e7ap: 260mm<\/p>\n<\/div>\n<\/div>\n<div class=\"tr\">\n<div class=\"col-xs-12 col-sm-4\">\n<hr>\n<p><strong>RIBON MAKARASI\u00a0<\/strong> \u00a0 Maksimum uzunluk: 600m (yaz\u0131c\u0131 motoruna ba\u011fl\u0131)<\/p>\n<\/div>\n<\/div>\n<div class=\"tr\">\n<div class=\"col-xs-12 col-sm-4\">\n<hr>\n<p><strong>BA\u011eLANTI<\/strong>\u00a0 \u00a0 RS232, USB, Centronic, Ethernet y Wireless (opsiyonal)<\/p>\n<\/div>\n<\/div>\n<div class=\"tr\">\n<div class=\"col-xs-12 col-sm-4\">\n<hr>\n<p><strong>DISPLAY\u00a0<\/strong> \u00a05,7\u2019\u2019 dokunmatik ekran<\/p>\n<\/div>\n<\/div>\n<div class=\"tr\">\n<div class=\"col-xs-12 col-sm-4\">\n<hr>\n<p><strong>A\u011eIRLIK<\/strong>\u00a0 \u00a0232 kg<\/p>\n<\/div>\n<\/div>\n<div class=\"tr\">\n<div class=\"col-xs-12 col-sm-4\">\n<hr>\n<p><strong>\u00d6L\u00c7\u00dcLER<\/strong>\u00a0 \u00a0Geni\u015flik: 905mm \u2013 Derinlik:1345 mm \u2013 Y\u00fckseklik maks. 1800mm<\/p>\n<\/div>\n<\/div>\n<div class=\"tr\">\n<div class=\"col-xs-12 col-sm-4\">\n<hr>\n<p><strong>G\u00dc\u00c7 KAYNA\u011eI\u00a0<\/strong> \u00a0Voltaj: 110\/220 VAC. Frekans: 50 ya da 60 Hz<\/p>\n<\/div>\n<\/div>\n<div class=\"tr\">\n<div class=\"col-xs-12 col-sm-4\">\n<hr>\n<p><strong>\u00c7ALI\u015eMA SICAKLI\u011eI<\/strong>\u00a0 \u00a0+4 C\u00ba\u2019den, 45 C\u00ba\u2019 ye kadar<\/p>\n<\/div>\n<\/div>\n<div class=\"tr\">\n<div class=\"col-xs-12 col-sm-4\">\n<hr>\n<p><strong>NEM<\/strong>\u00a0 \u00a0%20-85<\/p>\n<\/div>\n<\/div>\n<p>[\/vc_column_text][\/vc_tta_section][vc_tta_section title=\u201dModeller\u201d tab_id=\u201d1563483242501-b7754399-2c5b\u201d][vc_column_text]<\/p>\n<div class=\"tr\">\n<div class=\"col-xs-12 col-sm-4\">\n<hr>\n<p><strong>APL8100\u00a0<\/strong> \u00a01 Etiket \u2013 10 Palet\/dakika<\/p>\n<\/div>\n<\/div>\n<div class=\"tr\">\n<div class=\"col-xs-12 col-sm-4\">\n<hr>\n<p><strong>APL8200<\/strong>\u00a0 \u00a02 Etiket- 3 Palet\/dakika<\/p>\n<\/div>\n<\/div>\n<div class=\"tr\">\n<div class=\"col-xs-12 col-sm-4\">\n<hr>\n<p><strong>APL8300<\/strong>\u00a0 \u00a03 Etiket- 2 Palet\/dakika<\/p>\n<\/div>\n<\/div>\n<p>[\/vc_column_text][\/vc_tta_section][\/vc_tta_tabs][\/vc_column][\/vc_row][vc_row][vc_column][vc_video link=\u201dhttps:\/\/www.youtube.com\/watch?v=-dD7fIYCkuA\u201d el_width=\u201d50\u2033 align=\u201dcenter\u201d][\/vc_column][\/vc_row]<\/p>\n<\/body>","protected":false},"excerpt":{"rendered":"<p>[vc_row][vc_column][vc_column_text]APL 8000 Palet \u00fczerine, ger\u00e7ek zamanl\u0131 olarak, 1, 2 ya da 3 etiket uygulamak \u00fczere geli\u015ftirilmi\u015f Otomatik Yaz-Yap\u0131\u015ft\u0131r Etiketleme Sistemleri. APL 8000 Series Serisi, ger\u00e7ek zamanl\u0131 otomatik Yaz-Yap\u0131\u015ft\u0131r Palet etiketleme sistemleri, uluslararas\u0131 GS1, GS1-128 palet etiketleme normlar\u0131na uygun olarak etiketleme yapmak \u00fczere tasarlanm\u0131\u015ft\u0131r. Palet etiketini y\u00fcksek perforsmansla paletin 1, 2, ya da 3 tarf\u0131na uygulayabilir.&hellip;<\/p>\n","protected":false},"author":1,"featured_media":0,"parent":0,"menu_order":20,"comment_status":"closed","ping_status":"closed","template":"","meta":{"om_disable_all_campaigns":false,"_monsterinsights_skip_tracking":false,"_monsterinsights_sitenote_active":false,"_monsterinsights_sitenote_note":"","_monsterinsights_sitenote_category":0},"class_list":["post-2120","page","type-page","status-publish","hentry","description-off"],"_links":{"self":[{"href":"https:\/\/www.turkinkjet.com\/tr\/wp-json\/wp\/v2\/pages\/2120"}],"collection":[{"href":"https:\/\/www.turkinkjet.com\/tr\/wp-json\/wp\/v2\/pages"}],"about":[{"href":"https:\/\/www.turkinkjet.com\/tr\/wp-json\/wp\/v2\/types\/page"}],"author":[{"embeddable":true,"href":"https:\/\/www.turkinkjet.com\/tr\/wp-json\/wp\/v2\/users\/1"}],"replies":[{"embeddable":true,"href":"https:\/\/www.turkinkjet.com\/tr\/wp-json\/wp\/v2\/comments?post=2120"}],"version-history":[{"count":3,"href":"https:\/\/www.turkinkjet.com\/tr\/wp-json\/wp\/v2\/pages\/2120\/revisions"}],"predecessor-version":[{"id":2235,"href":"https:\/\/www.turkinkjet.com\/tr\/wp-json\/wp\/v2\/pages\/2120\/revisions\/2235"}],"wp:attachment":[{"href":"https:\/\/www.turkinkjet.com\/tr\/wp-json\/wp\/v2\/media?parent=2120"}],"curies":[{"name":"wp","href":"https:\/\/api.w.org\/{rel}","templated":true}]}}