{"id":2117,"date":"2019-07-10T20:59:46","date_gmt":"2019-07-10T20:59:46","guid":{"rendered":"http:\/\/www.turkinkjet.com\/?page_id=2117"},"modified":"2019-07-18T20:51:41","modified_gmt":"2019-07-18T20:51:41","slug":"apl-3800","status":"publish","type":"page","link":"https:\/\/www.turkinkjet.com\/tr\/apl-3800\/","title":{"rendered":"APL 3800"},"content":{"rendered":"<body><p><\/p>[vc_row][vc_column][vc_column_text]<strong>APL 3800<\/strong>\n<h3 class=\"toupper italica f1em fw400 mbottom10 mtop40XS subtit\"><img decoding=\"async\" class=\"size-medium wp-image-2118 alignleft\" src=\"http:\/\/www.turkinkjet.com\/wp-content\/uploads\/2019\/07\/apl-3800-1-230x300.png\" alt=\"\" width=\"230\" height=\"300\" loading=\"lazy\" srcset=\"https:\/\/www.turkinkjet.com\/tr\/wp-content\/uploads\/2019\/07\/apl-3800-1-230x300.png 230w, https:\/\/www.turkinkjet.com\/tr\/wp-content\/uploads\/2019\/07\/apl-3800-1.png 356w\" sizes=\"(max-width: 230px) 100vw, 230px\" \/>Palet \u00dczerine Yaz-Yap\u0131\u015ft\u0131r Etiketleme Sistemleri<\/h3>\n<p class=\"normal inline\">Yeni \u00e7ift tarafl\u0131 palet etiketleme sistemi, kolay, g\u00fc\u00e7l\u00fc ve ekonomik.<\/p>\n<div class=\"col-xs-12 col-sm-8 fright mbottom20\">\n<p>APL 3800 orta ve y\u00fcksek hacimli end\u00fcstriyel \u00fcretim hatlar\u0131 i\u00e7in geli\u015ftirilmi\u015ftir.<\/p>\n<p>Kompakt yap\u0131s\u0131yla her t\u00fcrl\u00fc hat sonu i\u00e7in uygundur.<\/p>\n<p>Bir PLC ile control edilen APL 3800, farkl\u0131 hat sonu donan\u0131mlar\u0131na adapte edilebilir.<\/p>\n<p>APL 3800, piyasadaki t\u00fcm OEM yaz\u0131c\u0131 motorlar\u0131yla uyumlud\u0131r.<\/p>\n<p>Entegrasyonu son derece kolay olan APL 3800 UBS LabMan\u00a0ba\u011flant\u0131 ve y\u00f6netim yaz\u0131l\u0131m\u0131 ile, t\u00fcm ERP, MES, WMS ve DBMS ba\u011flant\u0131s\u0131 gibi bir\u00e7ok ba\u011flant\u0131 opsiyonu sa\u011flar.<\/p>\n<p>APL 3800 Uluslararas\u0131 GS1 palet etiketi olu\u015fturma-uygulama ve izlenebilirlik standartlar\u0131na uygun, GS1-128 barkodu ve (IA) uygulama \u00f6nekleriyle, uluslararas\u0131 palet etiketleme standartlar\u0131nda etiketleme yapmak \u00fczere tasarlanm\u0131\u015f ve geli\u015ftirilmi\u015ftir.<\/p>\n<div class=\"col-xs-12 col-sm-6 mbottom20\">\n<p>\u27131 ya da 2 etiket uygulama yap\u0131land\u0131rmas\u0131<\/p>\n<p>\u2713Piyasadaki t\u00fcm yaz\u0131c\u0131 motorlar\u0131yla uyumlu<\/p>\n<p>\u2713Kompakt yap\u0131 ve y\u00fcksek etiketleme kapasitesi<\/p>\n<p>\u2713T\u00fcm hat sonlar\u0131 i\u00e7in uygun<\/p>\n<p>\u2713Barkod okuyucu\/do\u011frulay\u0131c\u0131 (opsiyonel).<\/p>\n<p>\u2713ERP, MES, WMS, DBMS ba\u011flant\u0131s\u0131<\/p>\n<p>\u2713Uluslararas\u0131 GS1 Palet etiketleme normlar\u0131na uygun<\/p>\n<p>\u2713GS1-128 barkod<\/p>\n<p>\u2713Saatte 200 palete kadar etiketleme h\u0131z\u0131 (2 y\u00fcze)<\/p>\n<p>\u2713Kolay sarf malzemesi de\u011fi\u015ftirme<\/p>\n<p>\u2713Sarf malzemesi azald\u0131 alarm\u0131<\/p>\n<p>\u2713I\u015f\u0131kl\u0131 ve sesli alarm<\/p>\n<p>\u2713Kompakt ve y\u00fckseklik ayarl\u0131<\/p>\n<\/div>\n<\/div>\n<p>[\/vc_column_text][\/vc_column][\/vc_row][vc_row][vc_column][vc_tta_tabs][vc_tta_section title=\u201dTeknik \u00d6zellikler\u201d tab_id=\u201d1563482955259-e8116ee7-1291\u2033][vc_column_text]<\/p>\n<div class=\"tr\">\n<div class=\"col-xs-12 col-sm-4\">\n<hr>\n<p><strong>YAZICI MOTORU<\/strong>\u00a0 \u00a0ZEBRA, SATO, HONEYWELL\u2026<\/p>\n<\/div>\n<\/div>\n<div class=\"tr\">\n<div class=\"col-xs-12 col-sm-4\">\n<hr>\n<p><strong>\u00c7\u00d6Z\u00dcN\u00dcRL\u00dcK<\/strong>\u00a0 \u00a0200\u2019den 300 dpi\u2019ye kadar<\/p>\n<\/div>\n<\/div>\n<div class=\"tr\">\n<div class=\"col-xs-12 col-sm-4\">\n<hr>\n<p><strong>ET\u0130KET MAKARASI<\/strong>\u00a0 \u00a0Maksimum \u00e7ap: 400mm<\/p>\n<\/div>\n<\/div>\n<div class=\"tr\">\n<div class=\"col-xs-12 col-sm-4\">\n<hr>\n<p><strong>RIBON MAKARASI<\/strong>\u00a0 \u00a0Maksimum uzunluk: 600m (yaz\u0131c\u0131 motoruna ba\u011fl\u0131)<\/p>\n<\/div>\n<\/div>\n<div class=\"tr\">\n<div class=\"col-xs-12 col-sm-4\">\n<hr>\n<p><strong>BA\u011eLANTI\u00a0<\/strong> \u00a0RS232, USB, Ethernet, Wireless (opsiyonal)<\/p>\n<\/div>\n<\/div>\n<div class=\"tr\">\n<div class=\"col-xs-12 col-sm-4\">\n<hr>\n<p><strong>DISPLAY<\/strong>\u00a0 \u00a03,5\u2019\u2019 dokunmatik ekran<\/p>\n<\/div>\n<\/div>\n<div class=\"tr\">\n<div class=\"col-xs-12 col-sm-4\">\n<hr>\n<p><strong>A\u011eIRLIK<\/strong>\u00a0 \u00a0137 kg<\/p>\n<\/div>\n<\/div>\n<div class=\"tr\">\n<div class=\"col-xs-12 col-sm-4\">\n<hr>\n<p><strong>\u00d6L\u00c7\u00dcLER<\/strong>\u00a0 \u00a0Geni\u015flik: 700mm \u2013 Derinlik:1120 mm \u2013 Y\u00fckseklik maks. 2050mm<\/p>\n<\/div>\n<\/div>\n<div class=\"tr\">\n<div class=\"col-xs-12 col-sm-4\">\n<hr>\n<p><strong>G\u00dc\u00c7 KAYNA\u011eI<\/strong>\u00a0 \u00a0Voltaj: 110\/240 VAC. Frekans: 50 ya da 60 Hz<\/p>\n<\/div>\n<\/div>\n<div class=\"tr\">\n<div class=\"col-xs-12 col-sm-4\">\n<hr>\n<p><strong>\u00c7ALI\u015eMA SICAKLI\u011eI<\/strong>\u00a0 \u00a0+4 C\u00ba\u2019den, 45 C\u00ba\u2019 ye kadar<\/p>\n<\/div>\n<\/div>\n<div class=\"tr\">\n<div class=\"col-xs-12 col-sm-4\">\n<hr>\n<p><strong>NEM<\/strong>\u00a0 \u00a0%20-85<\/p>\n<\/div>\n<\/div>\n<p>[\/vc_column_text][\/vc_tta_section][vc_tta_section title=\u201dModeller\u201d tab_id=\u201d1563482955306-fadd5423-5c6e\u201d][vc_column_text]<\/p>\n<div class=\"tr\">\n<div class=\"col-xs-12 col-sm-4\">\n<hr>\n<p><strong>APL3800<\/strong>\u00a0 \u00a01 Etiket \u2013 10 Palet\/dakika<\/p>\n<\/div>\n<\/div>\n<div class=\"tr\">\n<div class=\"col-xs-12 col-sm-4\">\n<hr>\n<p><strong>APL3800<\/strong>\u00a0 \u00a02 Etiket- 3 Palet\/dakika<\/p>\n<\/div>\n<\/div>\n<p>[\/vc_column_text][\/vc_tta_section][\/vc_tta_tabs][\/vc_column][\/vc_row][vc_row][vc_column][vc_video link=\u201dhttps:\/\/www.youtube.com\/watch?v=-dD7fIYCkuA\u201d el_width=\u201d50\u2033 align=\u201dcenter\u201d][\/vc_column][\/vc_row]<\/p>\n<\/body>","protected":false},"excerpt":{"rendered":"<p>[vc_row][vc_column][vc_column_text]APL 3800 Palet \u00dczerine Yaz-Yap\u0131\u015ft\u0131r Etiketleme Sistemleri Yeni \u00e7ift tarafl\u0131 palet etiketleme sistemi, kolay, g\u00fc\u00e7l\u00fc ve ekonomik. APL 3800 orta ve y\u00fcksek hacimli end\u00fcstriyel \u00fcretim hatlar\u0131 i\u00e7in geli\u015ftirilmi\u015ftir. Kompakt yap\u0131s\u0131yla her t\u00fcrl\u00fc hat sonu i\u00e7in uygundur. Bir PLC ile control edilen APL 3800, farkl\u0131 hat sonu donan\u0131mlar\u0131na adapte edilebilir. APL 3800, piyasadaki t\u00fcm OEM yaz\u0131c\u0131&hellip;<\/p>\n","protected":false},"author":1,"featured_media":0,"parent":0,"menu_order":20,"comment_status":"closed","ping_status":"closed","template":"","meta":{"om_disable_all_campaigns":false,"_monsterinsights_skip_tracking":false,"_monsterinsights_sitenote_active":false,"_monsterinsights_sitenote_note":"","_monsterinsights_sitenote_category":0},"class_list":["post-2117","page","type-page","status-publish","hentry","description-off"],"_links":{"self":[{"href":"https:\/\/www.turkinkjet.com\/tr\/wp-json\/wp\/v2\/pages\/2117"}],"collection":[{"href":"https:\/\/www.turkinkjet.com\/tr\/wp-json\/wp\/v2\/pages"}],"about":[{"href":"https:\/\/www.turkinkjet.com\/tr\/wp-json\/wp\/v2\/types\/page"}],"author":[{"embeddable":true,"href":"https:\/\/www.turkinkjet.com\/tr\/wp-json\/wp\/v2\/users\/1"}],"replies":[{"embeddable":true,"href":"https:\/\/www.turkinkjet.com\/tr\/wp-json\/wp\/v2\/comments?post=2117"}],"version-history":[{"count":3,"href":"https:\/\/www.turkinkjet.com\/tr\/wp-json\/wp\/v2\/pages\/2117\/revisions"}],"predecessor-version":[{"id":2233,"href":"https:\/\/www.turkinkjet.com\/tr\/wp-json\/wp\/v2\/pages\/2117\/revisions\/2233"}],"wp:attachment":[{"href":"https:\/\/www.turkinkjet.com\/tr\/wp-json\/wp\/v2\/media?parent=2117"}],"curies":[{"name":"wp","href":"https:\/\/api.w.org\/{rel}","templated":true}]}}