{"id":2106,"date":"2019-07-10T20:54:05","date_gmt":"2019-07-10T20:54:05","guid":{"rendered":"http:\/\/www.turkinkjet.com\/?page_id=2106"},"modified":"2019-07-18T20:40:22","modified_gmt":"2019-07-18T20:40:22","slug":"aplink-lcx-uv-led","status":"publish","type":"page","link":"https:\/\/www.turkinkjet.com\/tr\/aplink-lcx-uv-led\/","title":{"rendered":"APLINK LCX UV LED"},"content":{"rendered":"<body><p><\/p>[vc_row][vc_column][vc_column_text]<strong>APLINK LCX UV LED<\/strong>\n<p><img decoding=\"async\" class=\"size-medium wp-image-2108 alignleft\" src=\"http:\/\/www.turkinkjet.com\/wp-content\/uploads\/2019\/07\/lcx_uv-led_detalle-300x261.png\" alt=\"\" width=\"300\" height=\"261\" loading=\"lazy\" srcset=\"https:\/\/www.turkinkjet.com\/tr\/wp-content\/uploads\/2019\/07\/lcx_uv-led_detalle-300x261.png 300w, https:\/\/www.turkinkjet.com\/tr\/wp-content\/uploads\/2019\/07\/lcx_uv-led_detalle.png 540w\" sizes=\"(max-width: 300px) 100vw, 300px\" \/>Yenilik\u00e7i kurutma sistemi: UVLED Curing On Board Security System\u00ae.<\/p>\n<div class=\"col-xs-12 col-sm-8 fright mbottom20\">\n<p class=\"Cuerpo\">APLINK LCX UV LED\u00a0Serisi ikincil g\u00f6zeneksiz ambalajlar \u00fczerine direkt yazd\u0131rmak i\u00e7in \u00f6zel olarak tasarlan\u0131p, geli\u015ftirilmi\u015f, yeni nesil y\u00fcksek \u00e7\u00f6z\u00fcn\u00fcrl\u00fckl\u00fc inkjet yaz\u0131c\u0131lard\u0131r.<\/p>\n<p class=\"Cuerpo\">4. nesil piezoelektrik yaz\u0131c\u0131 kafas\u0131yla, APLINK LCX UV LED Serisi, 50m\/dk h\u0131za kadar t\u00fcm \u00fcretim hatlar\u0131 i\u00e7in m\u00fckemmel \u00e7\u00f6z\u00fcmd\u00fcr. Kolinin \u00fcst ve yan taraf\u0131na yazd\u0131racak \u015fekilde kurulabilir.<\/p>\n<p class=\"Cuerpo\">UBS y\u00fcksek \u00e7\u00f6z\u00fcn\u00fcrl\u00fckl\u00fc inkjet ailesinin yeni \u00fcyesi APLINK LCX UV LED, 5.7\u2018\u2018 renkli dokunmatik ekran\u0131 ve kullan\u0131m\u0131 son derece kolay aray\u00fcz\u00fc ile, ger\u00e7ek zamanl\u0131 \u00fcretim bilgisi verir.<\/p>\n<p class=\"Cuerpo\">180dpi (dikey) ve 360 dpi (yatay) \u00e7\u00f6z\u00fcn\u00fcrl\u00fck ile APLINK LCX UV LED Serisi ile istedi\u011finiz logo, barkod, tarih, saya\u00e7, vb. Koli \u00fczerine direkt olarak yazd\u0131rabilirsiniz.<\/p>\n<p class=\"Cuerpo\">UV LED Curing On Board Security System\u00ae \u00f6zel kurutma sistemi ile, APLINK LCX UV LED Serisi g\u00f6zenekli ve g\u00f6zeneksiz fark\u0131 y\u00fczeyler \u00fczerine direkt yazd\u0131rmak \u00fczere tasarlan\u0131p, geli\u015ftirilmi\u015ftir.<\/p>\n<p class=\"Cuerpo\">Non-stop m\u00fcrekkep de\u011fi\u015ftirme \u00f6zelli\u011fiyle, \u00fcretim s\u00fcrecini kesintiye u\u011fratmaz.<\/p>\n<p class=\"Cuerpo\">APLINK LCX UV LED ethernet ba\u011flant\u0131s\u0131 ve farkl\u0131 dillerde kullan\u0131m\u0131 kolay aray\u00fcz\u00fc ile, kolayca entegre edilir.<\/p>\n<p>Kolay ve kullan\u0131\u015fl\u0131 ba\u011flant\u0131 sayesinde tek bir hamlede binlerce mesaj olu\u015fturabilir.<\/p>\n<div class=\"container mtop20\">\n<div class=\"row\">\n<div class=\"col-xs-12 col-sm-6 mbottom20\">\n<p>\u2713UVLED kurutmal\u0131 \u00f6zel m\u00fcrekkep.<\/p>\n<p>\u27134. jenerasyon piezo elektrik yaz\u0131c\u0131 kafas\u0131.<\/p>\n<p>\u2713Minimum periyodik bak\u0131m-onar\u0131m.<\/p>\n<p>\u27135.7\u2019\u2019 renkli dokunmatik ekran.<\/p>\n<p>\u271350m\/dk (164 ft\/dk) kodlama h\u0131z\u0131.<\/p>\n<p>\u2713180 x 360 dpi \u00e7\u00f6z\u00fcn\u00fcrl\u00fck.<\/p>\n<p>\u271317mm (0.67\u201d)\u2019den 72mm (2.83\u201d) \u2018ye kadar yazd\u0131rma alan\u0131.<\/p>\n<p>\u2713Her t\u00fcr y\u00fczeye yazd\u0131rabilme.<\/p>\n<\/div>\n<div class=\"col-xs-12 col-md-6 mbottom40\">\n<div class=\"youtube-container\">\n<div class=\"youtube-player\" data-id=\"qqawb3a6CUU\">\n<div>\n<div class=\"play-button\"><\/div>\n<\/div>\n<\/div>\n<\/div>\n<\/div>\n<\/div>\n<\/div>\n<\/div>\n<p>[\/vc_column_text][\/vc_column][\/vc_row][vc_row][vc_column][vc_tta_tabs][vc_tta_section title=\u201dTeknik \u00d6zellikler\u201d tab_id=\u201d1563481187145-43544d21-de05\u2033][vc_column_text]<\/p>\n<div class=\"tr\">\n<div class=\"col-xs-12 col-sm-4\">\n<hr>\n<p><strong>ELEKTR\u0130K G\u00dcC\u00dc<\/strong>\u00a0 \u00a0Harici mod\u00fcl INPUT 110v \/ 240v I 50-60Hz I 15W<\/p>\n<\/div>\n<\/div>\n<div class=\"tr\">\n<div class=\"col-xs-12 col-sm-4\">\n<hr>\n<p><strong>\u00d6L\u00c7\u00dcLER<\/strong>\u00a0 \u00a0 618mm x 140mm x 223mm<\/p>\n<\/div>\n<\/div>\n<div class=\"tr\">\n<div class=\"col-xs-12 col-sm-4\">\n<hr>\n<p><strong>Y\u00dcKSEKL\u0130K<\/strong>\u00a0 \u00a0Dk. 504 mm (LCX72) \/ 541 mm (LCX17) \u2013 Maks. 1259 mm (LCX72) \/ 1296 mm (LCX17)<\/p>\n<\/div>\n<\/div>\n<p>[\/vc_column_text][\/vc_tta_section][vc_tta_section title=\u201dSarf Malzemeleri\u201d tab_id=\u201d1563481187180-e26b0dcc-7a61\u2033][vc_column_text]<\/p>\n<div class=\"tr\">\n<div class=\"col-xs-12 col-sm-4\">\n<hr>\n<p><strong>M\u00dcREKKEP<\/strong>\u00a0 \u00a0UV LED kurutmal\u0131 \u00f6zel m\u00fcrekkep<\/p>\n<\/div>\n<\/div>\n<div class=\"tr\">\n<div class=\"col-xs-12 col-sm-4\">\n<hr>\n<p><strong>RENKLER<\/strong>\u00a0 \u00a0Siyah. Talep halinde di\u011fer renkler.<\/p>\n<\/div>\n<\/div>\n<div class=\"tr\">\n<div class=\"col-xs-12 col-sm-4\">\n<hr>\n<p><strong>HAC\u0130M\u00a0<\/strong> \u00a01000ml ve 500ml m\u00fcrekkep \u015fi\u015fesi<\/p>\n<\/div>\n<\/div>\n<div class=\"tr\">\n<div class=\"col-xs-12 col-sm-4\">\n<hr>\n<p><strong>YAZDIRMA Y\u00dcZEY\u0130<\/strong>\u00a0 \u00a0T\u00fcm y\u00fczeyler<\/p>\n<\/div>\n<\/div>\n<p>[\/vc_column_text][\/vc_tta_section][vc_tta_section title=\u201dYaz\u0131c\u0131 Kafas\u0131 \u00d6zellikleri\u201d tab_id=\u201d1563481296827-bcb04115-fc15\u2033][vc_column_text]<\/p>\n<div class=\"tr\">\n<div class=\"col-xs-12 col-sm-4\">\n<hr>\n<p><strong>AZDIRMA ALANI<\/strong>\u00a0 \u00a017mm (0,67\u2033) kafa 72 mm (2,76\u2033) kafa<\/p>\n<\/div>\n<\/div>\n<div class=\"tr\">\n<div class=\"col-xs-12 col-sm-4\">\n<hr>\n<p><strong>YAZDIRMA HIZI<\/strong>\u00a0 \u00a050m\/dk (164ft\/dk)\u2019ya kadar<\/p>\n<\/div>\n<\/div>\n<div class=\"tr\">\n<div class=\"col-xs-12 col-sm-4\">\n<hr>\n<p><strong>\u00c7\u00d6Z\u00dcN\u00dcRL\u00dcK (D\u0130KEY\/YATAY)<\/strong>\u00a0 \u00a0180dpi\u2019dan 360dpi\u2019a kadar<\/p>\n<\/div>\n<\/div>\n<div class=\"tr\">\n<div class=\"col-xs-12 col-sm-4\">\n<hr>\n<p><strong>\u00dcRET\u0130M HACM\u0130\u00a0<\/strong> \u00a0 Saniyede 2 yazd\u0131rma<\/p>\n<\/div>\n<\/div>\n<div class=\"tr\">\n<div class=\"col-xs-12 col-sm-4\">\n<hr>\n<p><strong>KAFA VE Y\u00dcZEY ARASI MESAFE<\/strong>\u00a0 \u00a0Maksimum 5mm (0,2\u2019\u2019)<\/p>\n<\/div>\n<\/div>\n<div class=\"tr\">\n<div class=\"col-xs-12 col-sm-4\">\n<hr>\n<p><strong>KAFA POZ\u0130SYONU<\/strong>\u00a0 \u00a0Yandan ve \u00fcstten yazd\u0131rma<\/p>\n<\/div>\n<\/div>\n<div class=\"tr\">\n<div class=\"col-xs-12 col-sm-4\">\n<hr>\n<p><strong>EKRAN<\/strong>\u00a0 \u00a05.7\u2019\u2019 renkli dokunmatik ekran (640x480px)<\/p>\n<\/div>\n<\/div>\n<div class=\"tr\">\n<div class=\"col-xs-12 col-sm-4\">\n<hr>\n<p><strong>BA\u011eLANTI<\/strong>\u00a0 \u00a01 USB 2.0, 1 Ethernet 10 \/ 100 \/ 1000<\/p>\n<\/div>\n<\/div>\n<div class=\"tr\">\n<div class=\"col-xs-12 col-sm-4\">\n<hr>\n<p><strong>ET\u0130KET TASARIM YAZILIMI<\/strong>\u00a0 \u00a0UBS Designer, UBS Label CS, CODESOFT<\/p>\n<\/div>\n<\/div>\n<div class=\"tr\">\n<div class=\"col-xs-12 col-sm-4\">\n<hr>\n<p><strong>BARKODLAR<\/strong>\u00a0 \u00a0DUN14, EAN 8, EAN13, EAN 128, CODE 19, CODE 128, 2\/5 INDUSTRIAL, 2\/5 INTERLEAVED, DATAMATRIX, QR, vb.<\/p>\n<\/div>\n<\/div>\n<div class=\"tr\">\n<div class=\"col-xs-12 col-sm-4\">\n<hr>\n<p><strong>DATA\u00a0<\/strong> \u00a0De\u011fi\u015fken ya da sabit metinler, form\u00fcller, logolar, g\u00f6rseller, tarihler, vb.<\/p>\n<\/div>\n<\/div>\n<div class=\"tr\">\n<div class=\"col-xs-12 col-sm-4\">\n<hr>\n<p><strong>LANGUAGE<\/strong>\u00a0 \u00a0Supports symbiology like Cyrillic, Japanese, Chinese, Korean, Hebrew, etc<\/p>\n<\/div>\n<\/div>\n<div class=\"tr\">\n<div class=\"col-xs-12 col-sm-4\">\n<hr>\n<p><strong>OPS\u0130YON VE AKSESUARLAR<\/strong>\u00a0 \u00a0Encoder Kit, I\u015f\u0131kl\u0131 alarm, D\u00fc\u015f\u00fck s\u0131cakl\u0131k kiti<\/p>\n<\/div>\n<\/div>\n<p>[\/vc_column_text][\/vc_tta_section][vc_tta_section title=\u201dUV LED Kurutma Mod\u00fcl\u00fc \u00d6zellikleri\u201d tab_id=\u201d1563482339598-01116e57-d659\u2033][vc_column_text]<\/p>\n<div class=\"tr\">\n<div class=\"col-xs-12 col-sm-4\">\n<hr>\n<p><strong>KURUTMA ALANI<\/strong>\u00a0 \u00a017 x 30 mm<\/p>\n<\/div>\n<\/div>\n<div class=\"tr\">\n<div class=\"col-xs-12 col-sm-4\">\n<hr>\n<p><strong>\u00d6L\u00c7\u00dcLER<\/strong>\u00a0 \u00a0 Yaz\u0131c\u0131 (130x26x104mm) , Kontrol \u00fcnitesi (120x31x120mm), Kurutma mod\u00fcl\u00fc (124x60x55mm)<\/p>\n<\/div>\n<\/div>\n<div class=\"tr\">\n<div class=\"col-xs-12 col-sm-4\">\n<hr>\n<p><strong>SO\u011eUTMA<\/strong>\u00a0 \u00a0 Hava<\/p>\n<\/div>\n<\/div>\n<div class=\"tr\">\n<div class=\"col-xs-12 col-sm-4\">\n<hr>\n<p><strong>KULLANIM S\u00dcRES\u0130<\/strong>\u00a0 \u00a0 &gt;20000 saat<\/p>\n<\/div>\n<\/div>\n<div class=\"tr\">\n<div class=\"col-xs-12 col-sm-4\">\n<hr>\n<p><strong>GARANT\u0130<\/strong>\u00a0 \u00a01 y\u0131l, 1000 saat \u00e7al\u0131\u015fma.<\/p>\n<\/div>\n<\/div>\n<p>[\/vc_column_text][\/vc_tta_section][\/vc_tta_tabs][\/vc_column][\/vc_row][vc_row][vc_column][vc_video link=\u201dhttps:\/\/www.youtube.com\/watch?v=qqawb3a6CUU\u201d el_width=\u201d50\u2033 align=\u201dcenter\u201d][\/vc_column][\/vc_row]<\/p>\n<\/body>","protected":false},"excerpt":{"rendered":"<p>[vc_row][vc_column][vc_column_text]APLINK LCX UV LED Yenilik\u00e7i kurutma sistemi: UVLED Curing On Board Security System\u00ae. APLINK LCX UV LED\u00a0Serisi ikincil g\u00f6zeneksiz ambalajlar \u00fczerine direkt yazd\u0131rmak i\u00e7in \u00f6zel olarak tasarlan\u0131p, geli\u015ftirilmi\u015f, yeni nesil y\u00fcksek \u00e7\u00f6z\u00fcn\u00fcrl\u00fckl\u00fc inkjet yaz\u0131c\u0131lard\u0131r. 4. nesil piezoelektrik yaz\u0131c\u0131 kafas\u0131yla, APLINK LCX UV LED Serisi, 50m\/dk h\u0131za kadar t\u00fcm \u00fcretim hatlar\u0131 i\u00e7in m\u00fckemmel \u00e7\u00f6z\u00fcmd\u00fcr. Kolinin \u00fcst&hellip;<\/p>\n","protected":false},"author":1,"featured_media":0,"parent":0,"menu_order":20,"comment_status":"closed","ping_status":"closed","template":"","meta":{"om_disable_all_campaigns":false,"_monsterinsights_skip_tracking":false,"_monsterinsights_sitenote_active":false,"_monsterinsights_sitenote_note":"","_monsterinsights_sitenote_category":0},"class_list":["post-2106","page","type-page","status-publish","hentry","description-off"],"_links":{"self":[{"href":"https:\/\/www.turkinkjet.com\/tr\/wp-json\/wp\/v2\/pages\/2106"}],"collection":[{"href":"https:\/\/www.turkinkjet.com\/tr\/wp-json\/wp\/v2\/pages"}],"about":[{"href":"https:\/\/www.turkinkjet.com\/tr\/wp-json\/wp\/v2\/types\/page"}],"author":[{"embeddable":true,"href":"https:\/\/www.turkinkjet.com\/tr\/wp-json\/wp\/v2\/users\/1"}],"replies":[{"embeddable":true,"href":"https:\/\/www.turkinkjet.com\/tr\/wp-json\/wp\/v2\/comments?post=2106"}],"version-history":[{"count":3,"href":"https:\/\/www.turkinkjet.com\/tr\/wp-json\/wp\/v2\/pages\/2106\/revisions"}],"predecessor-version":[{"id":2228,"href":"https:\/\/www.turkinkjet.com\/tr\/wp-json\/wp\/v2\/pages\/2106\/revisions\/2228"}],"wp:attachment":[{"href":"https:\/\/www.turkinkjet.com\/tr\/wp-json\/wp\/v2\/media?parent=2106"}],"curies":[{"name":"wp","href":"https:\/\/api.w.org\/{rel}","templated":true}]}}