{"id":2103,"date":"2019-07-10T20:51:30","date_gmt":"2019-07-10T20:51:30","guid":{"rendered":"http:\/\/www.turkinkjet.com\/?page_id=2103"},"modified":"2019-07-18T20:16:38","modified_gmt":"2019-07-18T20:16:38","slug":"aplink-lcx","status":"publish","type":"page","link":"https:\/\/www.turkinkjet.com\/tr\/aplink-lcx\/","title":{"rendered":"APLINK LCX"},"content":{"rendered":"<body><p><\/p>[vc_row][vc_column][vc_column_text]<strong>APLINK LCX<\/strong>\n<p><img decoding=\"async\" class=\"size-medium wp-image-2104 alignleft\" src=\"http:\/\/www.turkinkjet.com\/wp-content\/uploads\/2019\/07\/img_detalle_lcx_2-300x223.jpg\" alt=\"\" width=\"300\" height=\"223\" loading=\"lazy\" srcset=\"https:\/\/www.turkinkjet.com\/tr\/wp-content\/uploads\/2019\/07\/img_detalle_lcx_2-300x223.jpg 300w, https:\/\/www.turkinkjet.com\/tr\/wp-content\/uploads\/2019\/07\/img_detalle_lcx_2.jpg 384w\" sizes=\"(max-width: 300px) 100vw, 300px\" \/>Koli kodlamada maksimum tasarruf.<\/p>\n<div class=\"col-xs-12 col-sm-8 fright mbottom20\">\n<p class=\"Cuerpo\">APLINK LCX Serisi ikincil g\u00f6zenekli ambalajlar \u00fczerine direkt yazd\u0131rmak i\u00e7in \u00f6zel olarak tasarlan\u0131p, geli\u015ftirilmi\u015f, yeni nesil y\u00fcksek \u00e7\u00f6z\u00fcn\u00fcrl\u00fckl\u00fc inkjet yaz\u0131c\u0131lard\u0131r.<\/p>\n<p class=\"Cuerpo\">4. nesil piezoelektrik yaz\u0131c\u0131 kafas\u0131yla, APLINK LCX Serisi, 50m\/dk h\u0131za kadar t\u00fcm \u00fcretim hatlar\u0131 i\u00e7in m\u00fckemmel \u00e7\u00f6z\u00fcmd\u00fcr. Kolinin \u00fcst ve yan taraf\u0131na yazd\u0131racak \u015fekilde kurulabilir.<\/p>\n<p class=\"Cuerpo\">UBS y\u00fcksek \u00e7\u00f6z\u00fcn\u00fcrl\u00fckl\u00fc inkjet ailesinin yeni \u00fcyesi APLINK LCX, 5.7\u2018\u2018 renkli dokunmatik ekran\u0131 ve kullan\u0131m\u0131 son derece kolay aray\u00fcz\u00fc ile, ger\u00e7ek zamanl\u0131 \u00fcretim bilgisi verir.<\/p>\n<p class=\"Cuerpo\">180dpi (dikey) ve 360 dpi (yatay) \u00e7\u00f6z\u00fcn\u00fcrl\u00fck ile APLINK LCX Serisi ile istedi\u011finiz logo, barkod, tarih, saya\u00e7, vb. Koli \u00fczerine direkt olarak yazd\u0131rabilirsiniz.<\/p>\n<p class=\"Cuerpo\">APLINK LCX Serisinin 100% mineral ya\u011fs\u0131z, ekolojik m\u00fcrekkebi g\u00f6zenekli y\u00fczeye de\u011fdi\u011fi anda kurur. \u0130\u00e7eri\u011finde solvent ya da alkol bazl\u0131 madde bulunudrmaz.<\/p>\n<p class=\"Cuerpo\">Non-stop m\u00fcrekkep de\u011fi\u015ftirme \u00f6zelli\u011fiyle, \u00fcretim s\u00fcrecini kesintiye u\u011fratmaz.<\/p>\n<p class=\"Cuerpo\">APLINK LCX serisi harici database ya da ERP sistemleriyle kolayca ileti\u015fim kurabilir ve direkt olarak ald\u0131\u011f\u0131 bilgileri yazd\u0131rabilir.<\/p>\n<p class=\"Cuerpo\">Kolay ve kullan\u0131\u015fl\u0131 ba\u011flant\u0131 sayesinde tek bir hamlede binlerce mesaj olu\u015fturabilir.<\/p>\n<p class=\"Cuerpo\">APLINK LCX SER\u0130S\u0130 ve UBS ya\u011f bazl\u0131 m\u00fcrekkebin m\u00fckemmel uyumu, sorunsuz ve son derece az bak\u0131m onar\u0131m gerektiren bir \u00fcretim s\u00fcrecini garantiler.<\/p>\n<div class=\"container mtop20\">\n<div class=\"row\">\n<div class=\"col-xs-12 col-sm-6 mbottom20\">\n<p>\u2713%100 ya\u011f mineralsiz m\u00fcrekkep.<\/p>\n<p>\u27134. jenerasyon piezo elektrik yaz\u0131c\u0131 kafas\u0131.<\/p>\n<p>\u2713Mod\u00fcler tasar\u0131m ve y\u00fckseklik-geni\u015flik ayarl\u0131 ayak.<\/p>\n<p>\u2713Minimum periyodik bak\u0131m-onar\u0131m.<\/p>\n<p>\u27135.7\u2019\u2019 renkli dokunmatik ekran.<\/p>\n<p>\u271350m\/dk (164 ft\/dk) kodlama h\u0131z\u0131.<\/p>\n<p>\u2713180 x 360 dpi \u00e7\u00f6z\u00fcn\u00fcrl\u00fck.<\/p>\n<p>\u271317mm (0.67\u201d)\u2019den 72mm (2.83\u201d) \u2018ye kadar yazd\u0131rma alan\u0131.<\/p>\n<p>\u2713Her \u00e7e\u015fit g\u00f6zenekli y\u00fczeye yazd\u0131rma.<\/p>\n<\/div>\n<div class=\"col-xs-12 col-md-6 mbottom40\">\n<div class=\"youtube-container\">\n<div class=\"youtube-player\" data-id=\"Af6RyrMRPrg\">\n<div>\n<div class=\"play-button\"><\/div>\n<\/div>\n<\/div>\n<\/div>\n<\/div>\n<\/div>\n<\/div>\n<\/div>\n<p>[\/vc_column_text][\/vc_column][\/vc_row][vc_row][vc_column][vc_tta_tabs][vc_tta_section title=\u201dTeknik \u00d6zellikler\u201d tab_id=\u201d1563480739940-99e2e43c-a840\u2033][vc_column_text]<\/p>\n<div class=\"tr\">\n<div class=\"col-xs-12 col-sm-4\">\n<hr>\n<p><strong>ELEKTR\u0130K G\u00dcC\u00dc\u00a0<\/strong> \u00a0Harici mod\u00fcl INPUT 110v \/ 240v I 50-60Hz I 15W<\/p>\n<\/div>\n<\/div>\n<div class=\"tr\">\n<div class=\"col-xs-12 col-sm-4\">\n<hr>\n<p><strong>\u00d6L\u00c7\u00dcLER<\/strong>\u00a0 \u00a0618mm x 140mm x 223mm<\/p>\n<\/div>\n<\/div>\n<div class=\"tr\">\n<div class=\"col-xs-12 col-sm-4\">\n<hr>\n<p><strong>Y\u00dcKSEKL\u0130K<\/strong>\u00a0 \u00a0Dk. 504 mm (LCX72) \/ 541 mm (LCX17) \u2013 Maks. 1259 mm (LCX72) \/ 1296 mm (LCX17)<\/p>\n<\/div>\n<\/div>\n<p>[\/vc_column_text][\/vc_tta_section][vc_tta_section title=\u201dSarf Malzemeleri\u201d tab_id=\u201d1563480740011-eda979bc-e7e1\u2033][vc_column_text]<\/p>\n<div class=\"tr\">\n<div class=\"col-xs-12 col-sm-4\">\n<hr>\n<p><strong>M\u00dcREKKEP<\/strong>\u00a0 \u00a0G\u00f6zeneksiz y\u00fczeyler i\u00e7in %100 mineral ya\u011fs\u0131z m\u00fcrekkepler<\/p>\n<\/div>\n<\/div>\n<div class=\"tr\">\n<div class=\"col-xs-12 col-sm-4\">\n<hr>\n<p><strong>RENKLER\u00a0<\/strong> \u00a0Siyah. Talep halinde di\u011fer renkler.<\/p>\n<\/div>\n<\/div>\n<div class=\"tr\">\n<div class=\"col-xs-12 col-sm-4\">\n<hr>\n<p><strong>HAC\u0130M<\/strong>\u00a0 \u00a01000ml ve 500ml m\u00fcrekkep \u015fi\u015fesi<\/p>\n<\/div>\n<\/div>\n<div class=\"tr\">\n<div class=\"col-xs-12 col-sm-4\">\n<hr>\n<p><strong>YAZDIRMA Y\u00dcZEY\u0130<\/strong>\u00a0 \u00a0T\u00fcm g\u00f6zenekli y\u00fczeyler<\/p>\n<\/div>\n<\/div>\n<p>[\/vc_column_text][\/vc_tta_section][vc_tta_section title=\u201dYaz\u0131c\u0131 Kafas\u0131 \u00d6zellikleri\u201d tab_id=\u201d1563480832837-b28dbe91-38d6\u2033][vc_column_text]<\/p>\n<div class=\"tr\">\n<div class=\"col-xs-12 col-sm-4\">\n<hr>\n<p><strong>YAZDIRMA ALANI<\/strong>\u00a0 \u00a0 17mm (0,67 in) kafa 72 mm (2,76 in) kafa<\/p>\n<\/div>\n<\/div>\n<div class=\"tr\">\n<div class=\"col-xs-12 col-sm-4\">\n<hr>\n<p><strong>YAZDIRMA HIZI<\/strong>\u00a0 \u00a050m\/dk (164ft\/dk)\u2019ya kadar<\/p>\n<\/div>\n<\/div>\n<div class=\"tr\">\n<div class=\"col-xs-12 col-sm-4\">\n<hr>\n<p><strong>\u00c7\u00d6Z\u00dcN\u00dcRL\u00dcK (D\u0130KEY\/YATAY<\/strong>)\u00a0 \u00a0180dpi\u2019dan 360dpi\u2019a kadar<\/p>\n<\/div>\n<\/div>\n<div class=\"tr\">\n<div class=\"col-xs-12 col-sm-4\">\n<hr>\n<p><strong>\u00dcRET\u0130M HACM\u0130<\/strong>\u00a0 \u00a0Saniyede 2 yazd\u0131rma<\/p>\n<\/div>\n<\/div>\n<div class=\"tr\">\n<div class=\"col-xs-12 col-sm-4\">\n<hr>\n<p><strong>KAFA VE Y\u00dcZEY ARASI MESAFE\u00a0<\/strong> \u00a0Maksimum 5 mm (0,2\u2033)<\/p>\n<\/div>\n<\/div>\n<div class=\"tr\">\n<div class=\"col-xs-12 col-sm-4\">\n<hr>\n<p><strong>KAFA POZ\u0130SYONU<\/strong>\u00a0 \u00a0Yandan ve \u00fcstten yazd\u0131rma<\/p>\n<\/div>\n<\/div>\n<div class=\"tr\">\n<div class=\"col-xs-12 col-sm-4\">\n<hr>\n<p><strong>EKRAN<\/strong>\u00a0 \u00a05.7\u2019\u2019 renkli dokunmatik ekran (640x480px)<\/p>\n<\/div>\n<\/div>\n<div class=\"tr\">\n<div class=\"col-xs-12 col-sm-4\">\n<hr>\n<p><strong>BA\u011eLANTI\u00a0<\/strong> \u00a01 USB 2.0, 1 Ethernet 10 \/ 100 \/ 1000<\/p>\n<\/div>\n<\/div>\n<div class=\"tr\">\n<div class=\"col-xs-12 col-sm-4\">\n<hr>\n<p><strong>ET\u0130KET TASARIM YAZILIMI<\/strong>\u00a0 \u00a0UBS Designer, UBS Label CS, CODESOFT<\/p>\n<\/div>\n<\/div>\n<div class=\"tr\">\n<div class=\"col-xs-12 col-sm-4\">\n<hr>\n<p><strong>BARKODLAR<\/strong>\u00a0 \u00a0DUN14, EAN 8, EAN13, EAN 128, CODE 19, CODE 128, 2\/5 INDUSTRIAL, 2\/5 INTERLEAVED, DATAMATRIX, QR, vb.<\/p>\n<\/div>\n<\/div>\n<div class=\"tr\">\n<div class=\"col-xs-12 col-sm-4\">\n<hr>\n<p><strong>DATA\u00a0<\/strong> \u00a0Sabit ve de\u011fi\u015fken metinler, form\u00fcller, logolar, g\u00f6rseller, tarihler. Windows TM \u2013 Truetype Tm fonts<\/p>\n<\/div>\n<\/div>\n<div class=\"tr\">\n<div class=\"col-xs-12 col-sm-4\">\n<hr>\n<p><strong>SE\u00c7ENEK VE AKSESUARLAR<\/strong>\u00a0 \u00a0Harici encoder kiti, \u0131\u015f\u0131kl\u0131 sinyal. stand.<\/p>\n<\/div>\n<\/div>\n<p>[\/vc_column_text][\/vc_tta_section][\/vc_tta_tabs][\/vc_column][\/vc_row][vc_row][vc_column][vc_video link=\u201dhttps:\/\/www.youtube.com\/watch?v=Af6RyrMRPrg\u201d el_width=\u201d50\u2033 align=\u201dcenter\u201d][\/vc_column][\/vc_row]<\/p>\n<\/body>","protected":false},"excerpt":{"rendered":"<p>[vc_row][vc_column][vc_column_text]APLINK LCX Koli kodlamada maksimum tasarruf. APLINK LCX Serisi ikincil g\u00f6zenekli ambalajlar \u00fczerine direkt yazd\u0131rmak i\u00e7in \u00f6zel olarak tasarlan\u0131p, geli\u015ftirilmi\u015f, yeni nesil y\u00fcksek \u00e7\u00f6z\u00fcn\u00fcrl\u00fckl\u00fc inkjet yaz\u0131c\u0131lard\u0131r. 4. nesil piezoelektrik yaz\u0131c\u0131 kafas\u0131yla, APLINK LCX Serisi, 50m\/dk h\u0131za kadar t\u00fcm \u00fcretim hatlar\u0131 i\u00e7in m\u00fckemmel \u00e7\u00f6z\u00fcmd\u00fcr. Kolinin \u00fcst ve yan taraf\u0131na yazd\u0131racak \u015fekilde kurulabilir. UBS y\u00fcksek \u00e7\u00f6z\u00fcn\u00fcrl\u00fckl\u00fc inkjet&hellip;<\/p>\n","protected":false},"author":1,"featured_media":0,"parent":0,"menu_order":20,"comment_status":"closed","ping_status":"closed","template":"","meta":{"om_disable_all_campaigns":false,"_monsterinsights_skip_tracking":false,"_monsterinsights_sitenote_active":false,"_monsterinsights_sitenote_note":"","_monsterinsights_sitenote_category":0},"class_list":["post-2103","page","type-page","status-publish","hentry","description-off"],"_links":{"self":[{"href":"https:\/\/www.turkinkjet.com\/tr\/wp-json\/wp\/v2\/pages\/2103"}],"collection":[{"href":"https:\/\/www.turkinkjet.com\/tr\/wp-json\/wp\/v2\/pages"}],"about":[{"href":"https:\/\/www.turkinkjet.com\/tr\/wp-json\/wp\/v2\/types\/page"}],"author":[{"embeddable":true,"href":"https:\/\/www.turkinkjet.com\/tr\/wp-json\/wp\/v2\/users\/1"}],"replies":[{"embeddable":true,"href":"https:\/\/www.turkinkjet.com\/tr\/wp-json\/wp\/v2\/comments?post=2103"}],"version-history":[{"count":3,"href":"https:\/\/www.turkinkjet.com\/tr\/wp-json\/wp\/v2\/pages\/2103\/revisions"}],"predecessor-version":[{"id":2226,"href":"https:\/\/www.turkinkjet.com\/tr\/wp-json\/wp\/v2\/pages\/2103\/revisions\/2226"}],"wp:attachment":[{"href":"https:\/\/www.turkinkjet.com\/tr\/wp-json\/wp\/v2\/media?parent=2103"}],"curies":[{"name":"wp","href":"https:\/\/api.w.org\/{rel}","templated":true}]}}