{"id":2100,"date":"2019-07-10T20:48:42","date_gmt":"2019-07-10T20:48:42","guid":{"rendered":"http:\/\/www.turkinkjet.com\/?page_id=2100"},"modified":"2019-07-18T20:09:07","modified_gmt":"2019-07-18T20:09:07","slug":"aplink-mrx-bicolor","status":"publish","type":"page","link":"https:\/\/www.turkinkjet.com\/tr\/aplink-mrx-bicolor\/","title":{"rendered":"APLINK MRX Bicolor"},"content":{"rendered":"<body><p><\/p>[vc_row][vc_column][vc_column_text]<strong>APLINK MRX Bicolor<\/strong>\n<p><img decoding=\"async\" class=\"size-medium wp-image-2101 alignleft\" src=\"http:\/\/www.turkinkjet.com\/wp-content\/uploads\/2019\/07\/aplink_mrx_uvled_header-1-230x300.png\" alt=\"\" width=\"230\" height=\"300\" loading=\"lazy\" srcset=\"https:\/\/www.turkinkjet.com\/tr\/wp-content\/uploads\/2019\/07\/aplink_mrx_uvled_header-1-230x300.png 230w, https:\/\/www.turkinkjet.com\/tr\/wp-content\/uploads\/2019\/07\/aplink_mrx_uvled_header-1.png 356w\" sizes=\"(max-width: 230px) 100vw, 230px\" \/>APLINK MRX Bicolor\u00a0\u00fcretim hatt\u0131nda ayn\u0131 anda iki renkte kodlama yapmak \u00fczere tasarlanm\u0131\u015f ve geli\u015ftirilmi\u015ftir.<\/p>\n<div class=\"col-xs-12 col-sm-8 fright mbottom20\">\n<p>United Barcode Systems APLINK MRX Bicolor\u00a0Serisi, koliler ve g\u00f6zenekli y\u00fczeyler \u00fczerine yazd\u0131rmak i\u00e7in tasarlan\u0131p, geli\u015ftirilmi\u015f son teknoloji yaz\u0131c\u0131lard\u0131r.<\/p>\n<p>Reach CLP, Avrupa\u2019da \u00fcr\u00fcn\u00fcn insan sa\u011fl\u0131\u011f\u0131na zararl\u0131 kimyasallar bulundurmad\u0131\u011f\u0131n\u0131 garanti eden piktorogram ve metinlerin kolilere kodlanmas\u0131n\u0131 \u00f6ngeren bir d\u00fczenlemedir. APLINK MRX Bicolor Serisi, bu d\u00fczenlemeye g\u00f6re iki renkli kodlama yapmak i\u00e7in \u00f6zel olarak tasarlanm\u0131\u015f ve \u00fcretilmi\u015ftir. Bu uygulama \u00f6zellikle temizlik \u00fcr\u00fcnleri ve ki\u015fisel bak\u0131m \u00fcr\u00fcnleri i\u00e7erisinde bulunan kimyasallar\u0131n insan sa\u011fl\u0131\u011f\u0131na tehdit olu\u015fturabilecek etkilerini minimuma indirmek i\u00e7in kullan\u0131l\u0131yor olsa da, \u00e7ift renk kodlama ihtiyac\u0131 olan her \u00fcretim hatt\u0131nda kullan\u0131labilir.<\/p>\n<p>Metin, g\u00f6rsel, GS1 standartlar\u0131na uygun (EAN13, ITF14, GS1-128, GS1-Datamatrix, vb.), %100 okunabilir barkod ve sembolleri direkt olarak koli ve benzeri g\u00f6zenekli ikincil ambalajlar\u0131n \u00fczerine yazd\u0131r\u0131r.<\/p>\n<p>4. jenerasyon Piezo-elektrik yaz\u0131c\u0131 kafas\u0131 ile 72mm y\u00fcksekli\u011fe kadar bir alanda ve 180 x 720 dpi \u00e7\u00f6z\u00fcn\u00fcrl\u00fckte, 110 m\/dk h\u0131za kadar mesaj yazd\u0131rabilir. Kodlama iki renkli olarak yap\u0131l\u0131r.<\/p>\n<p>Mod\u00fcler yap\u0131s\u0131 sayesinde 8.1\u2019\u2019 renkli dokunmatik kontrol panelinden 2 ayr\u0131 yaz\u0131c\u0131 kafas\u0131na kadar kontrol edilebilir. Kullan\u0131m\u0131 son derece kolay control paneli ile her bir yaz\u0131c\u0131 kafas\u0131n\u0131n konfig\u00fcrasyonlar\u0131 kolayca yap\u0131labilir.<\/p>\n<p>100% ya\u011f mineralsiz ya\u011f bazl\u0131, bas\u0131n\u00e7s\u0131z m\u00fcrekkep \u015fi\u015fesi sayesinde,\u00a0APLINK MRX Bicolor sarf malzemesini de\u011fi\u015ftirmek i\u00e7in makinay\u0131 durdurmak gerekmez.<\/p>\n<p>Yenilik\u00e7i teknolojisiyle m\u00fcrekkep \u0131s\u0131 ve damla hacmi control mekan\u0131zmas\u0131, istikrarl\u0131 bir kodlama yaparken minimum m\u00fcrekkep sarf\u0131 yap\u0131lmas\u0131n\u0131 sa\u011flar.<\/p>\n<p>WYSIWYG UBS Designer Etiket olu\u015fturma ve d\u00fczenleme yaz\u0131l\u0131m\u0131 ile yaln\u0131zca 4 t\u0131k ile mesaj\u0131n\u0131z\u0131 olu\u015fturabilir, her bir objenin rengini se\u00e7ebilirsiniz.<\/p>\n<div class=\"container mtop20\">\n<div class=\"row\">\n<div class=\"col-xs-12 col-sm-6 mbottom20\">\n<p>\u2713Reach CLP D\u00fczenlemesine uygun piktorogram ve metin kodlamas\u0131<\/p>\n<p>\u2713%100 ya\u011f mineralsiz m\u00fcrekkep<\/p>\n<p>\u27134. jenerasyon piezo elektrik yaz\u0131c\u0131 kafas\u0131<\/p>\n<p>\u2713Mod\u00fcler tasar\u0131m ve y\u00fckseklik-geni\u015flik ayarl\u0131 ayak.<\/p>\n<p>\u2713Minimum periyodik bak\u0131m-onar\u0131m<\/p>\n<p>\u27138.1\u2019\u2019 renkli dokunmatik ekran<\/p>\n<p>\u2713110m\/dk kodlama h\u0131z\u0131<\/p>\n<p>\u2713180 x 720 dpi \u00e7\u00f6z\u00fcn\u00fcrl\u00fck<\/p>\n<p>\u271372mm y\u00fckseklikte yazd\u0131rma alan\u0131<\/p>\n<p>\u2713Her t\u00fcrl\u00fc g\u00f6zenekli y\u00fczey \u00fczerine yazd\u0131rma<\/p>\n<p>\u2713UBS ve Ethernet ba\u011flant\u0131s\u0131<\/p>\n<p>\u2713Entegre alarm<\/p>\n<p>\u2713\u00c7al\u0131\u015f\u0131r halde sarf malzemesi de\u011fi\u015ftirme<\/p>\n<p>\u2713Tek control panelinden 2\u2019ye kadar yaz\u0131c\u0131 kafas\u0131 control etme<\/p>\n<p>\u2713UBS Designer\u00a0 yaz\u0131l\u0131m\u0131 ile grafik tasar\u0131m<\/p>\n<p>\u2713%100 okunabilir GS1 uyumlu barkodlar<\/p>\n<\/div>\n<div class=\"col-xs-12 col-md-6 mbottom40\">\n<div class=\"youtube-container\">\n<div class=\"youtube-player\" data-id=\"2TpTwKQ24zo\">\n<div>\n<div class=\"play-button\"><\/div>\n<\/div>\n<\/div>\n<\/div>\n<\/div>\n<\/div>\n<\/div>\n<\/div>\n<p>[\/vc_column_text][\/vc_column][\/vc_row][vc_row][vc_column][vc_tta_tabs][vc_tta_section title=\u201dTeknik \u00d6zellikler\u201d tab_id=\u201d1563480206694-49ccdb49-a43a\u201d][vc_column_text]<\/p>\n<div class=\"tr\">\n<div class=\"col-xs-12 col-sm-4\">\n<hr>\n<p><strong>G\u00dc\u00c7 KAYNA\u011eI<\/strong>\u00a0 \u00a0110\/240V 50-60 Hz \u2013 42 W (1 yaz\u0131c\u0131 kafas\u0131)\/ 74 W (2 yaz\u0131c\u0131 kafas\u0131)<\/p>\n<\/div>\n<\/div>\n<div class=\"tr\">\n<div class=\"col-xs-12 col-sm-4\">\n<hr>\n<p><strong>BA\u011eLANTI\u00a0<\/strong> \u00a0 STANDALONE, USB, ETHERNET, WIFI\u00a0(opsiyonel)<\/p>\n<\/div>\n<\/div>\n<div class=\"tr\">\n<div class=\"col-xs-12 col-sm-4\">\n<hr>\n<p><strong>Y\u00dcKSEKL\u0130K<\/strong>\u00a0 \u00a0 Min.515 mm \u2013 maks. 1290mm (min. 1,7 ft \u2013 maks. 4,2 ft)<\/p>\n<\/div>\n<\/div>\n<div class=\"tr\">\n<div class=\"col-xs-12 col-sm-4\">\n<hr>\n<p><strong>\u00c7ALI\u015eMA SICAKLI\u011eI<\/strong>\u00a0 \u00a0+5 C\u00ba\u2019den + 50 C\u00ba\u2019ye kadar (+41\u00baF \u2013 +122 \u00baF)<\/p>\n<\/div>\n<\/div>\n<div class=\"tr\">\n<div class=\"col-xs-12 col-sm-4\">\n<hr>\n<p><strong>NEM\u00a0<\/strong> \u00a0%5-%85 yo\u011funla\u015fmas\u0131z<\/p>\n<\/div>\n<\/div>\n<p>[\/vc_column_text][\/vc_tta_section][vc_tta_section title=\u201dSarf Malzemeleri\u201d tab_id=\u201d1563480206763-71d4c959-3359\u2033][vc_column_text]<\/p>\n<div class=\"tr\">\n<div class=\"col-xs-12 col-sm-4\">\n<hr>\n<p><strong>M\u00dcREKKEP<\/strong>\u00a0 \u00a0G\u00f6zenekli y\u00fczeyler i\u00e7in ya\u011f bazl\u0131 organik m\u00fcrekkep %100 ya\u011f mineralsiz<\/p>\n<\/div>\n<\/div>\n<div class=\"tr\">\n<div class=\"col-xs-12 col-sm-4\">\n<hr>\n<p><strong>RENKLER<\/strong>\u00a0 \u00a0Siyah, k\u0131rm\u0131z\u0131, mavi ve ye\u015fil. Talep edilmesi halinde di\u011fer renkler.<\/p>\n<\/div>\n<\/div>\n<div class=\"tr\">\n<div class=\"col-xs-12 col-sm-4\">\n<hr>\n<p><strong>AMBALAJ<\/strong>\u00a0 \u00a01000ml ve 500ml m\u00fcrekkep \u015fi\u015fesi<\/p>\n<\/div>\n<\/div>\n<div class=\"tr\">\n<div class=\"col-xs-12 col-sm-4\">\n<hr>\n<p><strong>YAZDIRILAB\u0130L\u0130R MATERYAL<\/strong>\u00a0 \u00a0Her t\u00fcr g\u00f6zenekli y\u00fczey<\/p>\n<\/div>\n<\/div>\n<p>[\/vc_column_text][\/vc_tta_section][vc_tta_section title=\u201dYazd\u0131rma \u00d6zellikleri\u201d tab_id=\u201d1563480328609-7133d78b-c023\u2033][vc_column_text]<\/p>\n<div class=\"tr\">\n<div class=\"col-xs-12 col-sm-4\">\n<hr>\n<p><strong>Y\u00dcKSEKL\u0130K<\/strong>\u00a0 \u00a0 72 mm (2.83 in)<\/p>\n<\/div>\n<\/div>\n<div class=\"tr\">\n<div class=\"col-xs-12 col-sm-4\">\n<hr>\n<p><strong>DAMLA HACM\u0130<\/strong>\u00a0 \u00a0 35 pl<\/p>\n<\/div>\n<\/div>\n<div class=\"tr\">\n<div class=\"col-xs-12 col-sm-4\">\n<hr>\n<p><strong>HIZ\u00a0<\/strong> \u00a0 110 m\/dk\u2019ya kadar (361 ft\/dk)<\/p>\n<\/div>\n<\/div>\n<div class=\"tr\">\n<div class=\"col-xs-12 col-sm-4\">\n<hr>\n<p><strong>\u00c7\u00d6Z\u00dcN\u00dcRL\u00dcK (D\u0130KEY\/YATAY)<\/strong>\u00a0 \u00a0 180 dpi\/ 720 dpi\u2019ye kadar<\/p>\n<\/div>\n<\/div>\n<div class=\"tr\">\n<div class=\"col-xs-12 col-sm-4\">\n<hr>\n<p><strong>AMBALAJ\/SN<\/strong>\u00a0 \u00a0 2 ambalaj\/sn\u2019ye kadar<\/p>\n<\/div>\n<\/div>\n<div class=\"tr\">\n<div class=\"col-xs-12 col-sm-4\">\n<hr>\n<p><strong>UZAKLIK (YAZCICI KAFASINDAN MATERYALE)<\/strong>\u00a0 \u00a0Maks. 5 mm (0,2 in)<\/p>\n<\/div>\n<\/div>\n<div class=\"tr\">\n<div class=\"col-xs-12 col-sm-4\">\n<hr>\n<p><strong>BARKODLAR<\/strong>\u00a0 \u00a0 GTIN13, GTIN14, GS1 DATAMATRIX, GS1-128, CODE 39, 2\/5 ITERLEAVED, QR, PDF417, vb.<\/p>\n<\/div>\n<\/div>\n<div class=\"tr\">\n<div class=\"col-xs-12 col-sm-4\">\n<hr>\n<p><strong>DATA<\/strong>\u00a0 \u00a0 De\u011fi\u015fken ya da sabit metinler, form\u00fcller, logolar, g\u00f6rseller, tarihler, vb.<\/p>\n<\/div>\n<\/div>\n<div class=\"tr\">\n<div class=\"col-xs-12 col-sm-4\">\n<hr>\n<p><strong>YAZICI KAFASININ ORYANTASYONU<\/strong>\u00a0 \u00a0 Standart pozisyon , 90 \u00ba a\u00e7\u0131l\u0131 ya da uzatma t\u00fcp\u00fcyle Yandan ya da \u00fcstten yazd\u0131rma<\/p>\n<\/div>\n<\/div>\n<div class=\"tr\">\n<div class=\"col-xs-12 col-sm-4\">\n<hr>\n<p><strong>OPS\u0130YON VE AKSESUARLAR<\/strong>\u00a0 \u00a0 Encoder Kit, I\u015f\u0131kl\u0131 alarm, D\u00fc\u015f\u00fck s\u0131cakl\u0131k kiti<\/p>\n<\/div>\n<\/div>\n<p>[\/vc_column_text][\/vc_tta_section][vc_tta_section title=\u201dKontrol Panel \u00d6zellikleri\u201d tab_id=\u201d1563480461683-9ba57a3f-3947\u2033][vc_column_text]<\/p>\n<div class=\"tr\">\n<div class=\"col-xs-12 col-sm-4\">\n<hr>\n<p><strong>EKRAN\u00a0<\/strong> \u00a08.1\u2019\u2019 renkli dokunmatik ekran<\/p>\n<\/div>\n<\/div>\n<div class=\"tr\">\n<div class=\"col-xs-12 col-sm-4\">\n<hr>\n<p><strong>YAZICI KAFASI KONTROL\u00dc<\/strong>\u00a0 \u00a0Minimum 1 maksimum 2 yaz\u0131c\u0131 kafas\u0131<\/p>\n<\/div>\n<\/div>\n<div class=\"tr\">\n<div class=\"col-xs-12 col-sm-4\">\n<hr>\n<p><strong>BA\u011eLANTI<\/strong>\u00a0 \u00a0Dispone de 1 x USB 2.0, 1 x Ethernet 10\/100\/1000 , \u00a0WiFi\u00a0(opsiyonel)<\/p>\n<\/div>\n<\/div>\n<div class=\"tr\">\n<div class=\"col-xs-12 col-sm-4\">\n<hr>\n<p><strong>ET\u0130KET TASARIM YAZILIMI\u00a0<\/strong> \u00a0UBS Designer\u00a0\u00a0UBS Label CS\u00ae<\/p>\n<\/div>\n<\/div>\n<p>[\/vc_column_text][\/vc_tta_section][\/vc_tta_tabs][\/vc_column][\/vc_row][vc_row][vc_column][vc_video link=\u201dhttps:\/\/www.youtube.com\/watch?v=2TpTwKQ24zo\u201d el_width=\u201d50\u2033 align=\u201dcenter\u201d][\/vc_column][\/vc_row]<\/p>\n<\/body>","protected":false},"excerpt":{"rendered":"<p>[vc_row][vc_column][vc_column_text]APLINK MRX Bicolor APLINK MRX Bicolor\u00a0\u00fcretim hatt\u0131nda ayn\u0131 anda iki renkte kodlama yapmak \u00fczere tasarlanm\u0131\u015f ve geli\u015ftirilmi\u015ftir. United Barcode Systems APLINK MRX Bicolor\u00a0Serisi, koliler ve g\u00f6zenekli y\u00fczeyler \u00fczerine yazd\u0131rmak i\u00e7in tasarlan\u0131p, geli\u015ftirilmi\u015f son teknoloji yaz\u0131c\u0131lard\u0131r. Reach CLP, Avrupa\u2019da \u00fcr\u00fcn\u00fcn insan sa\u011fl\u0131\u011f\u0131na zararl\u0131 kimyasallar bulundurmad\u0131\u011f\u0131n\u0131 garanti eden piktorogram ve metinlerin kolilere kodlanmas\u0131n\u0131 \u00f6ngeren bir d\u00fczenlemedir. APLINK&hellip;<\/p>\n","protected":false},"author":1,"featured_media":0,"parent":0,"menu_order":20,"comment_status":"closed","ping_status":"closed","template":"","meta":{"om_disable_all_campaigns":false,"_monsterinsights_skip_tracking":false,"_monsterinsights_sitenote_active":false,"_monsterinsights_sitenote_note":"","_monsterinsights_sitenote_category":0},"class_list":["post-2100","page","type-page","status-publish","hentry","description-off"],"_links":{"self":[{"href":"https:\/\/www.turkinkjet.com\/tr\/wp-json\/wp\/v2\/pages\/2100"}],"collection":[{"href":"https:\/\/www.turkinkjet.com\/tr\/wp-json\/wp\/v2\/pages"}],"about":[{"href":"https:\/\/www.turkinkjet.com\/tr\/wp-json\/wp\/v2\/types\/page"}],"author":[{"embeddable":true,"href":"https:\/\/www.turkinkjet.com\/tr\/wp-json\/wp\/v2\/users\/1"}],"replies":[{"embeddable":true,"href":"https:\/\/www.turkinkjet.com\/tr\/wp-json\/wp\/v2\/comments?post=2100"}],"version-history":[{"count":5,"href":"https:\/\/www.turkinkjet.com\/tr\/wp-json\/wp\/v2\/pages\/2100\/revisions"}],"predecessor-version":[{"id":2224,"href":"https:\/\/www.turkinkjet.com\/tr\/wp-json\/wp\/v2\/pages\/2100\/revisions\/2224"}],"wp:attachment":[{"href":"https:\/\/www.turkinkjet.com\/tr\/wp-json\/wp\/v2\/media?parent=2100"}],"curies":[{"name":"wp","href":"https:\/\/api.w.org\/{rel}","templated":true}]}}