{"id":2097,"date":"2019-07-10T20:45:09","date_gmt":"2019-07-10T20:45:09","guid":{"rendered":"http:\/\/www.turkinkjet.com\/?page_id=2097"},"modified":"2019-07-18T19:19:37","modified_gmt":"2019-07-18T19:19:37","slug":"aplink-mrx-uv-led","status":"publish","type":"page","link":"https:\/\/www.turkinkjet.com\/tr\/aplink-mrx-uv-led\/","title":{"rendered":"APLINK MRX UV LED"},"content":{"rendered":"<body><p><\/p>[vc_row][vc_column][vc_column_text]<strong>APLINK MRX UV LED<\/strong>\n<p><img decoding=\"async\" class=\"size-medium wp-image-2098 alignleft\" src=\"http:\/\/www.turkinkjet.com\/wp-content\/uploads\/2019\/07\/aplink_mrx_uvled_header-230x300.png\" alt=\"\" width=\"230\" height=\"300\" loading=\"lazy\" srcset=\"https:\/\/www.turkinkjet.com\/tr\/wp-content\/uploads\/2019\/07\/aplink_mrx_uvled_header-230x300.png 230w, https:\/\/www.turkinkjet.com\/tr\/wp-content\/uploads\/2019\/07\/aplink_mrx_uvled_header.png 356w\" sizes=\"(max-width: 230px) 100vw, 230px\" \/>APLINK MRX UV LED\u00a0kurutma sistemli <em>Y\u00fcksek \u00c7\u00f6z\u00fcn\u00fcrl\u00fckl\u00fc Inkjet Yaz\u0131c\u0131lar<\/em>, t\u00fcm <em>g\u00f6zeneksiz y\u00fczeyler \u00fczerine kodlama<\/em> yapmak i\u00e7in tasarlanm\u0131\u015f ve geli\u015ftirilmi\u015ftir.<\/p>\n<div class=\"col-xs-12 col-sm-8 fright mbottom20\">\n<p><strong class=\"cblue\">APLINK MRX UV LED Y\u00fcksek \u00c7\u00f6z\u00fcn\u00fcrl\u00fckl\u00fc Inkjet Yaz\u0131c\u0131<\/strong> ile entegre olmu\u015f Curing on Board Security System\u00ae\u00a0koli, tava, plastik ve t\u00fcm g\u00f6zeneksiz y\u00fczeyler \u00fczerine kodlama yapmak i\u00e7in tasarlanm\u0131\u015f ve geli\u015ftirilmi\u015ftir.<\/p>\n<p>End\u00fcstriyel Markalama Sistemi\u00a0ile birle\u015fen \u00f6zel tasar\u0131ml\u0131 LED lamba sayesinde UV LED bazl\u0131 m\u00fcrekkebin polimerize edilerek, an\u0131nda kurumas\u0131 sa\u011flan\u0131r.<\/p>\n<p>Metin, g\u00f6rsel, logo, sembol ve GS1 standartlar\u0131na uygun (GTIN13, GTIN14, G21-128, GS1, Datamatrix\u2026) %100 okunabilir 1D\/2D barkod tiplerini yazd\u0131rmak i\u00e7in tasarland\u0131 ve geli\u015ftirildi.<\/p>\n<p>United Barcode Systems Inkjet Yaz\u0131c\u0131 Teknolojisi direkt olarak koli, karton ve benzeri g\u00f6zeneksiz ikincil ambalajlar i\u00e7in tasarland\u0131.<\/p>\n<p>4. jenerasyon Piezo-Elektrik yaz\u0131c\u0131 kafa 180 x 720 dpi\u00a0\u00e7\u00f6z\u00fcn\u00fcrl\u00fckte ve 60 m\/dk\u00a0hat h\u0131z\u0131nda, UV LED bazl\u0131 m\u00fcrekkep kullanarak y\u00fcksek kontrastla 72 mm y\u00fcksekli\u011fe kadar mesaj yazd\u0131rma olana\u011f\u0131 sunar.<\/p>\n<p>Mod\u00fcler yap\u0131s\u0131 sayesinde Y\u00fcksek \u00c7\u00f6z\u00fcn\u00fcrl\u00fckl\u00fc Inkjet Yaz\u0131c\u0131 APLINK MRX UV LED 4 ayr\u0131 yaz\u0131c\u0131 kafas\u0131n\u0131n e\u015f zamanl\u0131 olarak kullan\u0131m\u0131n\u0131 sa\u011flar. 10.1\u2019\u2019 renkli dokunmatik kontrol paneli ve kullan\u0131m\u0131 kolay grafiksel aray\u00fcz\u00fc sayesinde her bir yaz\u0131c\u0131 kafas\u0131n\u0131n konfig\u00fcrasyonlar\u0131 kolayca yap\u0131labilir.<\/p>\n<p>Bas\u0131n\u00e7s\u0131z bir \u015fi\u015fede depolanan UV Led K\u00fcrleme M\u00fcrekkebimiz, d\u00fc\u015f\u00fck n\u00fcfus etme ve d\u00fc\u015f\u00fck viskozite \u00f6zelliklerinin yan\u0131 s\u0131ra m\u00fcrekkep de\u011fi\u015ftirmek i\u00e7in makinay\u0131 durdurmak gerekmez.<\/p>\n<p>Yenilik\u00e7i m\u00fcrekkep damlas\u0131 hacmi ve \u0131s\u0131s\u0131 kontrol\u00fc teknolojisi ve UV LED k\u00fcrleme sistemi g\u00fcvenilir bir bask\u0131, minimum m\u00fcrekkep t\u00fcketimi ve \u00fcretim hatt\u0131ndaki maliyetleri d\u00fc\u015f\u00fcrmek i\u00e7in harika bir ara\u00e7t\u0131r.<\/p>\n<p>APLINK MRX UV LED Koli Kodlama Makinesi t\u00fcm verilerin herhangi bir ERP, MES, WMS veya DBMS sistemi ile y\u00f6netilmesini ve ba\u011flanmas\u0131n\u0131 sa\u011flayan UBS Labman 4.0 yaz\u0131l\u0131m\u0131 arac\u0131l\u0131\u011f\u0131yla herhangi bir bili\u015fim veya otomasyon sistemine ba\u011flanabilir ve \u00fcretim hatt\u0131nda izlenebilirli\u011fi kolayla\u015ft\u0131r\u0131r. Ek olarak, UBS Designer yaz\u0131l\u0131m\u0131m\u0131z etiketleri olu\u015fturma, d\u00fczenleme ve g\u00f6nderme i\u015flemlerini kolayla\u015ft\u0131r\u0131r.<\/p>\n<p>APLINK MRX UV LED Serisi yaz\u0131c\u0131lar ayn\u0131 zamanda, USB ve Ethernet ba\u011flant\u0131s\u0131 arac\u0131l\u0131\u011f\u0131yla mesaj y\u00fckleyerek, ba\u011f\u0131ms\u0131z olarak da \u00e7al\u0131\u015fabilir.<\/p>\n<div class=\"container mtop20\">\n<div class=\"row\">\n<div class=\"col-xs-12 mbottom20\">\n<p>\u2713\u00d6zel UV LED kurutma sistema<\/p>\n<p>\u2713Yazd\u0131r\u0131lan mesaj an\u0131nda kurur<\/p>\n<p>\u27134. jenerasyon piezo elektrik yaz\u0131c\u0131 kafas\u0131<\/p>\n<p>\u2713Mod\u00fcler tasar\u0131m ve y\u00fckseklik-geni\u015flik ayarl\u0131 ayak.<\/p>\n<p>\u2713Minimum periyodik bak\u0131m-onar\u0131m<\/p>\n<p>\u271310.1\u2019\u2019 renkli dokunmatik ekran<\/p>\n<p>\u271360m\/dk kodlama h\u0131z\u0131<\/p>\n<p>\u2713180 x 720 dpi \u00e7\u00f6z\u00fcn\u00fcrl\u00fck<\/p>\n<p>\u271372mm y\u00fckseklikte yazd\u0131rma alan\u0131<\/p>\n<p>\u2713Her t\u00fcrl\u00fc g\u00f6zeneksiz y\u00fczey \u00fczerine yazd\u0131rma<\/p>\n<p>\u2713UBS ve Ethernet ba\u011flant\u0131s\u0131<\/p>\n<p>\u2713Entegre alarm<\/p>\n<p>\u2713\u00c7al\u0131\u015f\u0131r halde sarf malzemesi de\u011fi\u015ftirme<\/p>\n<p>\u2713Tek control panelinden 4\u2019e kadar yaz\u0131c\u0131 kafas\u0131 control etme<\/p>\n<p>\u2713Kontrol \u00dcnitesi \u00fczerinden etiket d\u00fczenleme<\/p>\n<p>\u2713UBS\u00a0Designer yaz\u0131l\u0131m\u0131 ile grafik tasar\u0131m<\/p>\n<p>\u2713%100 okunabilir GS1 uyumlu barkodlar<\/p>\n<\/div>\n<\/div>\n<\/div>\n<\/div>\n<p>[\/vc_column_text][\/vc_column][\/vc_row][vc_row][vc_column][vc_tta_tabs][vc_tta_section title=\u201dTeknik \u00d6zellikler\u201d tab_id=\u201d1563477117596-f5e222b5-eac3\u2033][vc_column_text]<\/p>\n<div class=\"tr\">\n<div class=\"col-xs-12 col-sm-4\">\n<hr>\n<p><strong>G\u00dc\u00c7 KAYNA\u011eI<\/strong>\u00a0 \u00a0 110 \/ 240V 50-60Hz \u2013 150 W (1 printer) \u2013 300 W (2 printers)(UV LED Curing System)<\/p>\n<\/div>\n<div class=\"col-xs-12 col-sm-4\">\n<hr>\n<p><strong>BA\u011eLANTI<\/strong>\u00a0 \u00a0STANDALONE, USB, ETHERNET<\/p>\n<\/div>\n<div class=\"col-xs-12 col-sm-4\">\n<hr>\n<p><strong>Y\u00dcKSEKL\u0130K<\/strong>\u00a0 \u00a0 Min.515 mm \u2013 maks. 1290mm (min. 1,7 ft \u2013 maks. 4,2 ft)<\/p>\n<\/div>\n<\/div>\n<div class=\"tr\">\n<div class=\"col-xs-12 col-sm-4\">\n<hr>\n<p><strong>\u00c7ALI\u015eMA SICAKLI\u011eI<\/strong>\u00a0 \u00a0 +5 C\u00ba\u2019den + 50 C\u00ba\u2019ye kadar (+41\u00baF \u2013 +122 \u00baF)<\/p>\n<\/div>\n<\/div>\n<div class=\"tr\">\n<div class=\"col-xs-12 col-sm-4\">\n<hr>\n<p><strong>NEM<\/strong>\u00a0 \u00a0 %5-%85 yo\u011funla\u015fmas\u0131z<\/p>\n<\/div>\n<\/div>\n<p>[\/vc_column_text][\/vc_tta_section][vc_tta_section title=\u201dSarf Malzemeleri\u201d tab_id=\u201d1563477117635-da34d917-ba1a\u201d][vc_column_text]<\/p>\n<div class=\"tr\">\n<div class=\"col-xs-12 col-sm-4\">\n<hr>\n<p><strong>M\u00dcREKKEP<\/strong>\u00a0 \u00a0G\u00f6zeneksiz y\u00fczeyler i\u00e7in UV bazl\u0131 m\u00fcrekkep<\/p>\n<\/div>\n<\/div>\n<div class=\"tr\">\n<div class=\"col-xs-12 col-sm-4\">\n<hr>\n<p><strong>RENKLER<\/strong>\u00a0 \u00a0Siyah. Talep edilmesi halinde di\u011fer renkler.<\/p>\n<\/div>\n<\/div>\n<div class=\"tr\">\n<div class=\"col-xs-12 col-sm-4\">\n<hr>\n<p><strong>AMBALAJ<\/strong>\u00a0 \u00a01000ml ve 500ml m\u00fcrekkep \u015fi\u015fesi<\/p>\n<\/div>\n<\/div>\n<div class=\"tr\">\n<div class=\"col-xs-12 col-sm-4\">\n<hr>\n<p><strong>YAZDIRILAB\u0130L\u0130R MATERYAL<\/strong>\u00a0 \u00a0Her t\u00fcr g\u00f6zenekli y\u00fczey<\/p>\n<\/div>\n<\/div>\n<p>[\/vc_column_text][\/vc_tta_section][vc_tta_section title=\u201dYazd\u0131rma \u00d6zellikleri\u201d tab_id=\u201d1563477336472-cb3fbffd-0e8d\u201d][vc_column_text]<\/p>\n<div class=\"tr\">\n<div class=\"col-xs-12 col-sm-4\">\n<hr>\n<p><strong>Y\u00dcKSEKL\u0130K<\/strong>\u00a0 \u00a072 mm (2.83 in)<\/p>\n<\/div>\n<\/div>\n<div class=\"tr\">\n<div class=\"col-xs-12 col-sm-4\">\n<hr>\n<p><strong>DAMLA HACM\u0130<\/strong>\u00a0 \u00a035 pl<\/p>\n<\/div>\n<\/div>\n<div class=\"tr\">\n<div class=\"col-xs-12 col-sm-4\">\n<hr>\n<p><strong>HIZ<\/strong>\u00a0 \u00a060 m\/dk\u2019ya kadar (197\u00a0ft\/dk)<\/p>\n<\/div>\n<\/div>\n<div class=\"tr\">\n<div class=\"col-xs-12 col-sm-4\">\n<hr>\n<p><strong>\u00c7\u00d6Z\u00dcN\u00dcRL\u00dcK (D\u0130KEY\/YATAY)<\/strong>\u00a0 \u00a0180 dpi\/ 720 dpi\u2019ye kadar<\/p>\n<\/div>\n<\/div>\n<div class=\"tr\">\n<div class=\"col-xs-12 col-sm-4\">\n<hr>\n<p><strong>AMBALAJ\/SN\u00a0<\/strong> \u00a02\u00a0ambalaj\/sn\u2019ye kadar<\/p>\n<\/div>\n<\/div>\n<div class=\"tr\">\n<div class=\"col-xs-12 col-sm-4\">\n<hr>\n<p><strong>UZAKLIK (YAZCICI KAFASINDAN MATERYALE)<\/strong>\u00a0 \u00a0Maks. 5 mm (0,2 in)<\/p>\n<\/div>\n<\/div>\n<div class=\"tr\">\n<div class=\"col-xs-12 col-sm-4\">\n<hr>\n<p><strong>BARKODLAR<\/strong>\u00a0 \u00a0GTIN13, GTIN14, GS1 DATAMATRIX, GS1-128, CODE 39, 2\/5 ITERLEAVED, QR, PDF417, vb.<\/p>\n<\/div>\n<\/div>\n<div class=\"tr\">\n<div class=\"col-xs-12 col-sm-4\">\n<hr>\n<p><strong>DATA\u00a0<\/strong> \u00a0De\u011fi\u015fken ya da sabit metinler, form\u00fcller, logolar, g\u00f6rseller, tarihler, vb.<\/p>\n<\/div>\n<\/div>\n<div class=\"tr\">\n<div class=\"col-xs-12 col-sm-4\">\n<hr>\n<p><strong>YAZICI KAFASININ ORYANTASYONU\u00a0<\/strong> \u00a0Standart pozisyon ya da uzatma t\u00fcp\u00fcyle.\u00a0Yandan ya da \u00fcstten yazd\u0131rma<\/p>\n<\/div>\n<\/div>\n<div class=\"tr\">\n<div class=\"col-xs-12 col-sm-4\">\n<hr>\n<p><strong>OPS\u0130YON VE AKSESUARLAR\u00a0<\/strong> \u00a0Encoder Kit, I\u015f\u0131kl\u0131 alarm, D\u00fc\u015f\u00fck s\u0131cakl\u0131k kiti<\/p>\n<\/div>\n<\/div>\n<p>[\/vc_column_text][\/vc_tta_section][vc_tta_section title=\u201dKontrol Panel \u00d6zellikleri\u201d tab_id=\u201d1563477461400-87aab083-4a2b\u201d][vc_column_text]<\/p>\n<div class=\"tr\">\n<div class=\"col-xs-12 col-sm-4\">\n<hr>\n<p><strong>EKRAN<\/strong>\u00a0 \u00a010.1\u2019\u2019 renkli dokunmatik ekran<\/p>\n<\/div>\n<\/div>\n<div class=\"tr\">\n<div class=\"col-xs-12 col-sm-4\">\n<hr>\n<p><strong>YAZICI KAFASI KONTROL\u00dc<\/strong>\u00a0 \u00a0Minimum 1 maksimum 4 yaz\u0131c\u0131 kafas\u0131<\/p>\n<\/div>\n<\/div>\n<div class=\"tr\">\n<div class=\"col-xs-12 col-sm-4\">\n<hr>\n<p><strong>BA\u011eLANTI<\/strong>\u00a0 \u00a0Dispone de 1 x USB 2.0, 1 x Ethernet 10\/100\/1000<\/p>\n<\/div>\n<\/div>\n<div class=\"tr\">\n<div class=\"col-xs-12 col-sm-4\">\n<hr>\n<p><strong>ET\u0130KET TASARIM YAZILIMI<\/strong>\u00a0 \u00a0UBS Designer Lite, UBS Designer Pro<\/p>\n<\/div>\n<\/div>\n<p>[\/vc_column_text][\/vc_tta_section][vc_tta_section title=\u201dUV LED Kurutma Mod\u00fcl\u00fc \u00d6zellikleri\u201d tab_id=\u201d1563477528547-75820541-ae50\u2033][vc_column_text]<\/p>\n<div class=\"tr\">\n<div class=\"col-xs-12 col-sm-4\">\n<hr>\n<p><strong>KURUTMA ALANI<\/strong>\u00a0 \u00a017 x 30 mm<\/p>\n<\/div>\n<\/div>\n<div class=\"tr\">\n<div class=\"col-xs-12 col-sm-4\">\n<hr>\n<p><strong>\u00d6L\u00c7\u00dcLER\u00a0<\/strong> \u00a0Yaz\u0131c\u0131 (130x26x104mm) , Kontrol \u00fcnitesi (120x31x120mm), Kurutma mod\u00fcl\u00fc (124x60x55mm)<\/p>\n<\/div>\n<\/div>\n<div class=\"tr\">\n<div class=\"col-xs-12 col-sm-4\">\n<hr>\n<p><strong>SO\u011eUTMA\u00a0<\/strong> \u00a0Hava<\/p>\n<\/div>\n<\/div>\n<div class=\"tr\">\n<div class=\"col-xs-12 col-sm-4\">\n<hr>\n<p><strong>KULLANIM S\u00dcRES\u0130<\/strong>\u00a0 \u00a0&gt;20000 saat<\/p>\n<\/div>\n<\/div>\n<div class=\"tr\">\n<div class=\"col-xs-12 col-sm-4\">\n<hr>\n<p><strong>GARANT\u0130<\/strong>\u00a0 \u00a01 y\u0131l, 1000 saat \u00e7al\u0131\u015fma.<\/p>\n<\/div>\n<\/div>\n<p>[\/vc_column_text][\/vc_tta_section][\/vc_tta_tabs][\/vc_column][\/vc_row]<\/p>\n<\/body>","protected":false},"excerpt":{"rendered":"<p>[vc_row][vc_column][vc_column_text]APLINK MRX UV LED APLINK MRX UV LED\u00a0kurutma sistemli Y\u00fcksek \u00c7\u00f6z\u00fcn\u00fcrl\u00fckl\u00fc Inkjet Yaz\u0131c\u0131lar, t\u00fcm g\u00f6zeneksiz y\u00fczeyler \u00fczerine kodlama yapmak i\u00e7in tasarlanm\u0131\u015f ve geli\u015ftirilmi\u015ftir. APLINK MRX UV LED Y\u00fcksek \u00c7\u00f6z\u00fcn\u00fcrl\u00fckl\u00fc Inkjet Yaz\u0131c\u0131 ile entegre olmu\u015f Curing on Board Security System\u00ae\u00a0koli, tava, plastik ve t\u00fcm g\u00f6zeneksiz y\u00fczeyler \u00fczerine kodlama yapmak i\u00e7in tasarlanm\u0131\u015f ve geli\u015ftirilmi\u015ftir. End\u00fcstriyel Markalama Sistemi\u00a0ile&hellip;<\/p>\n","protected":false},"author":1,"featured_media":0,"parent":0,"menu_order":20,"comment_status":"closed","ping_status":"closed","template":"","meta":{"om_disable_all_campaigns":false,"_monsterinsights_skip_tracking":false,"_monsterinsights_sitenote_active":false,"_monsterinsights_sitenote_note":"","_monsterinsights_sitenote_category":0},"class_list":["post-2097","page","type-page","status-publish","hentry","description-off"],"_links":{"self":[{"href":"https:\/\/www.turkinkjet.com\/tr\/wp-json\/wp\/v2\/pages\/2097"}],"collection":[{"href":"https:\/\/www.turkinkjet.com\/tr\/wp-json\/wp\/v2\/pages"}],"about":[{"href":"https:\/\/www.turkinkjet.com\/tr\/wp-json\/wp\/v2\/types\/page"}],"author":[{"embeddable":true,"href":"https:\/\/www.turkinkjet.com\/tr\/wp-json\/wp\/v2\/users\/1"}],"replies":[{"embeddable":true,"href":"https:\/\/www.turkinkjet.com\/tr\/wp-json\/wp\/v2\/comments?post=2097"}],"version-history":[{"count":3,"href":"https:\/\/www.turkinkjet.com\/tr\/wp-json\/wp\/v2\/pages\/2097\/revisions"}],"predecessor-version":[{"id":2215,"href":"https:\/\/www.turkinkjet.com\/tr\/wp-json\/wp\/v2\/pages\/2097\/revisions\/2215"}],"wp:attachment":[{"href":"https:\/\/www.turkinkjet.com\/tr\/wp-json\/wp\/v2\/media?parent=2097"}],"curies":[{"name":"wp","href":"https:\/\/api.w.org\/{rel}","templated":true}]}}