{"id":2094,"date":"2019-07-10T20:42:03","date_gmt":"2019-07-10T20:42:03","guid":{"rendered":"http:\/\/www.turkinkjet.com\/?page_id=2094"},"modified":"2019-07-18T19:05:55","modified_gmt":"2019-07-18T19:05:55","slug":"aplink-mrx","status":"publish","type":"page","link":"https:\/\/www.turkinkjet.com\/tr\/aplink-mrx\/","title":{"rendered":"APLINK MRX"},"content":{"rendered":"<body><p><\/p>[vc_row][vc_column][vc_column_text]<strong>APLINK MRX<\/strong>\n<p><img decoding=\"async\" class=\"size-medium wp-image-2095 alignleft\" src=\"http:\/\/www.turkinkjet.com\/wp-content\/uploads\/2019\/07\/mrx_cabecera_3-230x300.png\" alt=\"\" width=\"230\" height=\"300\" loading=\"lazy\" srcset=\"https:\/\/www.turkinkjet.com\/tr\/wp-content\/uploads\/2019\/07\/mrx_cabecera_3-230x300.png 230w, https:\/\/www.turkinkjet.com\/tr\/wp-content\/uploads\/2019\/07\/mrx_cabecera_3.png 356w\" sizes=\"(max-width: 230px) 100vw, 230px\" \/>UBS APLINK MRX <em>Y\u00fcksek \u00c7\u00f6z\u00fcn\u00fcrl\u00fckl\u00fc Inkjet Yaz\u0131c\u0131lar<\/em> G\u00f6zenekli y\u00fczeyler \u00fczerine yazd\u0131rmak i\u00e7in geli\u015ftirilmi\u015ftir.<\/p>\n<div class=\"col-xs-12 col-sm-8 fright mbottom20\">\n<p>Metin, g\u00f6rsel, logo, sembol ve GS1 standartlar\u0131na uygun (GTIN13, GTIN14, G21-128, GS1, Datamatrix\u2026) %100 okunabilir 1D\/2D barkod tiplerini yazd\u0131rmak i\u00e7in geli\u015ftirildi.<\/p>\n<p><strong class=\"cblue\">End\u00fcstriyel Kodlama Sistemi\u00a0<\/strong>direkt olarak koli ve benzeri g\u00f6zenekli ikincil ambalajlar i\u00e7in tasarland\u0131.<\/p>\n<p>4. jenerasyon Piezo-Elektrik yaz\u0131c\u0131 kafa 180 x 720 dpi\u00a0\u00e7\u00f6z\u00fcn\u00fcrl\u00fckte ve 110 m\/dk\u00a0hat h\u0131z\u0131nda, do\u011fa dostu ya\u011f bazl\u0131 m\u00fcrekkep kullanarak y\u00fcksek kontrastla 72 mm y\u00fcksekli\u011fe kadar mesaj yazd\u0131rma olana\u011f\u0131 sunar.<\/p>\n<p>Mod\u00fcler yap\u0131s\u0131 sayesinde Y\u00fcksek \u00c7\u00f6z\u00fcn\u00fcrl\u00fckl\u00fc Inkjet Yaz\u0131c\u0131 APLINK MRX 10.1\u2019\u2019 renkli dokunmatik kontrol panelinden 4 ayr\u0131 yaz\u0131c\u0131 kafas\u0131na kadar kontrol edilebilir. Kullan\u0131m\u0131 son derece kolay kontrol paneli ile her bir yaz\u0131c\u0131 kafas\u0131n\u0131n konfig\u00fcrasyonlar\u0131 kolayca yap\u0131labilir, 4 mesaj y\u00fcksekli\u011fine kadar kontrol edilebilir.<\/p>\n<p class=\"Cuerpo\">Ya\u011f bazl\u0131, %100 ya\u011f mineralsiz bas\u0131n\u00e7s\u0131z m\u00fcrekkep \u015fi\u015fesi ve i\u00e7erdeki m\u00fcrekkep haznesi sayesinde, m\u00fcrekkep de\u011fi\u015ftirirken, \u00fcretim hatt\u0131n\u0131 durdurmak gerekmez.<\/p>\n<p class=\"Cuerpo\">Yenilik\u00e7i m\u00fcrekkep damlas\u0131 hacmi ve \u0131s\u0131s\u0131 kontrol\u00fc teknolojisi ile daha az m\u00fcrekkep tasarrufu ile daha iyi bir bask\u0131y\u0131 garantiler.T\u00fcm bu \u00f6zellikleri sayesinde APLINK MRX 735 \u00fcretim hatt\u0131ndaki maliyetleri d\u00fc\u015f\u00fcr\u00fcr ve maksimum tasarruf sa\u011flar.<\/p>\n<p class=\"Cuerpo\">Inkjet Yaz\u0131c\u0131 Teknolojisi\u00a0nin kurulumu kolayd\u0131r ve herhangi bir \u00fcretim hatt\u0131na kolayca entegre olabilmektedir. UBS mesaj mesaj edit\u00f6r\u00fc (WYSIWYG), UBS Designer Pro ve UBS Labman 4.0 piyasada bilinen herhangi bir DDBB sistemiyle ileti\u015fim kurar ve geni\u015f bir yelpazede \u00f6zelle\u015ftirilmi\u015f ileti\u015fim \u00e7\u00f6z\u00fcmleri sunar.<\/p>\n<p>APLINK MRX Inkjet Yaz\u0131c\u0131 ayr\u0131ca USB S\u00fcr\u00fcc\u00fcs\u00fc veya Ethernet ba\u011flant\u0131s\u0131 arac\u0131l\u0131\u011f\u0131yla mesajlar\u0131 y\u00fckleyerek ba\u011f\u0131ms\u0131z modda \u00e7al\u0131\u015fabilir.<\/p>\n<div class=\"col-xs-12 col-sm-6 mbottom20\">\n<p>\u2713%100 ya\u011f mineralsiz m\u00fcrekkep<\/p>\n<p>\u27134. jenerasyon piezo elektrik yaz\u0131c\u0131 kafas\u0131<\/p>\n<p>\u2713Mod\u00fcler tasar\u0131m ve y\u00fckseklik-geni\u015flik ayarl\u0131 ayak.<\/p>\n<p>\u2713Minimum periyodik bak\u0131m-onar\u0131m<\/p>\n<p>\u271310.1\u2019\u2019 renkli dokunmatik ekran<\/p>\n<p>\u2713110m\/dk kodlama h\u0131z\u0131<\/p>\n<p>\u2713180 x 720 dpi \u00e7\u00f6z\u00fcn\u00fcrl\u00fck<\/p>\n<p>\u271372mm y\u00fckseklikte yazd\u0131rma alan\u0131<\/p>\n<p>\u2713Her t\u00fcrl\u00fc g\u00f6zenekli y\u00fczey \u00fczerine yazd\u0131rma<\/p>\n<p>\u2713UBS ve Ethernet ba\u011flant\u0131s\u0131<\/p>\n<p>\u2713Entegre alarm<\/p>\n<p>\u2713\u00c7al\u0131\u015f\u0131r halde sarf malzemesi de\u011fi\u015ftirme<\/p>\n<p>\u2713Tek control panelinden 4\u2019e kadar yaz\u0131c\u0131 kafas\u0131 control etme<\/p>\n<p>\u2713UBS Designer yaz\u0131l\u0131m\u0131 ile grafik tasar\u0131m<\/p>\n<p>\u2713Kontrol \u00dcnitesi \u00fczerinden etiket d\u00fczenleme<\/p>\n<p>\u2713%100 okunabilir GS1 uyumlu barkodlar<\/p>\n<p>\u00a0<\/p>\n<\/div>\n<\/div>\n<p>[\/vc_column_text][\/vc_column][\/vc_row][vc_row][vc_column][vc_tta_tabs active_section=\u201d1\u2033][vc_tta_section title=\u201dTeknik \u00d6zellikler\u201d tab_id=\u201d1563476307861-b554cd53-f29d\u201d][vc_column_text]<\/p>\n<div class=\"tr\">\n<div class=\"col-xs-12 col-sm-4\">\n<hr>\n<p><strong>G\u00dc\u00c7 KAYNA\u011eI<\/strong>\u00a0 \u00a0110\/240V 50-60 Hz \u2013 21 W (1 yaz\u0131c\u0131 kafas\u0131)\/ 37 W (2 yaz\u0131c\u0131 kafas\u0131)<\/p>\n<\/div>\n<\/div>\n<div class=\"tr\">\n<div class=\"col-xs-12 col-sm-4\">\n<hr>\n<p><strong>BA\u011eLANTI<\/strong>\u00a0 \u00a0STANDALONE, USB, ETHERNET<\/p>\n<\/div>\n<\/div>\n<div class=\"tr\">\n<div class=\"col-xs-12 col-sm-4\">\n<hr>\n<p><strong>Y\u00dcKSEKL\u0130K<\/strong>\u00a0 \u00a0Min.515 mm \u2013 maks. 1290mm (min. 1,7 ft \u2013 maks. 4,2 ft)<\/p>\n<\/div>\n<\/div>\n<div class=\"tr\">\n<div class=\"col-xs-12 col-sm-4\">\n<hr>\n<p><strong>\u00c7ALI\u015eMA SICAKLI\u011eI\u00a0<\/strong> \u00a0+5 C\u00ba\u2019den + 50 C\u00ba\u2019ye kadar (+41\u00baF \u2013 +122 \u00baF)<\/p>\n<\/div>\n<\/div>\n<div class=\"tr\">\n<div class=\"col-xs-12 col-sm-4\">\n<hr>\n<p><strong>NEM\u00a0<\/strong> \u00a0%5-%85 yo\u011funla\u015fmas\u0131z<\/p>\n<\/div>\n<\/div>\n<p>[\/vc_column_text][\/vc_tta_section][vc_tta_section title=\u201dSarf Malzemeleri\u201d tab_id=\u201d1563476307897-e027bd9c-1ba0\u2033][vc_column_text]<\/p>\n<div class=\"tr\">\n<div class=\"col-xs-12 col-sm-4\">\n<hr>\n<p><strong>M\u00dcREKKEP\u00a0<\/strong> \u00a0Ya\u011f bazl\u0131 %100 ya\u011f mineralsiz m\u00fcrekkep<\/p>\n<\/div>\n<\/div>\n<div class=\"tr\">\n<div class=\"col-xs-12 col-sm-4\">\n<hr>\n<p><strong>RENKLER<\/strong>\u00a0 \u00a0Siyah. Talep edilmesi halinde di\u011fer renkler.<\/p>\n<\/div>\n<\/div>\n<div class=\"tr\">\n<div class=\"col-xs-12 col-sm-4\">\n<hr>\n<p><strong>AMBALAJ<\/strong>\u00a0 \u00a01000ml ve 500ml m\u00fcrekkep \u015fi\u015fesi<\/p>\n<\/div>\n<\/div>\n<div class=\"tr\">\n<div class=\"col-xs-12 col-sm-4\">\n<hr>\n<p><strong>YAZDIRILAB\u0130L\u0130R MATERYAL<\/strong>\u00a0 \u00a0Her t\u00fcr g\u00f6zenekli y\u00fczey<\/p>\n<\/div>\n<\/div>\n<p>[\/vc_column_text][\/vc_tta_section][vc_tta_section title=\u201dYazd\u0131rma \u00d6zellikleri\u201d tab_id=\u201d1563476492223-866bf566-01bc\u201d][vc_column_text]<\/p>\n<div class=\"tr\">\n<div class=\"col-xs-12 col-sm-4\">\n<hr>\n<p><strong>Y\u00dcKSEKL\u0130K<\/strong>\u00a0 \u00a072 mm (2.83 in)<\/p>\n<\/div>\n<\/div>\n<div class=\"tr\">\n<div class=\"col-xs-12 col-sm-4\">\n<hr>\n<p><strong>DAMLA HACM\u0130<\/strong>\u00a0 \u00a035 pl<\/p>\n<\/div>\n<\/div>\n<div class=\"tr\">\n<div class=\"col-xs-12 col-sm-4\">\n<hr>\n<p><strong>HIZ<\/strong>\u00a0 \u00a0 110 m\/dk\u2019ya kadar (361 ft\/dk)<\/p>\n<\/div>\n<\/div>\n<div class=\"tr\">\n<div class=\"col-xs-12 col-sm-4\">\n<hr>\n<p><strong>\u00c7\u00d6Z\u00dcN\u00dcRL\u00dcK (D\u0130KEY\/YATAY)\u00a0<\/strong> \u00a0180 dpi\/ 720 dpi\u2019ye kadar<\/p>\n<\/div>\n<\/div>\n<div class=\"tr\">\n<div class=\"col-xs-12 col-sm-4\">\n<hr>\n<p><strong>AMBALAJ\/SN<\/strong>\u00a0 \u00a02 ambalaj\/sn\u2019ye kadar<\/p>\n<\/div>\n<\/div>\n<div class=\"tr\">\n<div class=\"col-xs-12 col-sm-4\">\n<hr>\n<p><strong>UZAKLIK (YAZCICI KAFASINDAN MATERYALE)<\/strong>\u00a0 \u00a0 Maks. 5 mm (0,2 in)<\/p>\n<\/div>\n<\/div>\n<div class=\"tr\">\n<div class=\"col-xs-12 col-sm-4\">\n<hr>\n<p><strong>BARKODLAR<\/strong>\u00a0 \u00a0 GTIN13, GTIN14, GS1 DATAMATRIX, GS1-128, CODE 39, 2\/5 ITERLEAVED, QR, PDF417, vb.<\/p>\n<\/div>\n<\/div>\n<div class=\"tr\">\n<div class=\"col-xs-12 col-sm-4\">\n<hr>\n<p><strong>DATA\u00a0<\/strong> \u00a0De\u011fi\u015fken ya da sabit metinler, form\u00fcller, logolar, g\u00f6rseller, tarihler, vb.<\/p>\n<\/div>\n<\/div>\n<div class=\"tr\">\n<div class=\"col-xs-12 col-sm-4\">\n<hr>\n<p><strong>YAZICI KAFASININ ORYANTASYONU<\/strong>\u00a0 \u00a0Standart pozisyon , 90 \u00ba a\u00e7\u0131l\u0131 ya da uzatma t\u00fcp\u00fcyle Yandan ya da \u00fcstten yazd\u0131rma<\/p>\n<\/div>\n<\/div>\n<div class=\"tr\">\n<div class=\"col-xs-12 col-sm-4\">\n<hr>\n<p><strong>OPS\u0130YON VE AKSESUARLAR<\/strong>\u00a0 \u00a0Encoder Kit, I\u015f\u0131kl\u0131 alarm, D\u00fc\u015f\u00fck s\u0131cakl\u0131k kiti<\/p>\n<\/div>\n<\/div>\n<p>[\/vc_column_text][\/vc_tta_section][vc_tta_section title=\u201dKontrol Paneli \u00d6zellikleri\u201d tab_id=\u201d1563476644321-5344c2ce-5dbb\u201d][vc_column_text]<\/p>\n<div class=\"tr\">\n<div class=\"col-xs-12 col-sm-4\">\n<hr>\n<p><strong>EKRAN<\/strong>\u00a0 \u00a010.1\u2019\u2019 renkli dokunmatik ekran<\/p>\n<\/div>\n<\/div>\n<div class=\"tr\">\n<div class=\"col-xs-12 col-sm-4\">\n<hr>\n<p><strong>YAZICI KAFASI KONTROL\u00dc\u00a0<\/strong> \u00a0Minimum 1 maksimum 4 yaz\u0131c\u0131 kafas\u0131<\/p>\n<\/div>\n<\/div>\n<div class=\"tr\">\n<div class=\"col-xs-12 col-sm-4\">\n<hr>\n<p><strong>BA\u011eLANTI<\/strong>\u00a0 \u00a0 Dispone de 1 x USB 2.0, 1 x Ethernet 10\/100\/1000<\/p>\n<\/div>\n<\/div>\n<div class=\"tr\">\n<div class=\"col-xs-12 col-sm-4\">\n<hr>\n<p><strong>ET\u0130KET TASARIM YAZILIMI<\/strong>\u00a0 \u00a0UBS Designer Lite, UBS Designer Pro<\/p>\n<\/div>\n<div class=\"col-xs-12 col-sm-8\"><\/div>\n<\/div>\n<p>[\/vc_column_text][\/vc_tta_section][\/vc_tta_tabs][\/vc_column][\/vc_row][vc_row][vc_column][vc_video link=\u201dhttps:\/\/www.youtube.com\/watch?v=GPJDawGPowY\u201d el_width=\u201d50\u2033 align=\u201dcenter\u201d][\/vc_column][\/vc_row]<\/p>\n<\/body>","protected":false},"excerpt":{"rendered":"<p>[vc_row][vc_column][vc_column_text]APLINK MRX UBS APLINK MRX Y\u00fcksek \u00c7\u00f6z\u00fcn\u00fcrl\u00fckl\u00fc Inkjet Yaz\u0131c\u0131lar G\u00f6zenekli y\u00fczeyler \u00fczerine yazd\u0131rmak i\u00e7in geli\u015ftirilmi\u015ftir. Metin, g\u00f6rsel, logo, sembol ve GS1 standartlar\u0131na uygun (GTIN13, GTIN14, G21-128, GS1, Datamatrix\u2026) %100 okunabilir 1D\/2D barkod tiplerini yazd\u0131rmak i\u00e7in geli\u015ftirildi. End\u00fcstriyel Kodlama Sistemi\u00a0direkt olarak koli ve benzeri g\u00f6zenekli ikincil ambalajlar i\u00e7in tasarland\u0131. 4. jenerasyon Piezo-Elektrik yaz\u0131c\u0131 kafa 180 x&hellip;<\/p>\n","protected":false},"author":1,"featured_media":0,"parent":0,"menu_order":20,"comment_status":"closed","ping_status":"closed","template":"","meta":{"om_disable_all_campaigns":false,"_monsterinsights_skip_tracking":false,"_monsterinsights_sitenote_active":false,"_monsterinsights_sitenote_note":"","_monsterinsights_sitenote_category":0},"class_list":["post-2094","page","type-page","status-publish","hentry","description-off"],"_links":{"self":[{"href":"https:\/\/www.turkinkjet.com\/tr\/wp-json\/wp\/v2\/pages\/2094"}],"collection":[{"href":"https:\/\/www.turkinkjet.com\/tr\/wp-json\/wp\/v2\/pages"}],"about":[{"href":"https:\/\/www.turkinkjet.com\/tr\/wp-json\/wp\/v2\/types\/page"}],"author":[{"embeddable":true,"href":"https:\/\/www.turkinkjet.com\/tr\/wp-json\/wp\/v2\/users\/1"}],"replies":[{"embeddable":true,"href":"https:\/\/www.turkinkjet.com\/tr\/wp-json\/wp\/v2\/comments?post=2094"}],"version-history":[{"count":3,"href":"https:\/\/www.turkinkjet.com\/tr\/wp-json\/wp\/v2\/pages\/2094\/revisions"}],"predecessor-version":[{"id":2213,"href":"https:\/\/www.turkinkjet.com\/tr\/wp-json\/wp\/v2\/pages\/2094\/revisions\/2213"}],"wp:attachment":[{"href":"https:\/\/www.turkinkjet.com\/tr\/wp-json\/wp\/v2\/media?parent=2094"}],"curies":[{"name":"wp","href":"https:\/\/api.w.org\/{rel}","templated":true}]}}