{"id":2055,"date":"2019-07-09T21:26:45","date_gmt":"2019-07-09T21:26:45","guid":{"rendered":"http:\/\/www.turkinkjet.com\/?page_id=2055"},"modified":"2020-04-09T21:41:43","modified_gmt":"2020-04-09T21:41:43","slug":"d02-termal-transfer-ust-baski","status":"publish","type":"page","link":"https:\/\/www.turkinkjet.com\/tr\/d02-termal-transfer-ust-baski\/","title":{"rendered":"D02 Termal Transfer \u00dcst Bask\u0131"},"content":{"rendered":"<body><p><\/p>[vc_row][vc_column width=\u201d1\/2\u2033][vc_column_text]<img decoding=\"async\" class=\"size-medium wp-image-2238 alignleft\" src=\"http:\/\/www.turkinkjet.com\/wp-content\/uploads\/2019\/07\/20150702104256-186x300.jpg\" alt=\"\" width=\"186\" height=\"300\" loading=\"lazy\" srcset=\"https:\/\/www.turkinkjet.com\/tr\/wp-content\/uploads\/2019\/07\/20150702104256-186x300.jpg 186w, https:\/\/www.turkinkjet.com\/tr\/wp-content\/uploads\/2019\/07\/20150702104256.jpg 265w\" sizes=\"(max-width: 186px) 100vw, 186px\" \/>Yaz\u0131c\u0131 Kafa: 24mm, 200dpi (8 nokta\/mm) Bask\u0131 Alan\u0131: 24mm*40mm Bask\u0131 MOdu: Fas\u0131lal\u0131 Bask\u0131 H\u0131z\u0131: Maks. 120 bask\u0131\/dakika Maks. Ribon Uzunlu\u011fu: 500 metre Maks. Ribon Eni: 25mm Aray\u00fcz: USB Power Supply: AC220V G\u00fc\u00e7:120 Watt Ortam \u00c7al\u0131\u015fma S\u0131cakl\u0131\u011f\u0131: 0 \u2013 40\u2103 \u00c7al\u0131\u015fma Ortam Nemi: %10 \u2013 %90 (Yo\u011fu\u015fmayan) Hava Gereksinimi: Gerek Yok. A\u011f\u0131rl\u0131k: Yaz\u0131c\u0131 Kafa: 4.8Kg Kontrol \u00dcnitesi: 0.4Kg Ebatlar: Yaz\u0131c\u0131 Kafa: 170mm*165mm*160mm Kontrol \u00dcnitesi: 170mm*25mm*115mm[\/vc_column_text][\/vc_column][vc_column width=\u201d1\/2\u2033][vc_video link=\u201dhttps:\/\/www.youtube.com\/watch?v=JvGG0Qatu8k\u201d][\/vc_column][\/vc_row][vc_row][vc_column][vc_tta_tabs][vc_tta_section title=\u201d\u00d6zellikler\u201d tab_id=\u201d1563484850800-98de4940-f00d\u201d][vc_column_text]Yaz\u0131c\u0131 Kafa: 24mm, 200dpi (8 nokta\/mm) Bask\u0131 Alan\u0131: 24mm*40mm Bask\u0131 Modu: Fas\u0131lal\u0131 Bask\u0131 H\u0131z\u0131: Maks. 120 bask\u0131\/dakika Maks. Ribon Uzunlu\u011fu: 500 metre. Maks. Ribon Eni: 25mm Aray\u00fcz: USB Power Supply: AC220V G\u00fc\u00e7: 120 Watt \u00c7al\u0131\u015fma Ortam S\u0131cakl\u0131\u011f\u0131: 0-40 \u2103 \u00c7al\u0131\u015fma Ortam Nemi: %10 \u2013 %90 (Yo\u011fu\u015fmayan) Hava Gereksinimi: Gerek Yok. A\u011f\u0131rl\u0131k: Yaz\u0131c\u0131 Kafa: 4.8Kg Kontrol \u00dcnitesi: 0.4Kg Ebatlar:Yaz\u0131c\u0131 Kafa: 170mm*165mm*160mm Kontrol \u00dcnitesi: 170mm*25mm*115mm[\/vc_column_text][\/vc_tta_section][vc_tta_section title=\u201d\u00dcr\u00fcn \u00d6zellikleri\u201d tab_id=\u201d1563484850825-b8899f49-c7e9\u2033][vc_column_text][\/vc_column_text][\/vc_tta_section][\/vc_tta_tabs][\/vc_column][\/vc_row]\n<\/body>","protected":false},"excerpt":{"rendered":"<p>[vc_row][vc_column width=\u201d1\/2\u2033][vc_column_text]Yaz\u0131c\u0131 Kafa: 24mm, 200dpi (8 nokta\/mm) Bask\u0131 Alan\u0131: 24mm*40mm Bask\u0131 MOdu: Fas\u0131lal\u0131 Bask\u0131 H\u0131z\u0131: Maks. 120 bask\u0131\/dakika Maks. Ribon Uzunlu\u011fu: 500 metre Maks. Ribon Eni: 25mm Aray\u00fcz: USB Power Supply: AC220V G\u00fc\u00e7:120 Watt Ortam \u00c7al\u0131\u015fma S\u0131cakl\u0131\u011f\u0131: 0 \u2013 40\u2103 \u00c7al\u0131\u015fma Ortam Nemi: %10 \u2013 %90 (Yo\u011fu\u015fmayan) Hava Gereksinimi: Gerek Yok. A\u011f\u0131rl\u0131k: Yaz\u0131c\u0131 Kafa: 4.8Kg&hellip;<\/p>\n","protected":false},"author":1,"featured_media":0,"parent":0,"menu_order":20,"comment_status":"closed","ping_status":"closed","template":"","meta":{"om_disable_all_campaigns":false,"_monsterinsights_skip_tracking":false,"_monsterinsights_sitenote_active":false,"_monsterinsights_sitenote_note":"","_monsterinsights_sitenote_category":0},"class_list":["post-2055","page","type-page","status-publish","hentry","description-off"],"_links":{"self":[{"href":"https:\/\/www.turkinkjet.com\/tr\/wp-json\/wp\/v2\/pages\/2055"}],"collection":[{"href":"https:\/\/www.turkinkjet.com\/tr\/wp-json\/wp\/v2\/pages"}],"about":[{"href":"https:\/\/www.turkinkjet.com\/tr\/wp-json\/wp\/v2\/types\/page"}],"author":[{"embeddable":true,"href":"https:\/\/www.turkinkjet.com\/tr\/wp-json\/wp\/v2\/users\/1"}],"replies":[{"embeddable":true,"href":"https:\/\/www.turkinkjet.com\/tr\/wp-json\/wp\/v2\/comments?post=2055"}],"version-history":[{"count":7,"href":"https:\/\/www.turkinkjet.com\/tr\/wp-json\/wp\/v2\/pages\/2055\/revisions"}],"predecessor-version":[{"id":3139,"href":"https:\/\/www.turkinkjet.com\/tr\/wp-json\/wp\/v2\/pages\/2055\/revisions\/3139"}],"wp:attachment":[{"href":"https:\/\/www.turkinkjet.com\/tr\/wp-json\/wp\/v2\/media?parent=2055"}],"curies":[{"name":"wp","href":"https:\/\/api.w.org\/{rel}","templated":true}]}}