{"id":2051,"date":"2019-07-09T21:22:43","date_gmt":"2019-07-09T21:22:43","guid":{"rendered":"http:\/\/www.turkinkjet.com\/?page_id=2051"},"modified":"2020-04-09T21:29:07","modified_gmt":"2020-04-09T21:29:07","slug":"d01-termal-transfer-ust-baski","status":"publish","type":"page","link":"https:\/\/www.turkinkjet.com\/tr\/d01-termal-transfer-ust-baski\/","title":{"rendered":"D01 Termal Transfer \u00dcst Bask\u0131"},"content":{"rendered":"<body><p><\/p>[vc_row][vc_column][vc_empty_space][\/vc_column][\/vc_row][vc_row][vc_column width=\u201d1\/2\u2033][vc_column_text]<img decoding=\"async\" class=\"size-medium wp-image-2246 alignleft\" src=\"http:\/\/www.turkinkjet.com\/wp-content\/uploads\/2019\/07\/D1-300x200.jpg\" alt=\"\" width=\"300\" height=\"200\" loading=\"lazy\" srcset=\"https:\/\/www.turkinkjet.com\/tr\/wp-content\/uploads\/2019\/07\/D1-300x200.jpg 300w, https:\/\/www.turkinkjet.com\/tr\/wp-content\/uploads\/2019\/07\/D1-768x512.jpg 768w, https:\/\/www.turkinkjet.com\/tr\/wp-content\/uploads\/2019\/07\/D1.jpg 1000w\" sizes=\"(max-width: 300px) 100vw, 300px\" \/>\n<table style=\"height: 436px;\" border=\"0\" width=\"500\" cellspacing=\"0\" cellpadding=\"0\">\n<tbody>\n<tr>\n<td width=\"210\">Yaz\u0131c\u0131 Kafa<\/td>\n<td width=\"418\">\n<div>\u00a032mm \u2013 300dpi<\/div>\n<\/td>\n<\/tr>\n<tr>\n<td valign=\"top\" width=\"210\">Bask\u0131 Alan\u0131<\/td>\n<td valign=\"top\" width=\"418\">\n<div>\u00a0Fas\u0131lal\u0131 Formda 32mm \u00d7 40mm (W*L)<\/div>\n<div>\u00a0S\u00fcrekli Formda 32mm \u00d7 60mm (W*L)<\/div>\n<\/td>\n<\/tr>\n<tr>\n<td width=\"210\">\n<div>Ribon Uzunlu\u011fu (max.)<\/div>\n<\/td>\n<td width=\"418\">\n<div>\u00a0500 metre<\/div>\n<\/td>\n<\/tr>\n<tr>\n<td width=\"210\">\n<div>Ribon Eni<\/div>\n<\/td>\n<td width=\"418\">\n<div>\u00a025mm \u2013 33mm<\/div>\n<\/td>\n<\/tr>\n<tr>\n<td width=\"210\">Bask\u0131 H\u0131z\u0131<\/td>\n<td width=\"418\">\n<div>\u00a0\u2264 30 metre\/dakika\uff08S\u00fcrekli\uff09<\/div>\n<\/td>\n<\/tr>\n<tr>\n<td width=\"210\">\n<div><strong>\u00a0<\/strong><\/div>\n<\/td>\n<td width=\"418\">\n<div>\u00a0\u2264300 bask\u0131\/dakika\uff08Fas\u0131lal\u0131\uff09<\/div>\n<\/td>\n<\/tr>\n<tr>\n<td width=\"210\">Desteklenen Alan Tipleri<\/td>\n<td width=\"418\">\n<div>\u00a0Ger\u00e7ek zaman, tarih, de\u011fi\u015fken bilgi, grafik,\u00a0 \u00a0resim, yaz\u0131 ve barkod, QR kod vs.<\/div>\n<\/td>\n<\/tr>\n<tr>\n<td width=\"210\">\n<div>Haberle\u015fme Aray\u00fcz\u00fc<\/div>\n<\/td>\n<td width=\"418\">\n<div>\u00a0USB<\/div>\n<\/td>\n<\/tr>\n<tr>\n<td width=\"210\">\n<div>Elektrik Gereksinimi<\/div>\n<\/td>\n<td width=\"418\">\n<div>\u00a0AC 110 ~ 230V\uff0c3A\/2A\uff0c50\/60 Hz<\/div>\n<\/td>\n<\/tr>\n<tr>\n<td width=\"210\">G\u00fc\u00e7<\/td>\n<td width=\"418\">\n<div>\u00a0150 Watt<\/div>\n<\/td>\n<\/tr>\n<tr>\n<td width=\"210\">\u00c7al\u0131\u015fma Ortam\u0131 Is\u0131s\u0131<\/td>\n<td width=\"418\">\n<div>\u00a00 \u2013 40 \u2103<\/div>\n<\/td>\n<\/tr>\n<tr>\n<td width=\"210\">\u00c7al\u0131\u015fma Ortam Nemi<\/td>\n<td width=\"418\">\n<div>\u00a0%10 \u2013 %95<\/div>\n<\/td>\n<\/tr>\n<tr>\n<td width=\"210\">Hava Gereksinimi<\/td>\n<td width=\"418\">\n<div>\u00a06 \/ 90 psi \uff08makismum) kuru, temiz hava<\/div>\n<\/td>\n<\/tr>\n<tr>\n<td width=\"210\">A\u011f\u0131rl\u0131k<\/td>\n<td width=\"418\">\n<div>\u00a0Yaz\u0131c\u0131 Kafa 8.5 Kg, Kontrol Kutusu 2 kg<\/div>\n<\/td>\n<\/tr>\n<tr>\n<td width=\"210\">Ebatlar<\/td>\n<td width=\"418\">\n<div>\u00a0Yaz\u0131c\u0131 Kafa 188mm\u00d7190mm\u00d7180mm (L\u00d7W\u00d7H)<\/div>\n<\/td>\n<\/tr>\n<tr>\n<td width=\"210\">\n<div><\/div>\n<\/td>\n<td width=\"418\">\n<div>\u00a0Kontrol Kutusu 210mm\u00d7180mm\u00d7155mm (L\u00d7W\u00d7H)<\/div>\n<\/td>\n<\/tr>\n<\/tbody>\n<\/table>\n<p>[\/vc_column_text][\/vc_column][vc_column width=\u201d1\/2\u2033][vc_video link=\u201dhttps:\/\/www.youtube.com\/watch?v=8aMUFsb1E0I\u201d][\/vc_column][\/vc_row]<\/p>\n<\/body>","protected":false},"excerpt":{"rendered":"<p>[vc_row][vc_column][vc_empty_space][\/vc_column][\/vc_row][vc_row][vc_column width=\u201d1\/2\u2033][vc_column_text] Yaz\u0131c\u0131 Kafa \u00a032mm \u2013 300dpi Bask\u0131 Alan\u0131 \u00a0Fas\u0131lal\u0131 Formda 32mm \u00d7 40mm (W*L) \u00a0S\u00fcrekli Formda 32mm \u00d7 60mm (W*L) Ribon Uzunlu\u011fu (max.) \u00a0500 metre Ribon Eni \u00a025mm \u2013 33mm Bask\u0131 H\u0131z\u0131 \u00a0\u2264 30 metre\/dakika\uff08S\u00fcrekli\uff09 \u00a0 \u00a0\u2264300 bask\u0131\/dakika\uff08Fas\u0131lal\u0131\uff09 Desteklenen Alan Tipleri \u00a0Ger\u00e7ek zaman, tarih, de\u011fi\u015fken bilgi, grafik,\u00a0 \u00a0resim, yaz\u0131 ve barkod, QR kod vs.&hellip;<\/p>\n","protected":false},"author":1,"featured_media":0,"parent":0,"menu_order":20,"comment_status":"closed","ping_status":"closed","template":"","meta":{"om_disable_all_campaigns":false,"_monsterinsights_skip_tracking":false,"_monsterinsights_sitenote_active":false,"_monsterinsights_sitenote_note":"","_monsterinsights_sitenote_category":0},"class_list":["post-2051","page","type-page","status-publish","hentry","description-off"],"_links":{"self":[{"href":"https:\/\/www.turkinkjet.com\/tr\/wp-json\/wp\/v2\/pages\/2051"}],"collection":[{"href":"https:\/\/www.turkinkjet.com\/tr\/wp-json\/wp\/v2\/pages"}],"about":[{"href":"https:\/\/www.turkinkjet.com\/tr\/wp-json\/wp\/v2\/types\/page"}],"author":[{"embeddable":true,"href":"https:\/\/www.turkinkjet.com\/tr\/wp-json\/wp\/v2\/users\/1"}],"replies":[{"embeddable":true,"href":"https:\/\/www.turkinkjet.com\/tr\/wp-json\/wp\/v2\/comments?post=2051"}],"version-history":[{"count":11,"href":"https:\/\/www.turkinkjet.com\/tr\/wp-json\/wp\/v2\/pages\/2051\/revisions"}],"predecessor-version":[{"id":3137,"href":"https:\/\/www.turkinkjet.com\/tr\/wp-json\/wp\/v2\/pages\/2051\/revisions\/3137"}],"wp:attachment":[{"href":"https:\/\/www.turkinkjet.com\/tr\/wp-json\/wp\/v2\/media?parent=2051"}],"curies":[{"name":"wp","href":"https:\/\/api.w.org\/{rel}","templated":true}]}}