{"id":2043,"date":"2019-07-09T21:20:18","date_gmt":"2019-07-09T21:20:18","guid":{"rendered":"http:\/\/www.turkinkjet.com\/?page_id=2043"},"modified":"2020-04-09T20:43:44","modified_gmt":"2020-04-09T20:43:44","slug":"e18","status":"publish","type":"page","link":"https:\/\/www.turkinkjet.com\/tr\/e18\/","title":{"rendered":"E18+"},"content":{"rendered":"<body><p><\/p>[vc_row][vc_column][vc_empty_space][\/vc_column][\/vc_row][vc_row][vc_column][vc_column_text]<img decoding=\"async\" class=\"wp-image-2203 size-full alignleft\" src=\"http:\/\/www.turkinkjet.com\/wp-content\/uploads\/2019\/07\/427.jpg\" alt=\"\" width=\"144\" height=\"192\" loading=\"lazy\"><strong><span class=\"xr_tl Normal_text xr_s15\">E18+\u00a0 Y\u00fcksek \u00c7\u00f6z\u00fcn\u00fcrl\u00fckl\u00fc (HiRes) olduk\u00e7a yayg\u0131n ve iyi bilinen Xaar yaz\u0131c\u0131 kafa teknolojisine sahip 18mm bask\u0131 y\u00fcksekli\u011finde bask\u0131 yapabilen \u00e7ok ama\u00e7l\u0131 bir yaz\u0131c\u0131d\u0131r. <\/span><\/strong>\n<p><strong><span class=\"xr_tl Normal_text xr_s15\">1mm bask\u0131 y\u00fcksekli\u011fi ile 16 sat\u0131r yaz\u0131y\u0131 1 ile 90 metre \/ dakika hat h\u0131zlar\u0131nda yazabilir. <\/span><\/strong><\/p>\n<p><strong><span class=\"xr_tl Normal_text xr_s15\">Her t\u00fcrl\u00fc y\u00fczeyde hem solvent hemde ya\u011f bazl\u0131 farkl\u0131 tip m\u00fcrekkepleri ile hibrid yap\u0131da bask\u0131 imkan\u0131 sunan bir cihaz olup Latin alfabesinin yan\u0131 s\u0131ra, \u00c7ince, Arap\u00e7a, Kril alfabesi ile yaz\u0131 yazabilen, barkod, karekod basabilen, logo ve grafik \u00e7izebilen ve her t\u00fcrl\u00fc end\u00fcstriyel ortamda bask\u0131 \u00e7\u00f6z\u00fcm\u00fc \u00fcretebilen bir end\u00fcstriyel ink-jet yaz\u0131c\u0131d\u0131r.\u00a0<\/span><\/strong>[\/vc_column_text][\/vc_column][\/vc_row]<\/p>\n<\/body>","protected":false},"excerpt":{"rendered":"<p>[vc_row][vc_column][vc_empty_space][\/vc_column][\/vc_row][vc_row][vc_column][vc_column_text]E18+\u00a0 Y\u00fcksek \u00c7\u00f6z\u00fcn\u00fcrl\u00fckl\u00fc (HiRes) olduk\u00e7a yayg\u0131n ve iyi bilinen Xaar yaz\u0131c\u0131 kafa teknolojisine sahip 18mm bask\u0131 y\u00fcksekli\u011finde bask\u0131 yapabilen \u00e7ok ama\u00e7l\u0131 bir yaz\u0131c\u0131d\u0131r. 1mm bask\u0131 y\u00fcksekli\u011fi ile 16 sat\u0131r yaz\u0131y\u0131 1 ile 90 metre \/ dakika hat h\u0131zlar\u0131nda yazabilir. Her t\u00fcrl\u00fc y\u00fczeyde hem solvent hemde ya\u011f bazl\u0131 farkl\u0131 tip m\u00fcrekkepleri ile hibrid yap\u0131da bask\u0131 imkan\u0131&hellip;<\/p>\n","protected":false},"author":1,"featured_media":0,"parent":0,"menu_order":20,"comment_status":"closed","ping_status":"closed","template":"","meta":{"om_disable_all_campaigns":false,"_monsterinsights_skip_tracking":false,"_monsterinsights_sitenote_active":false,"_monsterinsights_sitenote_note":"","_monsterinsights_sitenote_category":0},"class_list":["post-2043","page","type-page","status-publish","hentry","description-off"],"_links":{"self":[{"href":"https:\/\/www.turkinkjet.com\/tr\/wp-json\/wp\/v2\/pages\/2043"}],"collection":[{"href":"https:\/\/www.turkinkjet.com\/tr\/wp-json\/wp\/v2\/pages"}],"about":[{"href":"https:\/\/www.turkinkjet.com\/tr\/wp-json\/wp\/v2\/types\/page"}],"author":[{"embeddable":true,"href":"https:\/\/www.turkinkjet.com\/tr\/wp-json\/wp\/v2\/users\/1"}],"replies":[{"embeddable":true,"href":"https:\/\/www.turkinkjet.com\/tr\/wp-json\/wp\/v2\/comments?post=2043"}],"version-history":[{"count":7,"href":"https:\/\/www.turkinkjet.com\/tr\/wp-json\/wp\/v2\/pages\/2043\/revisions"}],"predecessor-version":[{"id":3132,"href":"https:\/\/www.turkinkjet.com\/tr\/wp-json\/wp\/v2\/pages\/2043\/revisions\/3132"}],"wp:attachment":[{"href":"https:\/\/www.turkinkjet.com\/tr\/wp-json\/wp\/v2\/media?parent=2043"}],"curies":[{"name":"wp","href":"https:\/\/api.w.org\/{rel}","templated":true}]}}