{"id":2027,"date":"2019-07-09T21:09:24","date_gmt":"2019-07-09T21:09:24","guid":{"rendered":"http:\/\/www.turkinkjet.com\/?page_id=2027"},"modified":"2020-01-06T10:47:23","modified_gmt":"2020-01-06T10:47:23","slug":"hakkimizda","status":"publish","type":"page","link":"https:\/\/www.turkinkjet.com\/tr\/hakkimizda\/","title":{"rendered":"Hakk\u0131m\u0131zda"},"content":{"rendered":"<body><p>[vc_row][vc_column][vc_column_text]T\u00fcrkinkjet olarak, 1998\u2019den beri s\u00fcre gelen sekt\u00f6rel deneyimimiz ve \u00fcretim tesislerindeki hemen hemen t\u00fcm end\u00fcstriyel teknolojilerle ilgili olan bilgi seviyemiz ve olu\u015fabilecek problemlere ait tecr\u00fcbemiz, olas\u0131 \u00f6ng\u00f6r\u00fclerimiz ve teknik hakimiyetimiz ile gerek k\u00fc\u00e7\u00fck, orta ve b\u00fcy\u00fck \u00f6l\u00e7ekli yerli, ve gerekse kendini d\u00fcnya \u00e7ap\u0131nda kan\u0131tlam\u0131\u015f \u00e7ok uluslu \u00fcretici firmalar\u0131n markalama ihtiya\u00e7lar\u0131na y\u00f6nelik en ekonomik \u00e7\u00f6z\u00fcmleri olu\u015fturuyoruz. Dinamik ve s\u00fcrekli geli\u015fim mant\u0131\u011f\u0131 ile \u00e7al\u0131\u015fan bir kurum olman\u0131n avantaj\u0131n\u0131, sizlere sundu\u011fumuz \u00fcr\u00fcnlerle de birle\u015ftirerek hatt\u0131n\u0131z\u0131n belki de de\u011fi\u015fmeyecek tek gereklili\u011fi olan end\u00fcstriyel kodlamay\u0131 sizler i\u00e7in kolayl\u0131kla ve dakikalar i\u00e7inde uygulanabilir bir ad\u0131m haline getiriyoruz.<\/p>\n<p>Bizi \u00f6ne \u00e7\u0131karan ve taleplerini ald\u0131\u011f\u0131m\u0131z ve ilk g\u00fcnden itibaren makinalar\u0131n\u0131 kurdu\u011fumuz mevcut m\u00fc\u015fterilerimiz taraf\u0131ndan tercih sebebi olmam\u0131z\u0131 sa\u011flayan ba\u015fl\u0131ca \u00f6zelliklerimiz:<\/p>\n<p><strong>DE\u011eERLER\u0130M\u0130Z<\/strong><\/p>\n<p>\u2713Her \u00fcretim hatt\u0131n\u0131n farkl\u0131 kodlama gereksinimlerine y\u00f6nelik, g\u00fcncel bilgi ve mevcut tecr\u00fcbemiz ile en zor ortamlarda bile en ekonomik \u00e7\u00f6z\u00fcmleri olu\u015fturabilmemiz.<\/p>\n<p>\u2713Uzman pazarlama ekibimizin servis k\u00f6kenli bak\u0131\u015f a\u00e7\u0131s\u0131 ile \u00f6nerece\u011fi makinaya hakim olmas\u0131, b\u00f6ylelikle \u00fcretim hatt\u0131n\u0131z\u0131 ilk seferde, zaman\u0131nda ve do\u011fru sistemlerle bulu\u015fturmas\u0131.<\/p>\n<p>\u2713Uzman teknik ve s\u00fcrekli g\u00fcncel servis k\u00f6kenli alt yap\u0131m\u0131z sayesinde i\u015fletme maliyetlerinizi en ekonomik seviyeye \u00e7ekmenizi sa\u011flayacak bilgiye tam anlam\u0131yla vak\u0131f olu\u015fumuz.<\/p>\n<p>\u2713Teknik a\u00e7\u0131dan son derece g\u00fcvenilir ve sizi kesinlikle yar\u0131 yolda b\u0131rakmayacak markalarla i\u015fbirli\u011fi i\u00e7inde olmam\u0131z.<\/p>\n<p>\u2713\u00dcretiminiz 7\/24 faaliyet halinde iken olas\u0131 bir ihtiya\u00e7 halinde teknik servisimize e\u015fzamanl\u0131 olarak T\u00fcrkiye\u2019nin her b\u00f6lgesinden ula\u015fabilmenizdir.<\/p>\n<p>Bize duydu\u011funuz g\u00fcvenden ald\u0131\u011f\u0131m\u0131z g\u00fc\u00e7le, portf\u00f6y\u00fcm\u00fcze her ge\u00e7en g\u00fcn yeni sistemler ekleyerek global bir firma olma yolumuzda h\u0131zla ilerliyoruz.<\/p>\n<p><strong>V\u0130ZYONUMUZ:<\/strong><\/p>\n<p>T\u00fcrkinkjet olarak;<\/p>\n<p>\u2713M\u00fc\u015fterilerimizi fiyat performans uyumunu \u00f6n planda tutan y\u00fcksek kaliteli ve ekonomik \u00e7\u00f6z\u00fcmlerle bulu\u015fturmak<\/p>\n<p>\u2713Sekt\u00f6r\u00fcn ihtiya\u00e7lar\u0131n\u0131 \u00f6ng\u00f6rerek portf\u00f6y\u00fcm\u00fcze uygun \u00e7\u00f6z\u00fcmleri katmak<\/p>\n<p>\u2713Global olarak g\u00fcvenilirli\u011fini kan\u0131tlam\u0131\u015f markalar\u0131 gerek yurt i\u00e7i ve gerekse yurt d\u0131\u015f\u0131 m\u00fc\u015fterilerimizle bir araya getirmek<\/p>\n<p>\u2713End\u00fcstriyel kodlama sekt\u00f6r\u00fcn\u00fcn pazar lideri \u00e7\u00f6z\u00fcm orta\u011f\u0131 haline gelerek kurumlar\u0131n markalama ihtiya\u00e7lar\u0131na entegre \u00e7\u00f6z\u00fcmler sunmak.<\/p>\n<p><strong>M\u0130SYONUMUZ:<\/strong><\/p>\n<p>\u2713 En iyi \u00e7\u00f6z\u00fcm\u00fc sunan ileri teknoloji \u00fcr\u00fcnleri bulmak, takip etmek veya \u00fcretmek.<\/p>\n<p>\u2713 Kalite standartlar\u0131n\u0131 belirleyen, sekt\u00f6r ve end\u00fcstrinin lideri olmak.[\/vc_column_text][\/vc_column][\/vc_row]<\/p>\n<\/body>","protected":false},"excerpt":{"rendered":"<p>[vc_row][vc_column][vc_column_text]T\u00fcrkinkjet olarak, 1998\u2019den beri s\u00fcre gelen sekt\u00f6rel deneyimimiz ve \u00fcretim tesislerindeki hemen hemen t\u00fcm end\u00fcstriyel teknolojilerle ilgili olan bilgi seviyemiz ve olu\u015fabilecek problemlere ait tecr\u00fcbemiz, olas\u0131 \u00f6ng\u00f6r\u00fclerimiz ve teknik hakimiyetimiz ile gerek k\u00fc\u00e7\u00fck, orta ve b\u00fcy\u00fck \u00f6l\u00e7ekli yerli, ve gerekse kendini d\u00fcnya \u00e7ap\u0131nda kan\u0131tlam\u0131\u015f \u00e7ok uluslu \u00fcretici firmalar\u0131n markalama ihtiya\u00e7lar\u0131na y\u00f6nelik en ekonomik \u00e7\u00f6z\u00fcmleri olu\u015fturuyoruz.&hellip;<\/p>\n","protected":false},"author":1,"featured_media":0,"parent":0,"menu_order":20,"comment_status":"closed","ping_status":"closed","template":"","meta":{"om_disable_all_campaigns":false,"_monsterinsights_skip_tracking":false,"_monsterinsights_sitenote_active":false,"_monsterinsights_sitenote_note":"","_monsterinsights_sitenote_category":0},"class_list":["post-2027","page","type-page","status-publish","hentry","description-off"],"_links":{"self":[{"href":"https:\/\/www.turkinkjet.com\/tr\/wp-json\/wp\/v2\/pages\/2027"}],"collection":[{"href":"https:\/\/www.turkinkjet.com\/tr\/wp-json\/wp\/v2\/pages"}],"about":[{"href":"https:\/\/www.turkinkjet.com\/tr\/wp-json\/wp\/v2\/types\/page"}],"author":[{"embeddable":true,"href":"https:\/\/www.turkinkjet.com\/tr\/wp-json\/wp\/v2\/users\/1"}],"replies":[{"embeddable":true,"href":"https:\/\/www.turkinkjet.com\/tr\/wp-json\/wp\/v2\/comments?post=2027"}],"version-history":[{"count":7,"href":"https:\/\/www.turkinkjet.com\/tr\/wp-json\/wp\/v2\/pages\/2027\/revisions"}],"predecessor-version":[{"id":2432,"href":"https:\/\/www.turkinkjet.com\/tr\/wp-json\/wp\/v2\/pages\/2027\/revisions\/2432"}],"wp:attachment":[{"href":"https:\/\/www.turkinkjet.com\/tr\/wp-json\/wp\/v2\/media?parent=2027"}],"curies":[{"name":"wp","href":"https:\/\/api.w.org\/{rel}","templated":true}]}}